{"id":7271,"date":"2025-01-22T08:34:11","date_gmt":"2025-01-22T06:34:11","guid":{"rendered":"https:\/\/fotografiska.ee\/?page_id=7271"},"modified":"2025-01-23T20:21:01","modified_gmt":"2025-01-23T18:21:01","slug":"lembit-peegel-spordileht-ru","status":"publish","type":"page","link":"https:\/\/www.fotografiska.ee\/sv\/lembit-peegel-spordileht-ru\/","title":{"rendered":"Lembit Peegel Spordileht Ru"},"content":{"rendered":"<p>\u0422\u0438\u0439\u0442 \u041a\u0430\u0440\u0443\u043a\u0441, \u0432 1982\u20131991 \u0433\u0433. \u043a\u043e\u0440\u0440\u0435\u0441\u043f\u043e\u043d\u0434\u0435\u043d\u0442 \u0433\u0430\u0437\u0435\u0442\u044b Spordileht (\u00ab\u0421\u043f\u043e\u0440\u0442\u0438\u0432\u043d\u044b\u0439 \u043b\u0438\u0441\u0442\u043e\u043a\u00bb), \u0432\u0441\u043f\u043e\u043c\u0438\u043d\u0430\u0435\u0442:&nbsp;<\/p>\n\n\n\n<p>\u00ab\u0413\u0430\u0437\u0435\u0442\u0430 Spordileht \u0432\u044b\u0445\u043e\u0434\u0438\u043b\u0430 \u0441 1958 \u043f\u043e 1993 \u0433\u043e\u0434. \u041e\u043d\u0430 \u043f\u043e\u043b\u044c\u0437\u043e\u0432\u0430\u043b\u0430\u0441\u044c \u043f\u043e\u043f\u0443\u043b\u044f\u0440\u043d\u043e\u0441\u0442\u044c\u044e: \u0432 \u043b\u0443\u0447\u0448\u0438\u0435 \u0432\u0440\u0435\u043c\u0435\u043d\u0430 \u0442\u0438\u0440\u0430\u0436 \u0434\u043e\u0441\u0442\u0438\u0433\u0430\u043b 70\u202f000 \u044d\u043a\u0437\u0435\u043c\u043f\u043b\u044f\u0440\u043e\u0432. \u0421 1958 \u043f\u043e 1966 \u0433\u043e\u0434 Spordileht \u0432\u044b\u0445\u043e\u0434\u0438\u043b\u0430 \u043f\u043e \u043f\u043e\u043d\u0435\u0434\u0435\u043b\u044c\u043d\u0438\u043a\u0430\u043c \u0438 \u043f\u044f\u0442\u043d\u0438\u0446\u0430\u043c, \u0430 \u0441 1966 \u0433\u043e\u0434\u0430 \u2014 \u0435\u0449\u0435 \u0438 \u043f\u043e \u0441\u0440\u0435\u0434\u0430\u043c. \u0413\u0430\u0437\u0435\u0442\u0443 \u0436\u0434\u0430\u043b\u0438 \u0438 \u0447\u0438\u0442\u0430\u043b\u0438 \u0441 \u0438\u043d\u0442\u0435\u0440\u0435\u0441\u043e\u043c, \u0432 \u043a\u0438\u043e\u0441\u043a\u0430\u0445 \u0437\u0430 \u043d\u0435\u0439 \u0434\u0430\u0436\u0435 \u0432\u044b\u0441\u0442\u0440\u0430\u0438\u0432\u0430\u043b\u0438\u0441\u044c \u043e\u0447\u0435\u0440\u0435\u0434\u0438 (\u043e\u043d\u0430 \u043f\u043e\u0441\u0442\u0443\u043f\u0430\u043b\u0430 \u0432 \u043f\u0440\u043e\u0434\u0430\u0436\u0443 \u0432\u043e \u0432\u0442\u043e\u0440\u043e\u0439 \u043f\u043e\u043b\u043e\u0432\u0438\u043d\u0435 \u0434\u043d\u044f). \u041a \u0441\u043b\u043e\u0432\u0443, \u0432 \u0434\u043d\u0438 \u041e\u043b\u0438\u043c\u043f\u0438\u0439\u0441\u043a\u0438\u0445 \u0438\u0433\u0440 \u0432 \u0421\u0435\u0443\u043b\u0435 Spordileht \u0432\u044b\u0445\u043e\u0434\u0438\u043b\u0430 \u0446\u0435\u043b\u044b\u0445 \u0448\u0435\u0441\u0442\u044c \u0440\u0430\u0437 \u0432 \u043d\u0435\u0434\u0435\u043b\u044e.&nbsp;<\/p>\n\n\n\n<p>\u0414\u0430, \u0432 \u0441\u043e\u0432\u0435\u0442\u0441\u043a\u043e\u0435 \u0432\u0440\u0435\u043c\u044f \u0431\u0434\u0438\u0442\u0435\u043b\u044c\u043d\u043e\u0435 \u043e\u043a\u043e \u0432\u043b\u0430\u0441\u0442\u0435\u0439 \u043f\u0440\u0438\u0441\u0442\u0430\u043b\u044c\u043d\u043e \u0441\u043b\u0435\u0434\u0438\u043b\u043e \u0437\u0430 \u043f\u0440\u0435\u0441\u0441\u043e\u0439, \u0438 \u0434\u0430\u0432\u043b\u0435\u043d\u0438\u0435 \u0441 \u0440\u0430\u0437\u043d\u044b\u0445 \u0441\u0442\u043e\u0440\u043e\u043d (\u0426\u041a \u041a\u043e\u043c\u043f\u0430\u0440\u0442\u0438\u0438 \u042d\u0441\u0442\u043e\u043d\u0438\u0438, \u0421\u043f\u043e\u0440\u0442\u0438\u0432\u043d\u044b\u0439 \u043a\u043e\u043c\u0438\u0442\u0435\u0442 \u042d\u0421\u0421\u0420) \u043e\u0449\u0443\u0449\u0430\u043b\u043e\u0441\u044c \u0438 \u0432 \u043f\u0435\u0440\u0438\u043e\u0434 \u043c\u043e\u0435\u0439 \u0440\u0430\u0431\u043e\u0442\u044b \u0432 Spordileht \u2014 \u043d\u043e \u043d\u0438\u0447\u0435\u0433\u043e \u0438\u0437 \u0440\u044f\u0434\u0430 \u0432\u043e\u043d \u0432\u044b\u0445\u043e\u0434\u044f\u0449\u0435\u0433\u043e \u043d\u0435 \u043f\u0440\u043e\u0438\u0441\u0445\u043e\u0434\u0438\u043b\u043e. \u0414\u0430\u0432\u043b\u0435\u043d\u0438\u0435 \u043d\u0430 \u0435\u0436\u0435\u0434\u043d\u0435\u0432\u043d\u044b\u0435 \u0433\u0430\u0437\u0435\u0442\u044b (Noorte H\u00e4\u00e4l, Rahva H\u00e4\u00e4l) \u0431\u044b\u043b\u043e \u0432\u043e \u043c\u043d\u043e\u0433\u043e \u0440\u0430\u0437 \u0441\u0438\u043b\u044c\u043d\u0435\u0435. \u0412 \u043e\u0442\u043b\u0438\u0447\u0438\u0435 \u043e\u0442 \u0434\u0440\u0443\u0433\u0438\u0445 \u043e\u0431\u043b\u0430\u0441\u0442\u0435\u0439, \u0432 \u0441\u043f\u043e\u0440\u0442\u0435 \u0432\u0441\u0435 \u043e\u0447\u0435\u043d\u044c \u043a\u043e\u043d\u043a\u0440\u0435\u0442\u043d\u043e \u0438 \u043e\u0431\u044a\u0435\u043a\u0442\u0438\u0432\u043d\u043e, \u0438 \u043c\u044b, \u043a\u0430\u043a \u043c\u043e\u0433\u043b\u0438, \u044d\u0442\u0438\u043c \u043f\u043e\u043b\u044c\u0437\u043e\u0432\u0430\u043b\u0438\u0441\u044c. \u0412 \u0441\u043e\u0437\u0434\u0430\u043d\u0438\u0435 \u0433\u0430\u0437\u0435\u0442\u044b \u043c\u044b \u0432\u043a\u043b\u0430\u0434\u044b\u0432\u0430\u043b\u0438 \u0432\u0441\u0435 \u0441\u0432\u043e\u0438 \u0437\u043d\u0430\u043d\u0438\u044f \u0438 \u0443\u043c\u0435\u043d\u0438\u044f.&nbsp;<\/p>\n\n\n\n<p>Spordileht \u0434\u0430\u043b\u0430 \u043c\u043d\u0435, \u043a\u0430\u043a \u0438 \u041b\u0435\u043c\u0431\u0438\u0442\u0443 \u041f\u0435\u044d\u0433\u0435\u043b\u044e, \u043c\u043e\u0449\u043d\u044b\u0439 \u0442\u043e\u043b\u0447\u043e\u043a \u043a \u0440\u0430\u0437\u0432\u0438\u0442\u0438\u044e. \u0412 \u0433\u043e\u0434\u044b \u0440\u0430\u0431\u043e\u0442\u044b \u0432 \u0433\u0430\u0437\u0435\u0442\u0435 \u0443 \u043d\u0430\u0441 \u0441 \u043d\u0438\u043c \u0441\u043b\u043e\u0436\u0438\u043b\u0441\u044f \u0432\u0435\u0441\u044c\u043c\u0430 \u043d\u0435\u043f\u043b\u043e\u0445\u043e\u0439 \u0442\u0430\u043d\u0434\u0435\u043c. \u0414\u043e\u0441\u0442\u0430\u0442\u043e\u0447\u043d\u043e \u0431\u044b\u043b\u043e \u0432 \u0434\u0432\u0443\u0445 \u0441\u043b\u043e\u0432\u0430\u0445 \u043e\u043f\u0438\u0441\u0430\u0442\u044c \u0435\u043c\u0443, \u043e \u0447\u0435\u043c \u044f \u0441\u043e\u0431\u0438\u0440\u0430\u044e\u0441\u044c \u043f\u0438\u0441\u0430\u0442\u044c \u0438 \u043a\u0430\u043a\u0438\u0435 \u0444\u043e\u0442\u043e\u0433\u0440\u0430\u0444\u0438\u0438 \u043f\u043e\u043d\u0430\u0434\u043e\u0431\u044f\u0442\u0441\u044f. \u0427\u0435\u0440\u0435\u0437 \u043d\u0435\u043a\u043e\u0442\u043e\u0440\u043e\u0435 \u0432\u0440\u0435\u043c\u044f \u041b\u0435\u043c\u0431\u0438\u0442 \u043f\u0440\u0438\u0445\u043e\u0434\u0438\u043b \u0441 \u043f\u0440\u0435\u043a\u0440\u0430\u0441\u043d\u044b\u043c\u0438 \u0441\u043d\u0438\u043c\u043a\u0430\u043c\u0438 \u0432 \u0440\u0443\u043a\u0430\u0445. \u0416\u0443\u0440\u043d\u0430\u043b\u0438\u0441\u0442 \u0438 \u0444\u043e\u0442\u043e\u0433\u0440\u0430\u0444 \u0431\u044b\u043b\u0438 \u043d\u0430 \u043e\u0434\u043d\u043e\u0439 \u0432\u043e\u043b\u043d\u0435. \u041f\u0440\u0430\u0432\u0434\u0430, \u0438\u043d\u043e\u0433\u0434\u0430 \u043e\u043d \u043b\u044e\u0431\u0438\u043b \u043f\u043e\u0432\u043e\u0440\u0447\u0430\u0442\u044c, \u043d\u043e \u043e\u0431\u044b\u0447\u043d\u043e \u043f\u043e \u0434\u0435\u043b\u0443.&nbsp;<\/p>\n\n\n\n<p>\u0411\u0435\u0437\u0443\u0441\u043b\u043e\u0432\u043d\u043e, \u0440\u0430\u0437\u043c\u044b\u0448\u043b\u044f\u044f \u043e \u0444\u0435\u043d\u043e\u043c\u0435\u043d\u0435 Spordileht, \u043d\u0435\u0432\u043e\u0437\u043c\u043e\u0436\u043d\u043e \u043e\u0431\u043e\u0439\u0442\u0438 \u0432\u043d\u0438\u043c\u0430\u043d\u0438\u0435\u043c \u0444\u0435\u043d\u043e\u043c\u0435\u043d \u041f\u0435\u044d\u0433\u0435\u043b\u044f. \u0415\u0433\u043e \u0444\u043e\u0442\u043e\u0433\u0440\u0430\u0444\u0438\u0438 \u043d\u0435\u0441\u043a\u0430\u0437\u0430\u043d\u043d\u043e \u0443\u043a\u0440\u0430\u0448\u0430\u043b\u0438 \u0433\u0430\u0437\u0435\u0442\u0443. \u0412 \u043d\u0438\u0445 \u043e\u0442\u0440\u0430\u0436\u0430\u043b\u0430\u0441\u044c \u0436\u0438\u0437\u043d\u044c \u2014 \u0438 \u0434\u0430\u043b\u0435\u043a\u043e \u043d\u0435 \u0442\u043e\u043b\u044c\u043a\u043e \u0441\u043f\u043e\u0440\u0442\u0438\u0432\u043d\u0430\u044f\u00bb.&nbsp;<\/p>","protected":false},"excerpt":{"rendered":"<p>\u0422\u0438\u0439\u0442 \u041a\u0430\u0440\u0443\u043a\u0441, \u0432 1982\u20131991 \u0433\u0433. \u043a\u043e\u0440\u0440\u0435\u0441\u043f\u043e\u043d\u0434\u0435\u043d\u0442 \u0433\u0430\u0437\u0435\u0442\u044b Spordileht (\u00ab\u0421\u043f\u043e\u0440\u0442\u0438\u0432\u043d\u044b\u0439 \u043b\u0438\u0441\u0442\u043e\u043a\u00bb), \u0432\u0441\u043f\u043e\u043c\u0438\u043d\u0430\u0435\u0442:&nbsp; \u00ab\u0413\u0430\u0437\u0435\u0442\u0430 Spordileht \u0432\u044b\u0445\u043e\u0434\u0438\u043b\u0430 \u0441 1958 \u043f\u043e 1993 \u0433\u043e\u0434. \u041e\u043d\u0430 \u043f\u043e\u043b\u044c\u0437\u043e\u0432\u0430\u043b\u0430\u0441\u044c \u043f\u043e\u043f\u0443\u043b\u044f\u0440\u043d\u043e\u0441\u0442\u044c\u044e: \u0432 \u043b\u0443\u0447\u0448\u0438\u0435 \u0432\u0440\u0435\u043c\u0435\u043d\u0430 \u0442\u0438\u0440\u0430\u0436 \u0434\u043e\u0441\u0442\u0438\u0433\u0430\u043b 70\u202f000 \u044d\u043a\u0437\u0435\u043c\u043f\u043b\u044f\u0440\u043e\u0432. \u0421 1958 \u043f\u043e 1966 \u0433\u043e\u0434 Spordileht \u0432\u044b\u0445\u043e\u0434\u0438\u043b\u0430 \u043f\u043e \u043f\u043e\u043d\u0435\u0434\u0435\u043b\u044c\u043d\u0438\u043a\u0430\u043c \u0438 \u043f\u044f\u0442\u043d\u0438\u0446\u0430\u043c, \u0430 \u0441 1966 \u0433\u043e\u0434\u0430 \u2014 \u0435\u0449\u0435 \u0438 \u043f\u043e \u0441\u0440\u0435\u0434\u0430\u043c. \u0413\u0430\u0437\u0435\u0442\u0443 \u0436\u0434\u0430\u043b\u0438 \u0438 \u0447\u0438\u0442\u0430\u043b\u0438 \u0441 \u0438\u043d\u0442\u0435\u0440\u0435\u0441\u043e\u043c, [&hellip;]<\/p>","protected":false},"author":1,"featured_media":0,"parent":0,"menu_order":0,"comment_status":"closed","ping_status":"closed","template":"","meta":{"inline_featured_image":false,"footnotes":""},"class_list":["post-7271","page","type-page","status-publish","hentry"],"acf":[],"_links":{"self":[{"href":"https:\/\/www.fotografiska.ee\/sv\/wp-json\/wp\/v2\/pages\/7271"}],"collection":[{"href":"https:\/\/www.fotografiska.ee\/sv\/wp-json\/wp\/v2\/pages"}],"about":[{"href":"https:\/\/www.fotografiska.ee\/sv\/wp-json\/wp\/v2\/types\/page"}],"author":[{"embeddable":true,"href":"https:\/\/www.fotografiska.ee\/sv\/wp-json\/wp\/v2\/users\/1"}],"replies":[{"embeddable":true,"href":"https:\/\/www.fotografiska.ee\/sv\/wp-json\/wp\/v2\/comments?post=7271"}],"version-history":[{"count":2,"href":"https:\/\/www.fotografiska.ee\/sv\/wp-json\/wp\/v2\/pages\/7271\/revisions"}],"predecessor-version":[{"id":7320,"href":"https:\/\/www.fotografiska.ee\/sv\/wp-json\/wp\/v2\/pages\/7271\/revisions\/7320"}],"wp:attachment":[{"href":"https:\/\/www.fotografiska.ee\/sv\/wp-json\/wp\/v2\/media?parent=7271"}],"curies":[{"name":"wp","href":"https:\/\/api.w.org\/{rel}","templated":true}]}}