{"id":7247,"date":"2025-01-07T08:39:44","date_gmt":"2025-01-07T06:39:44","guid":{"rendered":"https:\/\/fotografiska.ee\/?page_id=7247"},"modified":"2025-01-07T08:39:45","modified_gmt":"2025-01-07T06:39:45","slug":"feng-li-intro-fi","status":"publish","type":"page","link":"https:\/\/www.fotografiska.ee\/sv\/feng-li-intro-fi\/","title":{"rendered":"Feng Li Intro Fi"},"content":{"rendered":"<p>White Nights in Wonderland (Ihmemaan valkeat y\u00f6t) -n\u00e4yttely kutsuu katsojan tarkastelemaan nyky-yhteiskuntaa runollisena spektaakkelina, kuten Feng Li sen n\u00e4kee. Kiinan Chengdusta kotoisin oleva Feng Li ty\u00f6skenteli uransa alkuvaiheessa valtion mediassa lehtikuvaajana. Tunnistettavan visuaalisen kielens\u00e4 ansiosta h\u00e4n on niitt\u00e4nyt kansainv\u00e4list\u00e4 mainetta katu- ja muotikuvaajana, ja h\u00e4nen teoksiaan on ylistetty eri puolilla maailmaa aina Shanghaista Tokioon ja Pariisiin asti. Feng Lin White Nights -n\u00e4yttelyn teosten taustana on moderni kaupunkimaisema ja tapahtumien n\u00e4ytt\u00e4m\u00f6n\u00e4 pirstaleinen, meluisa ja kaunistelematon katukuva (toisin kuin \u00e4lypuhelimella ottamissamme ja huolellisesti rajaamissamme kuvissa). V\u00e4rikyll\u00e4inen kuvakavalkadi vangitsee ohikiit\u00e4vi\u00e4 hetki\u00e4 ja arjen omituisuuksia. Kirkas salamavalo tuo pintaan monimutkaisia tunteita, sekoittaa y\u00f6n ja p\u00e4iv\u00e4n ja h\u00e4m\u00e4rt\u00e4\u00e4 ajantajun.<\/p>\n\n\n\n<p>Feng Lin White Nights -sarjan kuvat ovat kuin arvoituksia. Ne haastavat meid\u00e4t katsomaan, n\u00e4kem\u00e4\u00e4n toisin ja keksim\u00e4\u00e4n selityksi\u00e4. Feng Lin l\u00e4hestymistavat ja tekniikat ovat muokkautuneet sit\u00e4 mukaa, kun valokuvan k\u00e4ytt\u00f6tarkoitus Kiinassa on laventunut. Aiemmin dokumentointiv\u00e4lineen\u00e4 toimineesta valokuvasta on tullut moniulotteinen ilmaisukeino. Valokuvateos, samoin kuin veistos tai maalaus, syntyy taiteellisen prosessin tuloksena hy\u00f6dynt\u00e4m\u00e4ll\u00e4 tekniikoita, aikaa, kompositiota, valoa ja v\u00e4rej\u00e4. Tunnusomaista Feng Lin tarinankerrontamenetelm\u00e4lle on salamavalon k\u00e4ytt\u00f6. Salaman avulla h\u00e4n korostaa kuvallisia vihjeit\u00e4 ja ohjaa huomion arjen kummallisuuksiin, joissa h\u00e4n n\u00e4kee tarinankerronnallisia aineksia. Nykymaailmassa, jossa kuvia \u201dtehd\u00e4\u00e4n\u201d kaikkialla, Feng Lin valokuvat erottuvat herkullisella ironiallaan, arjen komiikalla, yll\u00e4tt\u00e4vill\u00e4 yksityiskohdilla ja v\u00e4rikyll\u00e4isell\u00e4 estetiikallaan.<\/p>\n\n\n\n<p>T\u00e4ss\u00e4 Feng Lin n\u00e4yttelyss\u00e4 on l\u00e4hes 200 kuvaa kahdenkymmenen vuoden ajalta. Jotkut niist\u00e4 ovat nyt ensimm\u00e4ist\u00e4 kertaa esill\u00e4, ja mukana on my\u00f6s Feng Lin ikonisimpia kuvia uudessa kontekstissa. N\u00e4yttely etenee l\u00f6yh\u00e4n kronologisessa j\u00e4rjestyksess\u00e4, ja siin\u00e4 on kolme osiota: White Nights (Valkeat y\u00f6t), City Express ja What is Fashion? (Mit\u00e4 muoti on?), jotka valottavat olennaisia vaiheita Feng Lin taiteellisessa kehityksess\u00e4.<\/p>\n\n\n\n<p>N\u00e4yttelyn on kuratoinut Fotografiskan kansainv\u00e4listen n\u00e4yttelyiden kuraattori Holly Roussell<\/p>","protected":false},"excerpt":{"rendered":"<p>White Nights in Wonderland (Ihmemaan valkeat y\u00f6t) -n\u00e4yttely kutsuu katsojan tarkastelemaan nyky-yhteiskuntaa runollisena spektaakkelina, kuten Feng Li sen n\u00e4kee. Kiinan Chengdusta kotoisin oleva Feng Li ty\u00f6skenteli uransa alkuvaiheessa valtion mediassa lehtikuvaajana. Tunnistettavan visuaalisen kielens\u00e4 ansiosta h\u00e4n on niitt\u00e4nyt kansainv\u00e4list\u00e4 mainetta katu- ja muotikuvaajana, ja h\u00e4nen teoksiaan on ylistetty eri puolilla maailmaa aina Shanghaista Tokioon ja [&hellip;]<\/p>","protected":false},"author":1,"featured_media":0,"parent":0,"menu_order":0,"comment_status":"closed","ping_status":"closed","template":"","meta":{"inline_featured_image":false,"footnotes":""},"class_list":["post-7247","page","type-page","status-publish","hentry"],"acf":[],"_links":{"self":[{"href":"https:\/\/www.fotografiska.ee\/sv\/wp-json\/wp\/v2\/pages\/7247"}],"collection":[{"href":"https:\/\/www.fotografiska.ee\/sv\/wp-json\/wp\/v2\/pages"}],"about":[{"href":"https:\/\/www.fotografiska.ee\/sv\/wp-json\/wp\/v2\/types\/page"}],"author":[{"embeddable":true,"href":"https:\/\/www.fotografiska.ee\/sv\/wp-json\/wp\/v2\/users\/1"}],"replies":[{"embeddable":true,"href":"https:\/\/www.fotografiska.ee\/sv\/wp-json\/wp\/v2\/comments?post=7247"}],"version-history":[{"count":1,"href":"https:\/\/www.fotografiska.ee\/sv\/wp-json\/wp\/v2\/pages\/7247\/revisions"}],"predecessor-version":[{"id":7248,"href":"https:\/\/www.fotografiska.ee\/sv\/wp-json\/wp\/v2\/pages\/7247\/revisions\/7248"}],"wp:attachment":[{"href":"https:\/\/www.fotografiska.ee\/sv\/wp-json\/wp\/v2\/media?parent=7247"}],"curies":[{"name":"wp","href":"https:\/\/api.w.org\/{rel}","templated":true}]}}