{"id":7002,"date":"2024-08-31T11:15:33","date_gmt":"2024-08-31T08:15:33","guid":{"rendered":"https:\/\/fotografiska.ee\/?page_id=7002"},"modified":"2024-09-12T22:46:01","modified_gmt":"2024-09-12T19:46:01","slug":"brooke-didonato-fi","status":"publish","type":"page","link":"https:\/\/www.fotografiska.ee\/sv\/brooke-didonato-fi\/","title":{"rendered":"Brooke DiDonato-FI"},"content":{"rendered":"<p><strong>Brooke DiDonato<br><\/strong>synt. 1990, Yhdysvallat<br><strong><br><\/strong>Visuaalinen taiteilija Brooke DiDonato kyseenalaistaa valokuvien realismin. H\u00e4nen kuvissaan esiintyy arkisia tilanteita, jotka ovat visuaalisten ep\u00e4muodostumien v\u00e4\u00e4rist\u00e4mi\u00e4. \u00c4\u00e4rimm\u00e4iset maisemat ja kodin tilat edustavat alitajuista mielt\u00e4, ja oudot kohtaukset haastavat todellisuuden rajoja.<\/p>\n\n\n\n<p>Kokoelman <em>Rhyme or Reason<\/em> muodostavat teokset k\u00e4sittelev\u00e4t runouden ja logiikan suhdetta. Kuvaryhm\u00e4 tutkii sit\u00e4, miten yksil\u00f6t ymm\u00e4rt\u00e4v\u00e4t \u2013 tai toisinaan eiv\u00e4t ymm\u00e4rr\u00e4 \u2013 henkil\u00f6kohtaista identiteetti\u00e4\u00e4n ymp\u00e4r\u00f6iv\u00e4n maailman viitekehyksess\u00e4. Ranskalaisen ilmauksen \"sans rime ni raison\" (vapaasti suomennettuna \u201dei mit\u00e4\u00e4n tolkkua\u201d) inspiroimassa kokoelmassa esiintyy joukko hahmoja, jotka k\u00e4ytt\u00e4v\u00e4t kehoa taiteen v\u00e4lineen\u00e4, vastustavat sen rajoja v\u00e4\u00e4rist\u00e4m\u00e4ll\u00e4 sit\u00e4 ja sulamalla asentoihin, jotka leikittelev\u00e4t sattumanvaraisuuden ja tarkoituksellisuuden v\u00e4lisill\u00e4 rajoilla.<br><em>Sum of Its Parts, <\/em>kokoelmasta <em>Rhyme or Reason, <\/em>2019<br><em>Inside Out, <\/em>kokoelmasta <em>Rhyme or Reason, <\/em>2016<br><em>How It Happened, <\/em>kokoelmasta <em>Rhyme or Reason, <\/em>2018<br><em>Formations II, <\/em>kokoelmasta <em>Rhyme or Reason, <\/em>2017<\/p>","protected":false},"excerpt":{"rendered":"<p>Brooke DiDonatosynt. 1990, YhdysvallatVisuaalinen taiteilija Brooke DiDonato kyseenalaistaa valokuvien realismin. H\u00e4nen kuvissaan esiintyy arkisia tilanteita, jotka ovat visuaalisten ep\u00e4muodostumien v\u00e4\u00e4rist\u00e4mi\u00e4. \u00c4\u00e4rimm\u00e4iset maisemat ja kodin tilat edustavat alitajuista mielt\u00e4, ja oudot kohtaukset haastavat todellisuuden rajoja. Kokoelman Rhyme or Reason muodostavat teokset k\u00e4sittelev\u00e4t runouden ja logiikan suhdetta. Kuvaryhm\u00e4 tutkii sit\u00e4, miten yksil\u00f6t ymm\u00e4rt\u00e4v\u00e4t \u2013 tai toisinaan eiv\u00e4t [&hellip;]<\/p>","protected":false},"author":1,"featured_media":0,"parent":0,"menu_order":0,"comment_status":"closed","ping_status":"closed","template":"","meta":{"inline_featured_image":false,"footnotes":""},"class_list":["post-7002","page","type-page","status-publish","hentry"],"acf":[],"_links":{"self":[{"href":"https:\/\/www.fotografiska.ee\/sv\/wp-json\/wp\/v2\/pages\/7002"}],"collection":[{"href":"https:\/\/www.fotografiska.ee\/sv\/wp-json\/wp\/v2\/pages"}],"about":[{"href":"https:\/\/www.fotografiska.ee\/sv\/wp-json\/wp\/v2\/types\/page"}],"author":[{"embeddable":true,"href":"https:\/\/www.fotografiska.ee\/sv\/wp-json\/wp\/v2\/users\/1"}],"replies":[{"embeddable":true,"href":"https:\/\/www.fotografiska.ee\/sv\/wp-json\/wp\/v2\/comments?post=7002"}],"version-history":[{"count":2,"href":"https:\/\/www.fotografiska.ee\/sv\/wp-json\/wp\/v2\/pages\/7002\/revisions"}],"predecessor-version":[{"id":7061,"href":"https:\/\/www.fotografiska.ee\/sv\/wp-json\/wp\/v2\/pages\/7002\/revisions\/7061"}],"wp:attachment":[{"href":"https:\/\/www.fotografiska.ee\/sv\/wp-json\/wp\/v2\/media?parent=7002"}],"curies":[{"name":"wp","href":"https:\/\/api.w.org\/{rel}","templated":true}]}}