{"id":7001,"date":"2024-08-31T11:14:48","date_gmt":"2024-08-31T08:14:48","guid":{"rendered":"https:\/\/fotografiska.ee\/?page_id=7001"},"modified":"2024-09-13T14:52:16","modified_gmt":"2024-09-13T11:52:16","slug":"alexandra-von-fuerst-fi","status":"publish","type":"page","link":"https:\/\/www.fotografiska.ee\/sv\/alexandra-von-fuerst-fi\/","title":{"rendered":"Alexandra Von Fuerst-FI"},"content":{"rendered":"<p>Bodhi Shola<br>synt. 1992, Italia<br><br>Monitahoisesta ja globalisoidusta visiosta inspiraationsa ammentava Alexandra Von Fuerst k\u00e4ytt\u00e4\u00e4 ty\u00f6ss\u00e4\u00e4n kulttuurien rikkautta ja perinteit\u00e4, ja yhdist\u00e4\u00e4 teoksissaan henkil\u00f6kohtaisen kokemuksen ja fiktion. H\u00e4n haastaa identiteetin ja todellisuuden k\u00e4sitteet, ja luo ymm\u00e4rryst\u00e4 modernin filosofian keinoin, kyseenalaistaen ihmistoiminnan vaikutuksen kehon ja luonnon v\u00e4liseen suhteeseen.<br><br><em>Godification of Intimacy <\/em>tekee kunniaa feminiinisyydelle, jonka ymp\u00e4rill\u00e4 jumalaiset opetukset siirtyv\u00e4t luonnosta tietoisuuden universaaliin ja arkiseen kokemukseen. Suostumus edustaa oikeutta omistaa <em>omat <\/em>kehomme ja ilmaista niit\u00e4 h\u00e4peilem\u00e4tt\u00e4 osana jumalaisen kanssa jaettua aistillista kokemusta. Koko sakraalisuudessaan ilmaistu keho tarjoaa keinon ymm\u00e4rt\u00e4\u00e4 ulkoista maailmaa, jonka kanssa se keskustelee ja ker\u00e4\u00e4 kunnioitusta tavasta, jolla sit\u00e4 ihmisten v\u00e4lisess\u00e4 interaktiossa l\u00e4hestyt\u00e4\u00e4n. \u201cSuostumuksen pyyt\u00e4misen aktiin keskittyminen auttaa yhteiskuntaa ymm\u00e4rt\u00e4m\u00e4\u00e4n terveess\u00e4 seksuaalisessa ja henkisess\u00e4 suhteessa el\u00e4misen yhteyden kehoon sek\u00e4 sen rajoihin.\u201d<\/p>\n\n\n\n<p><em>Communal motion, <\/em>sarjasta <em>Godification of Intimacy, <\/em>2021<br><em>Red is Blue is Violet, <\/em>sarjasta <em>Godification of Intimacy, <\/em>2021<em><br>Gravitation unites,<\/em> sarjasta <em>Godification of Intimacy, <\/em>2021<\/p>","protected":false},"excerpt":{"rendered":"<p>Bodhi Sholasynt. 1992, Italia Monitahoisesta ja globalisoidusta visiosta inspiraationsa ammentava Alexandra Von Fuerst k\u00e4ytt\u00e4\u00e4 ty\u00f6ss\u00e4\u00e4n kulttuurien rikkautta ja perinteit\u00e4, ja yhdist\u00e4\u00e4 teoksissaan henkil\u00f6kohtaisen kokemuksen ja fiktion. H\u00e4n haastaa identiteetin ja todellisuuden k\u00e4sitteet, ja luo ymm\u00e4rryst\u00e4 modernin filosofian keinoin, kyseenalaistaen ihmistoiminnan vaikutuksen kehon ja luonnon v\u00e4liseen suhteeseen. Godification of Intimacy tekee kunniaa feminiinisyydelle, jonka ymp\u00e4rill\u00e4 jumalaiset [&hellip;]<\/p>","protected":false},"author":1,"featured_media":0,"parent":0,"menu_order":0,"comment_status":"closed","ping_status":"closed","template":"","meta":{"inline_featured_image":false,"footnotes":""},"class_list":["post-7001","page","type-page","status-publish","hentry"],"acf":[],"_links":{"self":[{"href":"https:\/\/www.fotografiska.ee\/sv\/wp-json\/wp\/v2\/pages\/7001"}],"collection":[{"href":"https:\/\/www.fotografiska.ee\/sv\/wp-json\/wp\/v2\/pages"}],"about":[{"href":"https:\/\/www.fotografiska.ee\/sv\/wp-json\/wp\/v2\/types\/page"}],"author":[{"embeddable":true,"href":"https:\/\/www.fotografiska.ee\/sv\/wp-json\/wp\/v2\/users\/1"}],"replies":[{"embeddable":true,"href":"https:\/\/www.fotografiska.ee\/sv\/wp-json\/wp\/v2\/comments?post=7001"}],"version-history":[{"count":3,"href":"https:\/\/www.fotografiska.ee\/sv\/wp-json\/wp\/v2\/pages\/7001\/revisions"}],"predecessor-version":[{"id":7104,"href":"https:\/\/www.fotografiska.ee\/sv\/wp-json\/wp\/v2\/pages\/7001\/revisions\/7104"}],"wp:attachment":[{"href":"https:\/\/www.fotografiska.ee\/sv\/wp-json\/wp\/v2\/media?parent=7001"}],"curies":[{"name":"wp","href":"https:\/\/api.w.org\/{rel}","templated":true}]}}