{"id":6976,"date":"2024-08-31T11:07:25","date_gmt":"2024-08-31T08:07:25","guid":{"rendered":"https:\/\/fotografiska.ee\/?page_id=6976"},"modified":"2024-09-12T22:49:26","modified_gmt":"2024-09-12T19:49:26","slug":"laila-majid-fi","status":"publish","type":"page","link":"https:\/\/www.fotografiska.ee\/sv\/laila-majid-fi\/","title":{"rendered":"Laila Majid-FI"},"content":{"rendered":"<p><strong>Laila Majid<\/strong><\/p>\n\n\n\n<p>synt. 1996, Pakistan<br><br><\/p>\n\n\n\n<p>Kuvanveiston, kuvien ja videon parissa ty\u00f6skentelev\u00e4 Laila Majid luo eri leikkauspisteiss\u00e4 ja vaihtopisteiss\u00e4 sijaitsevia verkostoituneita rakenteita. Rajan molemmilla puolilla \u2013 synteettisen ja luonnollisen, optisen ja haptisen v\u00e4lill\u00e4 \u2013 sijaitsevat alueet ilmaisevat voimakkaasti, ett\u00e4 m\u00e4\u00e4rittelem\u00e4t\u00f6n voi my\u00f6s luoda muutoksia. Majidin tuotannon ytimess\u00e4 on kehon muoto, eritoten iho.<em>Rosie <\/em>dokumentoi ilmeikk\u00e4\u00e4n, hetkellisen j\u00e4ljen, jonka urheilujalkine on j\u00e4tt\u00e4nyt k\u00e4ytt\u00e4j\u00e4ns\u00e4 pohkeeseen. J\u00e4ljest\u00e4 otettu kuva, jossa massatuotettu esine ja ihmisiho kohtaavat toisensa, on sek\u00e4 viettelev\u00e4 ett\u00e4 hirve\u00e4. Siit\u00e4 syntyy erikoista aistillisuutta.<br><br><em>Rosie<\/em>, 2019<\/p>","protected":false},"excerpt":{"rendered":"<p>Laila Majid synt. 1996, Pakistan Kuvanveiston, kuvien ja videon parissa ty\u00f6skentelev\u00e4 Laila Majid luo eri leikkauspisteiss\u00e4 ja vaihtopisteiss\u00e4 sijaitsevia verkostoituneita rakenteita. Rajan molemmilla puolilla \u2013 synteettisen ja luonnollisen, optisen ja haptisen v\u00e4lill\u00e4 \u2013 sijaitsevat alueet ilmaisevat voimakkaasti, ett\u00e4 m\u00e4\u00e4rittelem\u00e4t\u00f6n voi my\u00f6s luoda muutoksia. Majidin tuotannon ytimess\u00e4 on kehon muoto, eritoten iho.Rosie dokumentoi ilmeikk\u00e4\u00e4n, hetkellisen j\u00e4ljen, [&hellip;]<\/p>","protected":false},"author":1,"featured_media":0,"parent":0,"menu_order":0,"comment_status":"closed","ping_status":"closed","template":"","meta":{"inline_featured_image":false,"footnotes":""},"class_list":["post-6976","page","type-page","status-publish","hentry"],"acf":[],"_links":{"self":[{"href":"https:\/\/www.fotografiska.ee\/sv\/wp-json\/wp\/v2\/pages\/6976"}],"collection":[{"href":"https:\/\/www.fotografiska.ee\/sv\/wp-json\/wp\/v2\/pages"}],"about":[{"href":"https:\/\/www.fotografiska.ee\/sv\/wp-json\/wp\/v2\/types\/page"}],"author":[{"embeddable":true,"href":"https:\/\/www.fotografiska.ee\/sv\/wp-json\/wp\/v2\/users\/1"}],"replies":[{"embeddable":true,"href":"https:\/\/www.fotografiska.ee\/sv\/wp-json\/wp\/v2\/comments?post=6976"}],"version-history":[{"count":2,"href":"https:\/\/www.fotografiska.ee\/sv\/wp-json\/wp\/v2\/pages\/6976\/revisions"}],"predecessor-version":[{"id":7072,"href":"https:\/\/www.fotografiska.ee\/sv\/wp-json\/wp\/v2\/pages\/6976\/revisions\/7072"}],"wp:attachment":[{"href":"https:\/\/www.fotografiska.ee\/sv\/wp-json\/wp\/v2\/media?parent=6976"}],"curies":[{"name":"wp","href":"https:\/\/api.w.org\/{rel}","templated":true}]}}