{"id":6974,"date":"2024-08-31T11:05:27","date_gmt":"2024-08-31T08:05:27","guid":{"rendered":"https:\/\/fotografiska.ee\/?page_id=6974"},"modified":"2024-09-12T22:50:02","modified_gmt":"2024-09-12T19:50:02","slug":"alix-marie-fi","status":"publish","type":"page","link":"https:\/\/www.fotografiska.ee\/sv\/alix-marie-fi\/","title":{"rendered":"Alix Marie-FI"},"content":{"rendered":"<p><strong>Alix Marie<\/strong><\/p>\n\n\n\n<p>synt. 1989, Ranska<\/p>\n\n\n\n<p>Ranskalainen monialainen taiteilija Alix Marie ty\u00f6skentelee valokuvauksen, kuvanveiston sek\u00e4 installaatioiden parissa, ja tutkii niiden kautta kehon ja sen kuvauksen v\u00e4list\u00e4 suhdetta. \u201cTutkin ihon ja valokuvan yht\u00e4l\u00e4isyyksi\u00e4. Molemmat ovat pintoja, molemmat hauraita, ja molemmat t\u00e4ynn\u00e4 salaisuuksia ja tabuja.\u201d<br><br><em>Maman <\/em>koostuu viidest\u00e4 kuvasta, joissa taiteilijan \u00e4idin rintakuva on painettu silkkiselle kankaalle ja ripustettu onton metallikehon ymp\u00e4rille. Teos kutsuu vieraat astumaan teoksen sis\u00e4\u00e4n ja synnytt\u00e4\u00e4 intiimin kokemuksen. Teos on saanut inspiraationsa baldakiinista, s\u00e4ngyn tai oven ylle viritetyst\u00e4, viiman torjuvasta kankaasta, ja se puhuu \u00e4itiyden kahdesta puolesta. Toisaalta se n\u00e4ytt\u00e4\u00e4 taiteilijan, joka humoristisesti rakentaa \u00e4itins\u00e4 uudelleen, ja viittaa haluun piiloutua j\u00e4lleen t\u00e4m\u00e4n sis\u00e4\u00e4n ja vastaanottaa \u00e4idillist\u00e4 lohdutusta. Toisaalta se kertoo \u00e4idillisen suojelun uhkaavamman puolen luomasta vankeudesta.<br><em>Maman, <\/em>2019<\/p>","protected":false},"excerpt":{"rendered":"<p>Alix Marie synt. 1989, Ranska Ranskalainen monialainen taiteilija Alix Marie ty\u00f6skentelee valokuvauksen, kuvanveiston sek\u00e4 installaatioiden parissa, ja tutkii niiden kautta kehon ja sen kuvauksen v\u00e4list\u00e4 suhdetta. \u201cTutkin ihon ja valokuvan yht\u00e4l\u00e4isyyksi\u00e4. Molemmat ovat pintoja, molemmat hauraita, ja molemmat t\u00e4ynn\u00e4 salaisuuksia ja tabuja.\u201d Maman koostuu viidest\u00e4 kuvasta, joissa taiteilijan \u00e4idin rintakuva on painettu silkkiselle kankaalle ja [&hellip;]<\/p>","protected":false},"author":1,"featured_media":0,"parent":0,"menu_order":0,"comment_status":"closed","ping_status":"closed","template":"","meta":{"inline_featured_image":false,"footnotes":""},"class_list":["post-6974","page","type-page","status-publish","hentry"],"acf":[],"_links":{"self":[{"href":"https:\/\/www.fotografiska.ee\/sv\/wp-json\/wp\/v2\/pages\/6974"}],"collection":[{"href":"https:\/\/www.fotografiska.ee\/sv\/wp-json\/wp\/v2\/pages"}],"about":[{"href":"https:\/\/www.fotografiska.ee\/sv\/wp-json\/wp\/v2\/types\/page"}],"author":[{"embeddable":true,"href":"https:\/\/www.fotografiska.ee\/sv\/wp-json\/wp\/v2\/users\/1"}],"replies":[{"embeddable":true,"href":"https:\/\/www.fotografiska.ee\/sv\/wp-json\/wp\/v2\/comments?post=6974"}],"version-history":[{"count":2,"href":"https:\/\/www.fotografiska.ee\/sv\/wp-json\/wp\/v2\/pages\/6974\/revisions"}],"predecessor-version":[{"id":7074,"href":"https:\/\/www.fotografiska.ee\/sv\/wp-json\/wp\/v2\/pages\/6974\/revisions\/7074"}],"wp:attachment":[{"href":"https:\/\/www.fotografiska.ee\/sv\/wp-json\/wp\/v2\/media?parent=6974"}],"curies":[{"name":"wp","href":"https:\/\/api.w.org\/{rel}","templated":true}]}}