{"id":6963,"date":"2024-08-31T10:48:30","date_gmt":"2024-08-31T07:48:30","guid":{"rendered":"https:\/\/fotografiska.ee\/?page_id=6963"},"modified":"2024-09-12T22:53:04","modified_gmt":"2024-09-12T19:53:04","slug":"prue-stent-honey-long-fi","status":"publish","type":"page","link":"https:\/\/www.fotografiska.ee\/sv\/prue-stent-honey-long-fi\/","title":{"rendered":"Prue Stent &#038; Honey Long-FI"},"content":{"rendered":"<p><strong>Prue Stent &amp; Honey Long<\/strong><\/p>\n\n\n\n<p>synt. 1993, Australia<\/p>\n\n\n\n<p>Australialaiset taiteilijat Honey Long ja Prue Stent tekev\u00e4t yhteisty\u00f6t\u00e4, joka yhdist\u00e4\u00e4 valokuvan ja kuvanveiston periaatteet. Heid\u00e4n ty\u00f6ns\u00e4 perustuu kehojen, materiaalien ja ymp\u00e4rist\u00f6n v\u00e4lille syntyv\u00e4\u00e4n leikkis\u00e4\u00e4n kokeiluun, sek\u00e4 kaiken l\u00e4p\u00e4isev\u00e4\u00e4n haluun kietoutua n\u00e4ihin ulottuvuuksiin ja etsi\u00e4 suurempaa yhteytt\u00e4 suhteessa niihin.<\/p>\n\n\n\n<p>N\u00e4iss\u00e4 teoksissa (<em>Phanta Firma, Curtain Skins<\/em> ja <em>Soft Tissue<\/em>) kehoa k\u00e4ytet\u00e4\u00e4n v\u00e4lineen\u00e4, jolla voidaan l\u00f6yt\u00e4\u00e4 runollisia, materiaalisia suhteita. Asetelmien sis\u00e4lle virittyy kaksinaisuuksien v\u00e4lille syntyv\u00e4 j\u00e4nnite \u2013 sis\u00e4inen\/ulkoinen, fantasia\/ruumiillistuma, kova\/pehme\u00e4. Ne voivat olla olemassa samaan aikaan, mutta yksi voi my\u00f6s heijastua toisesta. L\u00f6ydetyill\u00e4 materiaaleilla ja sattumanvaraisilla kohtaamisilla leikkiminen on t\u00e4rke\u00e4 osa taiteilijoiden prosessia, ja he pyrkiv\u00e4t eritoten ratkaisemaan sen, miten arkiselta ja tavalliselta n\u00e4ytt\u00e4v\u00e4 voikin paljastaa k\u00e4tkettyj\u00e4 ja loistavia ominaisuuksia.<\/p>\n\n\n\n<p><br><em>Salt Pool, <\/em>sarjasta <em>Phanta Firma, <\/em>2018<\/p>\n\n\n\n<p><em>Curtain Skins I, <\/em>sarjasta <em>Curtain Skins, <\/em>2018<br><em>Scallop<\/em>, sarjasta <em>Soft Tissue, <\/em>2016<em><br>Curtain Piece, <\/em>sarjasta <em>Soft Tissue, 2017<\/em><\/p>\n\n\n\n<p><em>Wind Form, <\/em>sarjasta <em>Phanta Firma, 2014<\/em><\/p>","protected":false},"excerpt":{"rendered":"<p>Prue Stent &amp; Honey Long synt. 1993, Australia Australialaiset taiteilijat Honey Long ja Prue Stent tekev\u00e4t yhteisty\u00f6t\u00e4, joka yhdist\u00e4\u00e4 valokuvan ja kuvanveiston periaatteet. Heid\u00e4n ty\u00f6ns\u00e4 perustuu kehojen, materiaalien ja ymp\u00e4rist\u00f6n v\u00e4lille syntyv\u00e4\u00e4n leikkis\u00e4\u00e4n kokeiluun, sek\u00e4 kaiken l\u00e4p\u00e4isev\u00e4\u00e4n haluun kietoutua n\u00e4ihin ulottuvuuksiin ja etsi\u00e4 suurempaa yhteytt\u00e4 suhteessa niihin. N\u00e4iss\u00e4 teoksissa (Phanta Firma, Curtain Skins ja Soft [&hellip;]<\/p>","protected":false},"author":1,"featured_media":0,"parent":0,"menu_order":0,"comment_status":"closed","ping_status":"closed","template":"","meta":{"inline_featured_image":false,"footnotes":""},"class_list":["post-6963","page","type-page","status-publish","hentry"],"acf":[],"_links":{"self":[{"href":"https:\/\/www.fotografiska.ee\/sv\/wp-json\/wp\/v2\/pages\/6963"}],"collection":[{"href":"https:\/\/www.fotografiska.ee\/sv\/wp-json\/wp\/v2\/pages"}],"about":[{"href":"https:\/\/www.fotografiska.ee\/sv\/wp-json\/wp\/v2\/types\/page"}],"author":[{"embeddable":true,"href":"https:\/\/www.fotografiska.ee\/sv\/wp-json\/wp\/v2\/users\/1"}],"replies":[{"embeddable":true,"href":"https:\/\/www.fotografiska.ee\/sv\/wp-json\/wp\/v2\/comments?post=6963"}],"version-history":[{"count":3,"href":"https:\/\/www.fotografiska.ee\/sv\/wp-json\/wp\/v2\/pages\/6963\/revisions"}],"predecessor-version":[{"id":7084,"href":"https:\/\/www.fotografiska.ee\/sv\/wp-json\/wp\/v2\/pages\/6963\/revisions\/7084"}],"wp:attachment":[{"href":"https:\/\/www.fotografiska.ee\/sv\/wp-json\/wp\/v2\/media?parent=6963"}],"curies":[{"name":"wp","href":"https:\/\/api.w.org\/{rel}","templated":true}]}}