{"id":6748,"date":"2024-05-30T23:07:26","date_gmt":"2024-05-30T20:07:26","guid":{"rendered":"https:\/\/fotografiska.ee\/?page_id=6748"},"modified":"2024-05-30T23:07:27","modified_gmt":"2024-05-30T20:07:27","slug":"heikki-leis-fi","status":"publish","type":"page","link":"https:\/\/www.fotografiska.ee\/sv\/heikki-leis-fi\/","title":{"rendered":"HEIKKI LEIS"},"content":{"rendered":"<p>HEIKKI LEIS<\/p>\n\n\n\n<p>Heikki Leis on virolainen taiteilija, monitaituri, jonka ilmaisukeinovalikoima ulottuu kuvanveistosta \u00e4\u00e4rimm\u00e4isen yksityiskohtaisiin lyijykyn\u00e4piirroksiin ja valokuvaukseen. Leisin valokuvataide on eritt\u00e4in monipuolista. H\u00e4n kehitt\u00e4\u00e4 projekteihinsa aina uudenlaisen kuvakielen, ja tuotannon laajaan kirjoon kuuluu rooliasu- ja epookkikuvia, nyrj\u00e4ht\u00e4neit\u00e4 dokumenttikuvia sek\u00e4 otoksia kuvitteellisten elokuvien kohtauksista.<\/p>\n\n\n\n<p>Heikki Leisin vuosina 2005\u20132016 kuvaama <em>Afterlife<\/em>-sarja k\u00e4sitt\u00e4\u00e4 studiossa otettuja makrokuvia homekasvustoista, sienirihmastoista, tiivistyneest\u00e4 kosteudesta ja iti\u00f6massan mikroskooppisista rakenteista, jotka suurennettuina n\u00e4ytt\u00e4v\u00e4t merkillisilt\u00e4 maisemilta. Kuvien dramaattisen valaistuksen Leis on luonut valomaalaustekniikalla, jossa hy\u00f6dynnet\u00e4\u00e4n pitk\u00e4\u00e4 valotusaikaa ja liikkuvaa valonl\u00e4hdett\u00e4.<\/p>\n\n\n\n<p>Pitk\u00e4n valotusajan ansiosta Leis on voinut kuvata pienell\u00e4 himmenninaukolla, ja siten makrokuviin on saatu poikkeuksellisen suuri syvyyster\u00e4vyys.<\/p>\n\n\n\n<p>Leis on itse kasvattanut homeet kasviksissa ja seurannut vuosien ajan homesienten el\u00e4m\u00e4nkaarta, taipumuksia ja k\u00e4ytt\u00e4ytymist\u00e4. Nimi <em>Afterlife<\/em> viittaa sienten teht\u00e4v\u00e4\u00e4n luonnossa: ne hajottavat kaiken osasiksi, joista rakentuu uutta el\u00e4m\u00e4\u00e4. Leisilt\u00e4 on vuonna 2017 ilmestynyt kirja <em>Afterlife<\/em>, jonka teksteist\u00e4 vastaavat mykologian professori Kathie T. Hodge ja kuolemantutkija Karl K\u00e4snapuu.<\/p>\n\n\n\n<p><em>Maapallolla on jo kaikki ne hiiliatomit, joita t\u00e4nne ylip\u00e4\u00e4t\u00e4\u00e4n tuleekaan. Ne ovat el\u00e4m\u00e4n perusta. Kasvit k\u00e4ytt\u00e4v\u00e4t taianomaista kyky\u00e4\u00e4n \u2013 yhteytt\u00e4mist\u00e4 \u2013 ja sitovat ilmasta hiilidioksidia pelk\u00e4n auringonvalon avulla. Hiilidioksidia ne k\u00e4ytt\u00e4v\u00e4t uusien molekyylien, kuten hiilihydraattien ja proteiinien tuottamiseen, jotka puolestaan ovat punajuurien, perunoiden, sipulien, sinun ja minun, ylip\u00e4\u00e4ns\u00e4 kaiken elollisen rakennuspalikoita. Homeiden erityisteht\u00e4v\u00e4n\u00e4 on pilkkoa kaikki elollinen ja vapauttaa hiilidioksidi takaisin ilmakeh\u00e4\u00e4n. El\u00e4m\u00e4n kierr\u00e4tyst\u00e4.<\/em><\/p>\n\n\n\n<p><em>Kierr\u00e4tt\u00e4ji\u00e4 ei juuri arvosteta, ja niiden kauneus on ehdottomasti aliarvostettua. Homeiden ja muiden kierr\u00e4tt\u00e4jien ansiosta on olemassa el\u00e4m\u00e4\u00e4 el\u00e4m\u00e4n j\u00e4lkeen.<\/em><\/p>\n\n\n\n<p>\u2013 Kathie T. Hodge<\/p>","protected":false},"excerpt":{"rendered":"<p>HEIKKI LEIS Heikki Leis on virolainen taiteilija, monitaituri, jonka ilmaisukeinovalikoima ulottuu kuvanveistosta \u00e4\u00e4rimm\u00e4isen yksityiskohtaisiin lyijykyn\u00e4piirroksiin ja valokuvaukseen. Leisin valokuvataide on eritt\u00e4in monipuolista. H\u00e4n kehitt\u00e4\u00e4 projekteihinsa aina uudenlaisen kuvakielen, ja tuotannon laajaan kirjoon kuuluu rooliasu- ja epookkikuvia, nyrj\u00e4ht\u00e4neit\u00e4 dokumenttikuvia sek\u00e4 otoksia kuvitteellisten elokuvien kohtauksista. Heikki Leisin vuosina 2005\u20132016 kuvaama Afterlife-sarja k\u00e4sitt\u00e4\u00e4 studiossa otettuja makrokuvia homekasvustoista, sienirihmastoista, [&hellip;]<\/p>","protected":false},"author":1,"featured_media":0,"parent":0,"menu_order":0,"comment_status":"closed","ping_status":"closed","template":"","meta":{"inline_featured_image":false,"footnotes":""},"class_list":["post-6748","page","type-page","status-publish","hentry"],"acf":[],"_links":{"self":[{"href":"https:\/\/www.fotografiska.ee\/sv\/wp-json\/wp\/v2\/pages\/6748"}],"collection":[{"href":"https:\/\/www.fotografiska.ee\/sv\/wp-json\/wp\/v2\/pages"}],"about":[{"href":"https:\/\/www.fotografiska.ee\/sv\/wp-json\/wp\/v2\/types\/page"}],"author":[{"embeddable":true,"href":"https:\/\/www.fotografiska.ee\/sv\/wp-json\/wp\/v2\/users\/1"}],"replies":[{"embeddable":true,"href":"https:\/\/www.fotografiska.ee\/sv\/wp-json\/wp\/v2\/comments?post=6748"}],"version-history":[{"count":1,"href":"https:\/\/www.fotografiska.ee\/sv\/wp-json\/wp\/v2\/pages\/6748\/revisions"}],"predecessor-version":[{"id":6749,"href":"https:\/\/www.fotografiska.ee\/sv\/wp-json\/wp\/v2\/pages\/6748\/revisions\/6749"}],"wp:attachment":[{"href":"https:\/\/www.fotografiska.ee\/sv\/wp-json\/wp\/v2\/media?parent=6748"}],"curies":[{"name":"wp","href":"https:\/\/api.w.org\/{rel}","templated":true}]}}