{"id":6430,"date":"2024-01-23T14:11:50","date_gmt":"2024-01-23T12:11:50","guid":{"rendered":"https:\/\/fotografiska.ee\/?page_id=6430"},"modified":"2025-02-16T15:12:43","modified_gmt":"2025-02-16T13:12:43","slug":"fotografiska-vastlakukkel-2025","status":"publish","type":"page","link":"https:\/\/www.fotografiska.ee\/sv\/fotografiska-vastlakukkel-2025\/","title":{"rendered":"Fotografiska vastlakukkel 2025"},"content":{"rendered":"<div id=\"piotnetforms\" class=\"piotnetforms piotnetforms-6429\" data-piotnetforms-shortcode-id=\"6429\"><form id=\"6429\" class=\"piotnetforms__form\" onsubmit=\"return false\" action=\"\"><div class=\"piotnet-section p5989887\">\t\t\t\t\t\t<div class=\"piotnet-section__container\"\n\t\t>\n\t\t<div class=\"piotnet-column p72332027\">\t\t\t\t\t\t<div class=\"piotnet-column__inner\"\n\t\t\t>\n\t\t<p class=\"p90016061\">2026 Fotografiska vastlakuklis kohtuvad erinevate maitsete dimensioonid \u2013 kergelt kardemonine kukkel, s\u00fcdameks Fotografsika ja Tori siidritalu koost\u00f6\u00f6s valminud j\u00e4\u00e4siidris hautatud s\u00e4rtsakas ebak\u00fcdoonia, seltsiks kr\u00f5mps p\u00e4hklipralinee. M\u00fctsina peas vahukoorest ja toorjuustust siidpehme kreem. Naudi seda suussulavat delikatessi, kus kohtuvad traditsioon ja loomingulisus!<\/p><p class=\"p20333403\">- Ebak\u00fcdoonia koos j\u00e4\u00e4siidriga lisab v\u00e4rsket hapukust, tuues esile P\u00f5hjamaade metsade karget maitset.\n- \u00d5rnalt kr\u00f5be pralinee avab end rikkaliku ja kreemja maitsega, mis \u00fchendab endas magusa ja p\u00e4hklise harmoonia.\n- Kergelt vahustatud koor kroonib selle maitsva kunstiteose, andes igale ampsule pehme ja rikkaliku tekstuuri.\n<\/p><p class=\"p01141476\">Naudi seda suussulavat delikatessi, kus kohtuvad traditsioon ja loomingulisus!<\/p><p class=\"p83886878\">Vastlakuklit on v\u00f5imalik tellida kunin 15.02 (48h enne vastlap\u00e4eva) hinnage 4.50 \u20ac.<\/p>\t\t<div class=\"p10161107 piotnetforms-spacer\">\n\t\t\t<div class=\"piotnetforms-spacer\"><\/div>\n\t\t<\/div>\n\t\t\t\t\n\t\t<div class=\"p7765416 piotnetforms-fields-wrapper piotnetforms-labels-above\">\n\t\t\t<div class=\"piotnetforms-field-type-text piotnetforms-field-group piotnetforms-column  piotnetforms-field-group-Kogus piotnetforms-col-100\">\n\t\t\t\t<label for=\"form-field-Kogus\" class=\"piotnetforms-field-label\">Kogus (miinimum 2tk)<\/label><div data-piotnetforms-required><\/div><div class=\"piotnetforms-field-container\"><input size=\"1\" class=\"piotnetforms-field piotnetforms-size-\" type=\"text\" name=\"form_fields[Kogus]\" id=\"form-field-Kogus\" autocomplete=\"on\" data-piotnetforms-default-value=\"\" data-piotnetforms-id=\"6429\"><\/div>\t\t\t<\/div>\n\t\t<\/div>\n\t\t\t\n\t\t<div class=\"p80847050 piotnetforms-fields-wrapper piotnetforms-labels-above\">\n\t\t\t<div class=\"piotnetforms-field-type-date piotnetforms-field-group piotnetforms-column  piotnetforms-field-group-K\u00e4ttesaamise aeg piotnetforms-col-100\">\n\t\t\t\t<label for=\"form-field-K\u00e4ttesaamise aeg\" class=\"piotnetforms-field-label\">Soovitud k\u00e4ttesaamise aeg (miinimum 48h)<\/label><div data-piotnetforms-required><\/div><div class=\"piotnetforms-field-container\"><input class=\"piotnetforms-field piotnetforms-size- piotnetforms-field-textual piotnetforms-date-field\" type=\"date\" name=\"form_fields[K\u00e4ttesaamise aeg]\" id=\"form-field-K\u00e4ttesaamise aeg\" autocomplete=\"on\" data-piotnetforms-default-value=\"\" data-piotnetforms-id=\"6429\" data-piotnetforms-date-calculate=\"\" data-piotnetforms-date-language=\"english\" data-date-format=\"F j, Y\"><\/div>\t\t\t<\/div>\n\t\t<\/div>\n\t\t\t\n\t\t<div class=\"p43938668 piotnetforms-fields-wrapper piotnetforms-labels-above\">\n\t\t\t<div class=\"piotnetforms-field-type-text piotnetforms-field-group piotnetforms-column  piotnetforms-field-group-Tellija piotnetforms-col-100 piotnetforms-field-required\">\n\t\t\t\t<label for=\"form-field-Tellija\" class=\"piotnetforms-field-label\">Tellija<\/label><div data-piotnetforms-required><\/div><div class=\"piotnetforms-field-container\"><input size=\"1\" class=\"piotnetforms-field piotnetforms-size-\" type=\"text\" name=\"form_fields[Tellija]\" id=\"form-field-Tellija\" autocomplete=\"on\" data-piotnetforms-default-value=\"\" required=\"required\" aria-required=\"true\" data-piotnetforms-id=\"6429\"><\/div>\t\t\t<\/div>\n\t\t<\/div>\n\t\t\t\n\t\t<div class=\"p82955783 piotnetforms-fields-wrapper piotnetforms-labels-above\">\n\t\t\t<div class=\"piotnetforms-field-type-text piotnetforms-field-group piotnetforms-column  piotnetforms-field-group-Tellija e-mail piotnetforms-col-100 piotnetforms-field-required\">\n\t\t\t\t<label for=\"form-field-Tellija e-mail\" class=\"piotnetforms-field-label\">Tellija e-mail<\/label><div data-piotnetforms-required><\/div><div class=\"piotnetforms-field-container\"><input size=\"1\" class=\"piotnetforms-field piotnetforms-size-\" type=\"text\" name=\"form_fields[Tellija e-mail]\" id=\"form-field-Tellija e-mail\" autocomplete=\"on\" data-piotnetforms-default-value=\"\" required=\"required\" aria-required=\"true\" data-piotnetforms-id=\"6429\"><\/div>\t\t\t<\/div>\n\t\t<\/div>\n\t\t\t\n\t\t<div class=\"p48436609 piotnetforms-fields-wrapper piotnetforms-labels-above\">\n\t\t\t<div class=\"piotnetforms-field-type-text piotnetforms-field-group piotnetforms-column  piotnetforms-field-group-Tellija tel nr piotnetforms-col-100 piotnetforms-field-required\">\n\t\t\t\t<label for=\"form-field-Tellija tel nr\" class=\"piotnetforms-field-label\">Tellija tel nr<\/label><div data-piotnetforms-required><\/div><div class=\"piotnetforms-field-container\"><input size=\"1\" class=\"piotnetforms-field piotnetforms-size-\" type=\"text\" name=\"form_fields[Tellija tel nr]\" id=\"form-field-Tellija tel nr\" autocomplete=\"on\" data-piotnetforms-default-value=\"\" required=\"required\" aria-required=\"true\" data-piotnetforms-id=\"6429\"><\/div>\t\t\t<\/div>\n\t\t<\/div>\n\t\t\t\n\t\t<div class=\"p69426128 piotnetforms-fields-wrapper piotnetforms-labels-above\">\n\t\t\t<div class=\"piotnetforms-field-type-textarea piotnetforms-field-group piotnetforms-column  piotnetforms-field-group-lisainfo piotnetforms-col-100\">\n\t\t\t\t<label for=\"form-field-lisainfo\" class=\"piotnetforms-field-label\">Lisainfo<\/label><div data-piotnetforms-required><\/div><div class=\"piotnetforms-field-container\"><textarea class=\"piotnetforms-field-textual piotnetforms-field piotnetforms-size-\" name=\"form_fields[lisainfo]\" id=\"form-field-lisainfo\" rows=\"4\" data-piotnetforms-default-value=\"\" data-piotnetforms-id=\"6429\"><\/textarea><\/div>\t\t\t<\/div>\n\t\t<\/div>\n\t<span class=\"p16669601\">Tellimuse saab k\u00e4tte kohviku kassast.<\/span>\t\t<div class=\"p70211333 piotnetforms-spacer\">\n\t\t\t<div class=\"piotnetforms-spacer\"><\/div>\n\t\t<\/div>\n\t\t<div class=\"piotnet-section p12186647\">\t\t\t\t\t\t<div class=\"piotnet-section__container\"\n\t\t>\n\t\t<div class=\"piotnet-column p42070322\">\t\t\t\t\t\t<div class=\"piotnet-column__inner\"\n\t\t\t>\n\t\t\n\t\t<div class=\"p67144990 piotnetforms-submit piotnetforms-button-wrapper\">\n\n\t\t\t\t<input type=\"hidden\" name=\"post_id\" value=\"6429\" data-piotnetforms-hidden-form-id=\"6429\"\/>\n\t\t<input type=\"hidden\" name=\"form_id\" value=\"p67144990\" data-piotnetforms-hidden-form-id=\"6429\"\/>\n\t\t<input type=\"hidden\" name=\"remote_ip\" value=\"216.73.216.254\" data-piotnetforms-hidden-form-id=\"6429\"\/>\n\n\t\t\n\t\t\n\t\t\n\t\t\n\t\t<button class=\"piotnetforms-button\" type=\"submit\" role=\"button\" data-piotnetforms-required-text=\"This field is required.\" data-piotnetforms-submit-form-id=\"6429\" data-piotnetforms-submit-keyboard=\"false\" data-piotnetforms-submit-hide=\"false\">\n\t\t\t\t\t<span class=\"piotnetforms-button-content-wrapper\">\n\t\t\t<span class=\"piotnetforms-button-text piotnetforms-spinner\"><span class=\"icon-spinner-of-dots\"><\/span><\/span>\n\t\t\t\t\t\t<span class=\"piotnetforms-button-text\">Saada<\/span>\n\t\t<\/span>\n\t\t\t\t<\/button>\n\t\t\n\t\t        \t\t        \t\t\n\t\t\n\t\t\n        \n            \t\t<div id=\"piotnetforms-trigger-success-6429\" data-piotnetforms-trigger-success=\"6429\" style=\"display: none\"><\/div>\n\t\t<div id=\"piotnetforms-trigger-failed-6429\" data-piotnetforms-trigger-failed=\"6429\" style=\"display: none\"><\/div>\n\t\t<div class=\"piotnetforms-alert piotnetforms-alert--mail\">\n\t\t\t<div class=\"piotnetforms-message piotnetforms-message-success\" role=\"alert\" data-piotnetforms-message=\"Tellimus edukalt saadetud!\">Tellimus edukalt saadetud!<\/div>\n\t\t\t<div class=\"piotnetforms-message piotnetforms-message-danger\" role=\"alert\" data-piotnetforms-message=\"An error occured.\">An error occured.<\/div>\n\t\t\t<!-- <div class=\"piotnetforms-message piotnetforms-help-inline\" role=\"alert\">Server error. Form not sent.<\/div> -->\n\t\t<\/div>\n\t\t\t\t<\/div>\n\t\t\t\t\t<\/div>\n\t\t<\/div><div class=\"piotnet-column p79995239\">\t\t\t\t\t\t<div class=\"piotnet-column__inner\"\n\t\t\t>\n\t\t\t\t\t<\/div>\n\t\t<\/div>\t\t\t<\/div>\n\t\t<\/div>\t\t\t<\/div>\n\t\t<\/div>\t\t\t<\/div>\n\t\t<\/div><link rel=\"stylesheet\" href=\"https:\/\/www.fotografiska.ee\/wp-content\/uploads\/piotnetforms\/css\/6429.css?ver=39\" media=\"all\"><input type=\"hidden\" name=\"trp-form-language\" value=\"sv\"\/><\/form><\/div><div data-piotnetforms-ajax-url=\"https:\/\/www.fotografiska.ee\/wp-admin\/admin-ajax.php\"><\/div><div data-piotnetforms-plugin-url=\"https:\/\/www.fotografiska.ee\/wp-content\/plugins\"><\/div><div data-piotnetforms-tinymce-upload=\"https:\/\/www.fotografiska.ee\/wp-content\/plugins\/piotnetforms-pro\/inc\/forms\/tinymce\/tinymce-upload.php\"><\/div><div data-piotnetforms-stripe-key=\"\"><\/div><div class=\"piotnetforms-break-point\" data-piotnetforms-break-point-md=\"1025\" data-piotnetforms-break-point-lg=\"767\"><\/div>\t\t\t\n\n\n\n<p><\/p>","protected":false},"excerpt":{"rendered":"","protected":false},"author":1,"featured_media":0,"parent":0,"menu_order":0,"comment_status":"closed","ping_status":"closed","template":"","meta":{"inline_featured_image":false,"footnotes":""},"class_list":["post-6430","page","type-page","status-publish","hentry"],"acf":[],"_links":{"self":[{"href":"https:\/\/www.fotografiska.ee\/sv\/wp-json\/wp\/v2\/pages\/6430"}],"collection":[{"href":"https:\/\/www.fotografiska.ee\/sv\/wp-json\/wp\/v2\/pages"}],"about":[{"href":"https:\/\/www.fotografiska.ee\/sv\/wp-json\/wp\/v2\/types\/page"}],"author":[{"embeddable":true,"href":"https:\/\/www.fotografiska.ee\/sv\/wp-json\/wp\/v2\/users\/1"}],"replies":[{"embeddable":true,"href":"https:\/\/www.fotografiska.ee\/sv\/wp-json\/wp\/v2\/comments?post=6430"}],"version-history":[{"count":2,"href":"https:\/\/www.fotografiska.ee\/sv\/wp-json\/wp\/v2\/pages\/6430\/revisions"}],"predecessor-version":[{"id":7363,"href":"https:\/\/www.fotografiska.ee\/sv\/wp-json\/wp\/v2\/pages\/6430\/revisions\/7363"}],"wp:attachment":[{"href":"https:\/\/www.fotografiska.ee\/sv\/wp-json\/wp\/v2\/media?parent=6430"}],"curies":[{"name":"wp","href":"https:\/\/api.w.org\/{rel}","templated":true}]}}