{"id":7376,"date":"2025-03-12T15:03:15","date_gmt":"2025-03-12T13:03:15","guid":{"rendered":"https:\/\/fotografiska.ee\/?page_id=7376"},"modified":"2025-03-12T15:03:18","modified_gmt":"2025-03-12T13:03:18","slug":"elliot-intro-fi","status":"publish","type":"page","link":"https:\/\/www.fotografiska.ee\/fi\/elliot-intro-fi\/","title":{"rendered":"Elliot Intro FI"},"content":{"rendered":"<p>T\u00e4m\u00e4 retrospektiivin\u00e4yttely on Fotografiskan kunnianosoitus kulttivalokuvaajalle Elliott Erwittille (1928\u20132023). N\u00e4yttely on l\u00e4pileikkaus Erwittin seitsem\u00e4n vuosikymment\u00e4 kest\u00e4neest\u00e4 urasta. Erwittill\u00e4 oli poikkeuksellinen kyky olla oikeaan aikaan oikeassa paikassa. H\u00e4n kuvasi arkisia hetki\u00e4 l\u00e4mm\u00f6ll\u00e4 ja tunteella pilke silm\u00e4kulmassa.<\/p>\n\n\n\n<p>Elliott Erwitt syntyi Pariisissa. H\u00e4nen vanhempansa olivat ven\u00e4l\u00e4istaustaisia. Lapsuutensa Erwitt vietti Milanossa ja emigroitui vuonna 1939 perheens\u00e4 kanssa Ranskan kautta Yhdysvaltoihin. Valokuvauksesta Erwitt kiinnostui teini-ik\u00e4isen\u00e4 asuessaan Hollywoodissa. Ennen kuin h\u00e4n aloitti valokuvauskokeilut Los Angelesin City Collegessa, h\u00e4n ty\u00f6skenteli kaupallisessa pimi\u00f6ss\u00e4, jossa h\u00e4nen teht\u00e4v\u00e4n\u00e4\u00e4n oli valmistaa nimikirjoituksin varustettuja filmit\u00e4htien kuvia heid\u00e4n faneilleen. Vuonna 1948 Erwitt muutti New Yorkiin ja vaihtoi talonmiehenty\u00f6ns\u00e4 elokuvakursseihin New School for Social Research -instituutissa. New Yorkin aikoinaan Erwitt tutustui muun muassa Edward Steicheniin, Robert Capaan ja Roy Strykeriin, joka oli aiemmin toiminut maaseudun hyvinvointia edist\u00e4v\u00e4n viraston johtajana. Stryker palkkasi Erwittin ensin hoitamaan \u00f6ljy-yhti\u00f6 Standard Oilin valokuvakokoelmaa ja sen j\u00e4lkeen hankkeeseen, jossa dokumentoitiin Pittsburghin kaupunkia.&nbsp;Seuraavana vuonna Erwitt palasi Eurooppaan ja kierteli Ranskassa ja Italiassa kuvaamassa uskollisella Rolleiflex-kamerallaan. Siit\u00e4 alkoi h\u00e4nen valokuvaajan uransa. Vuonna 1951 Erwitt v\u00e4rv\u00e4ttiin asepalvelukseen. Palvelusaikanaan h\u00e4n toimi sek\u00e4 Saksan ett\u00e4 Ranskan viestijoukoissa erilaisissa valokuvaukseen liittyviss\u00e4 teht\u00e4viss\u00e4.<\/p>\n\n\n\n<p>Vuonna 1953 Magnum Photos -kuvatoimiston johtaja Robert Capa kutsui Erwittin kuvatoimistonsa j\u00e4seneksi. Tuolloin Erwitt ty\u00f6skenteli freelancekuvaajana muun muassa aikakauslehdiss\u00e4 Collier\u2019s, Look, LIFE ja Holiday. Samalla h\u00e4n tuli kuvittaneeksi n\u00e4iden julkaisujen kukoistuskautta. 1960-luvun lopulla Erwitt toimi kolme vuotta Magnumin puheenjohtajana. 1970-luvulla h\u00e4n ty\u00f6skenteli edelleen valokuvaanaja ja ryhtyi lis\u00e4ksi tuottamaan elokuvia. H\u00e4n tuotti useita merkitt\u00e4vi\u00e4 dokumenttielokuvia ja 1980-luvulla kaikkiaan 18 komediaa HBO-lle.<\/p>\n\n\n\n<p>Kilpaillulla valokuva-alalla Erwitt onnistui aina s\u00e4ilytt\u00e4m\u00e4\u00e4n johtavan aseman. H\u00e4nen kuvareportaasejaan, kuvituksiaan ja mainoskuviaan on julkaistu eri puolilla maailmaa yli puolen vuosisadan ajan. Erwittin kuvat tunnetaan lempe\u00e4st\u00e4 ironiasta ja Magnumin kuvaajille tyypillisest\u00e4 herk\u00e4n inhimillisest\u00e4 otteesta.<\/p>\n\n\n\n<p>T\u00e4ss\u00e4 n\u00e4yttelyss\u00e4 on esill\u00e4 yli sata kuvaa Erwittin uran eri vaiheista. Varhaisimmat niist\u00e4 ovat vuodelta 1949. Esill\u00e4 on sek\u00e4 Erwittin ikonisia mustavalkokuvia ett\u00e4 v\u00e4hemm\u00e4n tunnettuja teoksia ja uudempia v\u00e4rikuvia. N\u00e4yttely koostuu sarjoista Kaupunkeja, Sukupuolten v\u00e4lisi\u00e4 suhteita, Mit\u00e4 naisiin tulee, Lapsia, Rannalla, Henkil\u00f6it\u00e4, Museossa n\u00e4hty\u00e4, Abstrahointia sek\u00e4 videolla n\u00e4ht\u00e4v\u00e4st\u00e4 sarjasta Koirat.<\/p>\n\n\n\n<p>N\u00e4yttelyn on kuratoinut Fotografiskan kansainv\u00e4listen n\u00e4yttelyiden p\u00e4\u00e4llikk\u00f6 Jessica Jarl.<\/p>\n\n\n\n<p>Kaikki ovat ovat esill\u00e4 Elliott Erwittin \/ Magnum Photosin luvalla<\/p>","protected":false},"excerpt":{"rendered":"<p>T\u00e4m\u00e4 retrospektiivin\u00e4yttely on Fotografiskan kunnianosoitus kulttivalokuvaajalle Elliott Erwittille (1928\u20132023). N\u00e4yttely on l\u00e4pileikkaus Erwittin seitsem\u00e4n vuosikymment\u00e4 kest\u00e4neest\u00e4 urasta. Erwittill\u00e4 oli poikkeuksellinen kyky olla oikeaan aikaan oikeassa paikassa. H\u00e4n kuvasi arkisia hetki\u00e4 l\u00e4mm\u00f6ll\u00e4 ja tunteella pilke silm\u00e4kulmassa. Elliott Erwitt syntyi Pariisissa. H\u00e4nen vanhempansa olivat ven\u00e4l\u00e4istaustaisia. Lapsuutensa Erwitt vietti Milanossa ja emigroitui vuonna 1939 perheens\u00e4 kanssa Ranskan kautta [&hellip;]<\/p>","protected":false},"author":1,"featured_media":0,"parent":0,"menu_order":0,"comment_status":"closed","ping_status":"closed","template":"","meta":{"inline_featured_image":false,"footnotes":""},"class_list":["post-7376","page","type-page","status-publish","hentry"],"acf":[],"_links":{"self":[{"href":"https:\/\/www.fotografiska.ee\/fi\/wp-json\/wp\/v2\/pages\/7376"}],"collection":[{"href":"https:\/\/www.fotografiska.ee\/fi\/wp-json\/wp\/v2\/pages"}],"about":[{"href":"https:\/\/www.fotografiska.ee\/fi\/wp-json\/wp\/v2\/types\/page"}],"author":[{"embeddable":true,"href":"https:\/\/www.fotografiska.ee\/fi\/wp-json\/wp\/v2\/users\/1"}],"replies":[{"embeddable":true,"href":"https:\/\/www.fotografiska.ee\/fi\/wp-json\/wp\/v2\/comments?post=7376"}],"version-history":[{"count":1,"href":"https:\/\/www.fotografiska.ee\/fi\/wp-json\/wp\/v2\/pages\/7376\/revisions"}],"predecessor-version":[{"id":7377,"href":"https:\/\/www.fotografiska.ee\/fi\/wp-json\/wp\/v2\/pages\/7376\/revisions\/7377"}],"wp:attachment":[{"href":"https:\/\/www.fotografiska.ee\/fi\/wp-json\/wp\/v2\/media?parent=7376"}],"curies":[{"name":"wp","href":"https:\/\/api.w.org\/{rel}","templated":true}]}}