{"id":7291,"date":"2025-01-22T08:41:02","date_gmt":"2025-01-22T06:41:02","guid":{"rendered":"https:\/\/fotografiska.ee\/?page_id=7291"},"modified":"2025-01-23T20:12:10","modified_gmt":"2025-01-23T18:12:10","slug":"lembit-peegel-male-fi","status":"publish","type":"page","link":"https:\/\/www.fotografiska.ee\/fi\/lembit-peegel-male-fi\/","title":{"rendered":"Lembit Peegel Male Fi"},"content":{"rendered":"<p>Virolaiset innostuivat shakista kilpailulajina 1930-luvulla, jolloin miesten maajoukkue menestyi shakkiolympialaisissa. Ennen toista maailmansotaa nuori Paul Keres singahti komeetan lailla lajin huipulle. Keres voitti 18-vuotiaana Viron mestaruuden aikuisten sarjassa. Nyky\u00e4\u00e4n mestaruus sen ik\u00e4isen\u00e4 ei ole harvinaista, mutta tuohon aikaan se oli.&nbsp;&nbsp;<\/p>\n\n\n\n<p>Keresin ilmi\u00f6m\u00e4iseen suosioon vaikutti omalta osaltaan h\u00e4nen persoonansa. Keres oli \u00e4lyk\u00e4s, kohtelias ja saavutustensa suhteen vaatimaton. H\u00e4n pysyi shakkimaailman huipulla l\u00e4hes 40 vuotta aikana, jolloin Virossa ehti valta vaihtua moneen kertaan. Keres olisi p\u00e4\u00e4ssyt osallistumaan shakin maailmanmestaruuskilpailuihin, mutta valitettavasti se mahdollisuus katosi maailmansodan puhkeamisen takia. Sodan j\u00e4lkeen Keres p\u00e4\u00e4tyi osaksi Neuvostoliiton urheiluj\u00e4rjestelm\u00e4\u00e4, jossa shakilla oli vallanpit\u00e4jien silmiss\u00e4 erityinen rooli ja asema. Urheiluun liittym\u00e4tt\u00f6mist\u00e4 syist\u00e4 \u2013 Keresin l\u00e4nsimielisyyden takia \u2013 Neuvostoliiton viranomaiset eiv\u00e4t suhtautuneet Keresiin suopeasti eik\u00e4 h\u00e4n siksi p\u00e4\u00e4ssyt pelaamaan maailmanmestaruudesta. Monet pitiv\u00e4t Keresi\u00e4 niin taitavana pelaajana, ett\u00e4 h\u00e4n olisi voinut voittaa maailmanmestaruuden, jos vain yhteiskuntaj\u00e4rjestelm\u00e4 olisi sen sallinut.&nbsp;<\/p>\n\n\n\n<p>Luultavasti juuri Keres-ilmi\u00f6n takia shakilla oli merkitt\u00e4v\u00e4 sija toisen maailmansodan j\u00e4lkeisen Viron urheiluel\u00e4m\u00e4ss\u00e4. Merkitt\u00e4vin shakkiturnaus oli Paul Keresin muistoturnaus, Tallinnan shakkiturnauksen seuraaja. Paikallisiin turnauksiin osallistui Neuvostoliiton ja koko maailman parhaita pelaajia, kuten Boris Spasski ja Viktor Kort\u0161noi. He saavuttivat urahuippunsa edustaessaan Neuvostoliittoa ja muuttivat sittemmin p\u00e4\u00e4asissa poliittisista syist\u00e4 ulkomaille.&nbsp;<\/p>\n\n\n\n<p>Lembit Ollista ja Jaan Ehlvestist\u00e4 toivottiin seuraavan sukupolven shakkitaitureita, ja sellaisia heist\u00e4 my\u00f6s tuli. Oll menestyi erinomaisesti nuorten sarjassa 1980-luvlla. H\u00e4n voitti Viron mestaruuden jo 15-vuotiaana, ja pian sen j\u00e4lkeen h\u00e4nest\u00e4 tuli Neuvostoliiton nuorin kansainv\u00e4linen mestari. Suurmestarin arvonimen h\u00e4n sai 24-vuotiaana.&nbsp;<\/p>\n\n\n\n<p>Jaan Ehlvest nousi kansainv\u00e4lisen shakkiliiton FIDE:n ranking-listalla viidenneksi. Shakkimaailmassa sijoitus tarkoittaa, ett\u00e4 pelaaja kuuluu parhaimmistoon. Vuonna 1987 Ehlvest sai suurmestarin arvonimen kaikkien aikojen toisena virolaisena Paul Keresin j\u00e4lkeen. Ehlvest voitti shakkiolympialaiset Neuvostoliiton joukkueessa ja menestyi maailman kuuluisimmissa shakkiturnauksissa.&nbsp;&nbsp;<\/p>","protected":false},"excerpt":{"rendered":"<p>Virolaiset innostuivat shakista kilpailulajina 1930-luvulla, jolloin miesten maajoukkue menestyi shakkiolympialaisissa. Ennen toista maailmansotaa nuori Paul Keres singahti komeetan lailla lajin huipulle. Keres voitti 18-vuotiaana Viron mestaruuden aikuisten sarjassa. Nyky\u00e4\u00e4n mestaruus sen ik\u00e4isen\u00e4 ei ole harvinaista, mutta tuohon aikaan se oli.&nbsp;&nbsp; Keresin ilmi\u00f6m\u00e4iseen suosioon vaikutti omalta osaltaan h\u00e4nen persoonansa. Keres oli \u00e4lyk\u00e4s, kohtelias ja saavutustensa suhteen [&hellip;]<\/p>","protected":false},"author":1,"featured_media":0,"parent":0,"menu_order":0,"comment_status":"closed","ping_status":"closed","template":"","meta":{"inline_featured_image":false,"footnotes":""},"class_list":["post-7291","page","type-page","status-publish","hentry"],"acf":[],"_links":{"self":[{"href":"https:\/\/www.fotografiska.ee\/fi\/wp-json\/wp\/v2\/pages\/7291"}],"collection":[{"href":"https:\/\/www.fotografiska.ee\/fi\/wp-json\/wp\/v2\/pages"}],"about":[{"href":"https:\/\/www.fotografiska.ee\/fi\/wp-json\/wp\/v2\/types\/page"}],"author":[{"embeddable":true,"href":"https:\/\/www.fotografiska.ee\/fi\/wp-json\/wp\/v2\/users\/1"}],"replies":[{"embeddable":true,"href":"https:\/\/www.fotografiska.ee\/fi\/wp-json\/wp\/v2\/comments?post=7291"}],"version-history":[{"count":2,"href":"https:\/\/www.fotografiska.ee\/fi\/wp-json\/wp\/v2\/pages\/7291\/revisions"}],"predecessor-version":[{"id":7306,"href":"https:\/\/www.fotografiska.ee\/fi\/wp-json\/wp\/v2\/pages\/7291\/revisions\/7306"}],"wp:attachment":[{"href":"https:\/\/www.fotografiska.ee\/fi\/wp-json\/wp\/v2\/media?parent=7291"}],"curies":[{"name":"wp","href":"https:\/\/api.w.org\/{rel}","templated":true}]}}