{"id":7262,"date":"2025-01-19T21:36:27","date_gmt":"2025-01-19T19:36:27","guid":{"rendered":"https:\/\/fotografiska.ee\/?page_id=7262"},"modified":"2025-01-23T20:13:27","modified_gmt":"2025-01-23T18:13:27","slug":"lembit-peegel-intro-fi","status":"publish","type":"page","link":"https:\/\/www.fotografiska.ee\/fi\/lembit-peegel-intro-fi\/","title":{"rendered":"Lembit Peegel-Intro-Fi"},"content":{"rendered":"<p>N\u00e4yttely <em>Peegel aikansa peilin\u00e4<\/em> on l\u00e4pileikkaus urheilukuvaaja Lembit Peegelin tuotannosta. Vahvat ja paljonpuhuvat kuvat kertovat Viron urheilukulttuurin tarinaa vuosilta 1970\u20131990. Mukana on my\u00f6s uudempia urheilukuvia. 1970\u20131990-luvuilla Lembit Peegel kuvasi pitk\u00e4lti harrastuspohjalta. H\u00e4n kiersi urheilukilpailuissa omistautuneesti, intohimoisesti ja m\u00e4\u00e4r\u00e4tietoisesti. Peegelill\u00e4 on poikkeuksellinen kyky vangita kuviinsa urheilun vieh\u00e4tys, ihanuus ja tuska. Sen ansiosta h\u00e4nen filmeilleen on tallentunut urheilun huippuhetki\u00e4, jotka omalta osaltaan ovat muokanneet Viron yhteiskuntaa ja kulttuurihistoriaa.&nbsp;<\/p>\n\n\n\n<p>N\u00e4yttelyn p\u00e4\u00e4paino on Peegelin tallentamissa historiallisissa hetkiss\u00e4 ja tunteikkaissa tilannekuvissa, joista ilmenee valokuvaajan mestarillisuus, rohkeus ja nopea reagointikyky.&nbsp; Mustavalkokuvareportaasit ajalleen tyypillisist\u00e4 mestaruuskisoista ja kansanurheilutapahtumista saavat n\u00e4yttelyss\u00e4 rinnalleen kuvia Viron osallistumisesta olympialaisiin ensimm\u00e4ist\u00e4 kertaa uuden itsen\u00e4istymisens\u00e4 j\u00e4lkeen. Osallistuminen vahvisti virolaisten itseluottamusta ja siivitti maan nousua. N\u00e4yttelyss\u00e4 on esill\u00e4 my\u00f6s runsaan yksityiskohtaisia, ajan henke\u00e4 huokuvia otoksia voimailulajien, joukkuelajien, voimistelun ja \u0161akin historiasta. Tilanteiden tunnelmat v\u00e4littyv\u00e4t Lembit Peegelin tarkan ja herk\u00e4n katseen kautta.&nbsp;<\/p>\n\n\n\n<p>LEMBIT PEEGEL (s. 1936) sai ensi kosketuksensa urheiluun nuorena poikana 1950-luvulla, jolloin h\u00e4n olosuhteista johtuvista syist\u00e4 \u2013 itsepuolustukseksi \u2013 aloitti nyrkkeilyn. Nyrkkeileminen loi perustan Peegelin tulevalle ammatille, opetti h\u00e4nt\u00e4 ymm\u00e4rt\u00e4m\u00e4\u00e4n urheilua yh\u00e4 syv\u00e4llisemmin ja olemaan samaan aikaan nopea ja tarkka. Urheilua Peegel alkoi valokuvata 1960-luvun alussa. Ensimm\u00e4isen suunnitellun urheilukuvansa h\u00e4n otti vuonna 1962 ty\u00f6skennelless\u00e4\u00e4n Tallinnan korutehtaassa hiojana. Peegel poistui t\u00f6ist\u00e4 \u201dl\u00e4\u00e4k\u00e4riin\u201d, jotta p\u00e4\u00e4si kuvaamaan Jaan Taltsia, joka yritti rikkoa painonnoston maailmanenn\u00e4tyst\u00e4. Pian Peegel tutustui urheilulehti Kehakultuurin valokuvaajaan Gunnar Vaidlaan, jota h\u00e4n edelleen pit\u00e4\u00e4 t\u00e4rkeimp\u00e4n\u00e4 ammatillisena esikuvanaan ja suunnann\u00e4ytt\u00e4j\u00e4n\u00e4. Urheilukuvaus tuli Peegelin el\u00e4m\u00e4\u00e4n j\u00e4\u00e4d\u00e4kseen ja urheilukuvaamisen kautta my\u00f6s urheilu. Peegel on todennut, ett\u00e4 ilman vaimonsa ja perheens\u00e4 ymm\u00e4rryst\u00e4 ja tukea h\u00e4n ei olisi voinut samalla tavalla omistautua urheilulle.&nbsp;<\/p>\n\n\n\n<p>Lembit Peegel sai uralleen vauhtia legendaarisesta Spordileht-julkaisusta, joka parhaimpina aikoinaan ilmestyi kolme kertaa viikossa ja jonka suurin painosm\u00e4\u00e4r\u00e4 oli jopa 70\u202f000. N\u00e4m\u00e4 luvut kertovat paljon urheilun (sen aikaisesta) asemasta virolaisessa yhteiskunnassa ja kulttuurissa. Nuoresta nyrkkeilij\u00e4st\u00e4 Lembitist\u00e4 oli kasvanut nopealiikkeinen ja laaja-alainen urheilukuvaaja. H\u00e4nen nimens\u00e4 j\u00e4i koristamaan kuvia t\u00e4rke\u00e4st\u00e4 ja merkityksellisest\u00e4 vaiheesta Viron urheiluhistoriassa.&nbsp;&nbsp;<\/p>\n\n\n\n<p>Viron uudelleen itsen\u00e4istymisen alla ja sen ensimm\u00e4isin\u00e4 vuosina urheilulla oli erityinen asema kansallisen identiteetin rakentajana. Vasta tuolloin Lembit Peegel p\u00e4\u00e4si ensimm\u00e4ist\u00e4 kertaa el\u00e4m\u00e4ss\u00e4\u00e4n kuvaamaan olympialaisia. H\u00e4n oli silloin jo viisikymppinen. Noihin aikoihin hiiht\u00e4j\u00e4 Allar Levandi ja ratapy\u00f6r\u00e4ilij\u00e4 Erika Salum\u00e4e yhdistiv\u00e4t kansaa. Lembit Peegelin kuvat tekiv\u00e4t yhteis\u00f6llisyyden kokemuksesta n\u00e4kyv\u00e4n ja tallensivat sen kansakunnan muistiin.&nbsp;<\/p>\n\n\n\n<p>Lembit Peegelin kokoelmassa on noin 600\u202f000 negatiivia. Digikuvat mukaan lukien h\u00e4nen tuotantonsa k\u00e4sitt\u00e4\u00e4 noin miljoona kuvaa. Fotografiskan n\u00e4yttely <em>Peegel aikansa peilin\u00e4<\/em> on Lembit Peegelin ensimm\u00e4inen yksityisn\u00e4yttely. N\u00e4yttelyss\u00e4 on esill\u00e4 lukuisia ennenn\u00e4kem\u00e4tt\u00f6mi\u00e4 kuvia Peegelin mittavasta kokoelmasta.&nbsp;<\/p>\n\n\n\n<p>Lembit Peegel kuvaa edelleen ja h\u00e4net voi yh\u00e4 n\u00e4hd\u00e4 urheilutapahtumissa kameransa kanssa.&nbsp;<\/p>\n\n\n\n<p>N\u00e4yttelyn toteutus: Are Altraja, Peeter Keek, Siim Randoja, Kaarel Antons, Andres Keil, Jaak Kilmi, Tiit Karuks, Kaire Guthan, Margit Aasm\u00e4e, Maarja Loorents, Jorven Viilik, Mattias Ots, Kaisa-Maarja P\u00e4rtel, Britta Talving, Kristel Kont, Siim Loog, Andres Toodo&nbsp;<\/p>\n\n\n\n<p><em>Valokuvien ja n\u00e4yttelyn tekstit perustuvat Lembit Peegelin tarkkoihin muistoihin ja el\u00e4viin kertomuksiin tapahtumista. Viron urheilu- ja olympiamuseon historioitsija Kaarel Antons ja journalisti Tiit Karuks (el\u00e4kkeell\u00e4) ovat antaneet merkitt\u00e4v\u00e4n panoksen tekstien laatimiseen.<\/em>&nbsp;<\/p>\n\n\n\n<p>Lembit Peegelin el\u00e4m\u00e4nvaiheita:&nbsp;<\/p>\n\n\n\n<ul class=\"wp-block-list\">\n<li>syntynyt 18.10.1936 Tallinnassa\u00a0<\/li>\n<\/ul>\n\n\n\n<ul class=\"wp-block-list\">\n<li>Tallinnan nuorten mestaruus nyrkkeilyn k\u00e4rp\u00e4ssarjassa 1954\u00a0<\/li>\n<\/ul>\n\n\n\n<ul class=\"wp-block-list\">\n<li>hiojana Tallinnan korutehtaassa 1956\u20131963\u00a0<\/li>\n<\/ul>\n\n\n\n<ul class=\"wp-block-list\">\n<li>nyrkkeilyn Tallinnan-mestari 1956 ja 1957\u00a0<\/li>\n<\/ul>\n\n\n\n<ul class=\"wp-block-list\">\n<li>hopeaa nyrkkeilyn Viron mestaruuskisoissa k\u00e4rp\u00e4ssarjassa (korkeintaan 51 kg) 1957 ja 1958\u00a0<\/li>\n<\/ul>\n\n\n\n<ul class=\"wp-block-list\">\n<li>Neuvostoliiton valtakunnallisen Spartak-urheiluseuran nyrkkeilymestaruus 1955\u20131958\u00a0<\/li>\n<\/ul>\n\n\n\n<ul class=\"wp-block-list\">\n<li>Lembit Peegelin ensimm\u00e4inen suunniteltu urheilukuva 1962\u00a0<\/li>\n<\/ul>\n\n\n\n<ul class=\"wp-block-list\">\n<li>lukkosepp\u00e4n\u00e4 ja mittauslaboratorion ty\u00f6ntekij\u00e4n\u00e4 Tallinnan mittaritehtaassa 1963\u20131977\u00a0<\/li>\n<\/ul>\n\n\n\n<ul class=\"wp-block-list\">\n<li>Maaleht-sanomalehden ensimm\u00e4isen\u00e4 valokuvaajana 1987\u20131989\u202f\u00a0<\/li>\n<\/ul>\n\n\n\n<ul class=\"wp-block-list\">\n<li>valokuvaajana Spordileht-urheilulehdess\u00e4 1989\u20131993\u00a0<\/li>\n<\/ul>\n\n\n\n<ul class=\"wp-block-list\">\n<li>valokuvaajana Viron neuvostotasavallan autoliiton Automin keskusorganisaatiossa 1977\u20131987\u00a0<\/li>\n<\/ul>\n\n\n\n<ul class=\"wp-block-list\">\n<li>valokuvaajana ja Ajapeegel-palstan toimittajana sanomalehdiss\u00e4 P\u00e4evaleht ja Eesti P\u00e4evaleht 1993\u20132000\u00a0<\/li>\n<\/ul>\n\n\n\n<ul class=\"wp-block-list\">\n<li>freelancevalokuvaajana vuodesta 2000\u00a0<\/li>\n<\/ul>\n\n\n\n<ul class=\"wp-block-list\">\n<li>Sport-lehden avustajana 2015\u00a0<\/li>\n<\/ul>\n\n\n\n<ul class=\"wp-block-list\">\n<li>kuvannut neljiss\u00e4 olympialaisissa: Barcelonassa 1992, Lillehammerissa 1994, Atlantassa 1996 ja Naganossa 1998\u00a0<\/li>\n<\/ul>\n\n\n\n<ul class=\"wp-block-list\">\n<li>Tunnustuksia: suomalaisvirolaisen valokuvausmaaottelun p\u00e4\u00e4palkinto (1969 ja 1989), Edasi-lehden ansiomerkki (1989), valkoisen ristin V luokan ansiomerkki (2001), valtiollinen urheilun el\u00e4m\u00e4nty\u00f6palkinto (2008), Viron jalkapalloliiton hopeinen ansiomerkki (2009), kansainv\u00e4lisen olympiakomitean tunnustus Rajojen yli (2016), Viron olympiakomitea 100 -tunnustus (2023)\u00a0<\/li>\n<\/ul>","protected":false},"excerpt":{"rendered":"<p>N\u00e4yttely Peegel aikansa peilin\u00e4 on l\u00e4pileikkaus urheilukuvaaja Lembit Peegelin tuotannosta. Vahvat ja paljonpuhuvat kuvat kertovat Viron urheilukulttuurin tarinaa vuosilta 1970\u20131990. Mukana on my\u00f6s uudempia urheilukuvia. 1970\u20131990-luvuilla Lembit Peegel kuvasi pitk\u00e4lti harrastuspohjalta. H\u00e4n kiersi urheilukilpailuissa omistautuneesti, intohimoisesti ja m\u00e4\u00e4r\u00e4tietoisesti. Peegelill\u00e4 on poikkeuksellinen kyky vangita kuviinsa urheilun vieh\u00e4tys, ihanuus ja tuska. Sen ansiosta h\u00e4nen filmeilleen on tallentunut [&hellip;]<\/p>","protected":false},"author":1,"featured_media":0,"parent":0,"menu_order":0,"comment_status":"closed","ping_status":"closed","template":"","meta":{"inline_featured_image":false,"footnotes":""},"class_list":["post-7262","page","type-page","status-publish","hentry"],"acf":[],"_links":{"self":[{"href":"https:\/\/www.fotografiska.ee\/fi\/wp-json\/wp\/v2\/pages\/7262"}],"collection":[{"href":"https:\/\/www.fotografiska.ee\/fi\/wp-json\/wp\/v2\/pages"}],"about":[{"href":"https:\/\/www.fotografiska.ee\/fi\/wp-json\/wp\/v2\/types\/page"}],"author":[{"embeddable":true,"href":"https:\/\/www.fotografiska.ee\/fi\/wp-json\/wp\/v2\/users\/1"}],"replies":[{"embeddable":true,"href":"https:\/\/www.fotografiska.ee\/fi\/wp-json\/wp\/v2\/comments?post=7262"}],"version-history":[{"count":2,"href":"https:\/\/www.fotografiska.ee\/fi\/wp-json\/wp\/v2\/pages\/7262\/revisions"}],"predecessor-version":[{"id":7308,"href":"https:\/\/www.fotografiska.ee\/fi\/wp-json\/wp\/v2\/pages\/7262\/revisions\/7308"}],"wp:attachment":[{"href":"https:\/\/www.fotografiska.ee\/fi\/wp-json\/wp\/v2\/media?parent=7262"}],"curies":[{"name":"wp","href":"https:\/\/api.w.org\/{rel}","templated":true}]}}