{"id":7000,"date":"2024-08-31T11:14:10","date_gmt":"2024-08-31T08:14:10","guid":{"rendered":"https:\/\/fotografiska.ee\/?page_id=7000"},"modified":"2024-09-12T22:46:33","modified_gmt":"2024-09-12T19:46:33","slug":"aneta-grzeszykowska-fi","status":"publish","type":"page","link":"https:\/\/www.fotografiska.ee\/fi\/aneta-grzeszykowska-fi\/","title":{"rendered":"Aneta Grzeszykowska-FI"},"content":{"rendered":"<p><strong>Aneta Grzeszykowska<br><\/strong>synt. 1974, Puola<br><br>Puolalainen taiteilija Aneta Grzeszykowska ty\u00f6skentelee valokuvauksen ja elokuvien parissa, ja k\u00e4ytt\u00e4\u00e4 niit\u00e4 v\u00e4linein\u00e4 tutkiessaan ruumiiseen ja identiteettiin liittyvi\u00e4 taiteellisia visioita ja ideoita.<\/p>\n\n\n\n<p><em>Selfie<\/em> on itseluomisen prosessia k\u00e4sittelev\u00e4 sarja. Grzeszykowska luo omaa kehoaan esitt\u00e4vi\u00e4 h\u00e4tk\u00e4hdytt\u00e4v\u00e4n veistoksellisia sian nahasta valmistettuja sirpaleita, jotka esitet\u00e4\u00e4n sileit\u00e4 nahkataustoja vasten. Selfiet omaksuvat ep\u00e4tavallisen luonteen, kun h\u00e4n rakentaa omakuvia monista paloista. Grzeszykowska hajottaa oman kuvansa eri tavoin ja manipuloi kehostaan ottamiaan kuvia \u2013 rakentaen sille lopulta l\u00e4hes veistoksellisen vastineen. Elokuva <em>Headache<\/em> on yritys saada el\u00e4m\u00e4 j\u00e4lleen j\u00e4rjestykseen. Se on hienostunut, eksistentiaalinen koreografia, joka osuu erilaisiin tyylillisiin s\u00e4vyihin groteskista animaatiosta surrealistiseen harhan\u00e4kyyn. R\u00e4j\u00e4hdyksen koettuaan taiteilijan sirpaloituneen ruumiin osat aloittavat oman erillisen el\u00e4m\u00e4ns\u00e4 ja yritt\u00e4v\u00e4t l\u00f6yt\u00e4\u00e4 toisensa, kunnes muodostavat yhdess\u00e4 uuden Anetan \u2013 puolijumalattaren, puolihirvi\u00f6n.<br><br><em>Selfie #1<\/em>, sarjasta <em>Selfie, <\/em>2014<br><em>Selfie #12<\/em>, sarjasta <em>Selfie, <\/em>2014<br><em>Selfie #11<\/em>, sarjasta <em>Selfie, <\/em>2014<br><em>Selfie #16<\/em>, sarjasta <em>Selfie, <\/em>2014<br><em>Selfie #19<\/em>, sarjasta <em>Selfie, <\/em>2014<br><em>Selfie #14<\/em>, sarjasta <em>Selfie, <\/em>2014<br><em>Selfie #3<\/em>, sarjasta <em>Selfie, <\/em>2014<br><em>Headache<\/em>, 11 min 30 sek. toistuva video, 2008<\/p>","protected":false},"excerpt":{"rendered":"<p>Aneta Grzeszykowskasynt. 1974, Puola Puolalainen taiteilija Aneta Grzeszykowska ty\u00f6skentelee valokuvauksen ja elokuvien parissa, ja k\u00e4ytt\u00e4\u00e4 niit\u00e4 v\u00e4linein\u00e4 tutkiessaan ruumiiseen ja identiteettiin liittyvi\u00e4 taiteellisia visioita ja ideoita. Selfie on itseluomisen prosessia k\u00e4sittelev\u00e4 sarja. Grzeszykowska luo omaa kehoaan esitt\u00e4vi\u00e4 h\u00e4tk\u00e4hdytt\u00e4v\u00e4n veistoksellisia sian nahasta valmistettuja sirpaleita, jotka esitet\u00e4\u00e4n sileit\u00e4 nahkataustoja vasten. Selfiet omaksuvat ep\u00e4tavallisen luonteen, kun h\u00e4n rakentaa [&hellip;]<\/p>","protected":false},"author":1,"featured_media":0,"parent":0,"menu_order":0,"comment_status":"closed","ping_status":"closed","template":"","meta":{"inline_featured_image":false,"footnotes":""},"class_list":["post-7000","page","type-page","status-publish","hentry"],"acf":[],"_links":{"self":[{"href":"https:\/\/www.fotografiska.ee\/fi\/wp-json\/wp\/v2\/pages\/7000"}],"collection":[{"href":"https:\/\/www.fotografiska.ee\/fi\/wp-json\/wp\/v2\/pages"}],"about":[{"href":"https:\/\/www.fotografiska.ee\/fi\/wp-json\/wp\/v2\/types\/page"}],"author":[{"embeddable":true,"href":"https:\/\/www.fotografiska.ee\/fi\/wp-json\/wp\/v2\/users\/1"}],"replies":[{"embeddable":true,"href":"https:\/\/www.fotografiska.ee\/fi\/wp-json\/wp\/v2\/comments?post=7000"}],"version-history":[{"count":2,"href":"https:\/\/www.fotografiska.ee\/fi\/wp-json\/wp\/v2\/pages\/7000\/revisions"}],"predecessor-version":[{"id":7063,"href":"https:\/\/www.fotografiska.ee\/fi\/wp-json\/wp\/v2\/pages\/7000\/revisions\/7063"}],"wp:attachment":[{"href":"https:\/\/www.fotografiska.ee\/fi\/wp-json\/wp\/v2\/media?parent=7000"}],"curies":[{"name":"wp","href":"https:\/\/api.w.org\/{rel}","templated":true}]}}