{"id":6977,"date":"2024-08-31T11:07:59","date_gmt":"2024-08-31T08:07:59","guid":{"rendered":"https:\/\/fotografiska.ee\/?page_id=6977"},"modified":"2024-09-12T22:49:09","modified_gmt":"2024-09-12T19:49:09","slug":"monika-macdonald-fi","status":"publish","type":"page","link":"https:\/\/www.fotografiska.ee\/fi\/monika-macdonald-fi\/","title":{"rendered":"Monika Macdonald-FI"},"content":{"rendered":"<p><strong>Monika Macdonald<\/strong><\/p>\n\n\n\n<p>synt. 1969, Ruotsi<\/p>\n\n\n\n<p>Ruotsalainen nykyvalokuvaaja Monika Macdonald maalaa miehist\u00e4 intiimej\u00e4 kuvia klassisen kuvalliseen tapaan ty\u00f6ss\u00e4\u00e4n <em>Hulls<\/em>. L\u00e4heisyytt\u00e4, rajoituksia ja haavoittuvuutta kuvaava <em>Hulls<\/em> on valokuvallinen essee, joka kertoo n\u00e4iden miesten tapaamisesta tilassa, jolla ei ole rajoja. Intiimiss\u00e4 huoneessa Macdonald haluaa tutkia hauraan ja yksin\u00e4isen hetken kohdannutta miehisyytt\u00e4. H\u00e4n kohtaa miehen paikassa, jossa t\u00e4m\u00e4 ei tavallisesti olisi, kaukana vakiintuneista ja itsest\u00e4\u00e4n selvist\u00e4 rooleista, haavoittuvassa ruumiinosassa, etsim\u00e4ss\u00e4 pakoa, vastarintaa, luottamusta sek\u00e4 kuulumisen tunnetta.<\/p>\n\n\n\n<p>\u201cMiehet esitet\u00e4\u00e4n kuvissani lavastetuissa kuvasarjoissa. Tuossa tilassa etsin heid\u00e4n olemuksensa murtumispistett\u00e4, ihmisyytt\u00e4, viattomuutta, hallitsemattomuutta ja haurautta. Saan luvan yhty\u00e4 heid\u00e4n yksin\u00e4isyyteens\u00e4, ep\u00e4toivoonsa, hieman mielipuoliseen unenkaltaisuuteen.\u201d Nimett\u00f6mi\u00e4 teoksia sarjasta <em>Hulls<\/em><\/p>","protected":false},"excerpt":{"rendered":"<p>Monika Macdonald synt. 1969, Ruotsi Ruotsalainen nykyvalokuvaaja Monika Macdonald maalaa miehist\u00e4 intiimej\u00e4 kuvia klassisen kuvalliseen tapaan ty\u00f6ss\u00e4\u00e4n Hulls. L\u00e4heisyytt\u00e4, rajoituksia ja haavoittuvuutta kuvaava Hulls on valokuvallinen essee, joka kertoo n\u00e4iden miesten tapaamisesta tilassa, jolla ei ole rajoja. Intiimiss\u00e4 huoneessa Macdonald haluaa tutkia hauraan ja yksin\u00e4isen hetken kohdannutta miehisyytt\u00e4. H\u00e4n kohtaa miehen paikassa, jossa t\u00e4m\u00e4 ei [&hellip;]<\/p>","protected":false},"author":1,"featured_media":0,"parent":0,"menu_order":0,"comment_status":"closed","ping_status":"closed","template":"","meta":{"inline_featured_image":false,"footnotes":""},"class_list":["post-6977","page","type-page","status-publish","hentry"],"acf":[],"_links":{"self":[{"href":"https:\/\/www.fotografiska.ee\/fi\/wp-json\/wp\/v2\/pages\/6977"}],"collection":[{"href":"https:\/\/www.fotografiska.ee\/fi\/wp-json\/wp\/v2\/pages"}],"about":[{"href":"https:\/\/www.fotografiska.ee\/fi\/wp-json\/wp\/v2\/types\/page"}],"author":[{"embeddable":true,"href":"https:\/\/www.fotografiska.ee\/fi\/wp-json\/wp\/v2\/users\/1"}],"replies":[{"embeddable":true,"href":"https:\/\/www.fotografiska.ee\/fi\/wp-json\/wp\/v2\/comments?post=6977"}],"version-history":[{"count":2,"href":"https:\/\/www.fotografiska.ee\/fi\/wp-json\/wp\/v2\/pages\/6977\/revisions"}],"predecessor-version":[{"id":7071,"href":"https:\/\/www.fotografiska.ee\/fi\/wp-json\/wp\/v2\/pages\/6977\/revisions\/7071"}],"wp:attachment":[{"href":"https:\/\/www.fotografiska.ee\/fi\/wp-json\/wp\/v2\/media?parent=6977"}],"curies":[{"name":"wp","href":"https:\/\/api.w.org\/{rel}","templated":true}]}}