{"id":6973,"date":"2024-08-31T11:04:49","date_gmt":"2024-08-31T08:04:49","guid":{"rendered":"https:\/\/fotografiska.ee\/?page_id=6973"},"modified":"2024-09-12T22:50:21","modified_gmt":"2024-09-12T19:50:21","slug":"sakiko-nomura-fi","status":"publish","type":"page","link":"https:\/\/www.fotografiska.ee\/fi\/sakiko-nomura-fi\/","title":{"rendered":"Sakiko Nomura-FI"},"content":{"rendered":"<p><strong>Sakiko Nomura<\/strong><\/p>\n\n\n\n<p>synt. 1967, Japani<br><br><\/p>\n\n\n\n<p>Sakiko Nomura tuntee enemm\u00e4n vieh\u00e4tyst\u00e4 pimeyteen k\u00e4tkeytyv\u00e4\u00e4 kuin valon paljastamaa kauneutta kohtaan. H\u00e4n tuntee, ett\u00e4 piiloon j\u00e4\u00e4v\u00e4ss\u00e4 piilee totuus, jonka voimme vangita vain aistiemme avulla. Alastonmalleja, kukkia ja kadulla taltioituja tuokioita usein kuvaava Nomura vangitsee kohteensa ja etsii t\u00e4m\u00e4n her\u00e4tt\u00e4m\u00e4n rakkauden muotoja.<br><br><em>NUDE \/ A ROOM \/ FLOWERS<\/em> dokumentoi rakkauden eri muotoihin kohdistuvaa etsint\u00e4\u00e4. Harmaita, ei milloinkaan kirkkaita v\u00e4rej\u00e4 k\u00e4ytt\u00e4viss\u00e4 kuvissa miesten ja naisten alattomat ruumiit sek\u00e4 herkin viivoin erottuvat kaupungin maisemat muodostavat mustan maiseman, joka ilmaisee Nomuran oman maailman pimeytt\u00e4 voimakkaammin kuin mik\u00e4\u00e4n muu.<br>Nimett\u00f6mi\u00e4 teoksia sarjasta <em>NUDE \/ A ROOM \/ FLOWERS<\/em>, 2012<\/p>","protected":false},"excerpt":{"rendered":"<p>Sakiko Nomura synt. 1967, Japani Sakiko Nomura tuntee enemm\u00e4n vieh\u00e4tyst\u00e4 pimeyteen k\u00e4tkeytyv\u00e4\u00e4 kuin valon paljastamaa kauneutta kohtaan. H\u00e4n tuntee, ett\u00e4 piiloon j\u00e4\u00e4v\u00e4ss\u00e4 piilee totuus, jonka voimme vangita vain aistiemme avulla. Alastonmalleja, kukkia ja kadulla taltioituja tuokioita usein kuvaava Nomura vangitsee kohteensa ja etsii t\u00e4m\u00e4n her\u00e4tt\u00e4m\u00e4n rakkauden muotoja. NUDE \/ A ROOM \/ FLOWERS dokumentoi rakkauden [&hellip;]<\/p>","protected":false},"author":1,"featured_media":0,"parent":0,"menu_order":0,"comment_status":"closed","ping_status":"closed","template":"","meta":{"inline_featured_image":false,"footnotes":""},"class_list":["post-6973","page","type-page","status-publish","hentry"],"acf":[],"_links":{"self":[{"href":"https:\/\/www.fotografiska.ee\/fi\/wp-json\/wp\/v2\/pages\/6973"}],"collection":[{"href":"https:\/\/www.fotografiska.ee\/fi\/wp-json\/wp\/v2\/pages"}],"about":[{"href":"https:\/\/www.fotografiska.ee\/fi\/wp-json\/wp\/v2\/types\/page"}],"author":[{"embeddable":true,"href":"https:\/\/www.fotografiska.ee\/fi\/wp-json\/wp\/v2\/users\/1"}],"replies":[{"embeddable":true,"href":"https:\/\/www.fotografiska.ee\/fi\/wp-json\/wp\/v2\/comments?post=6973"}],"version-history":[{"count":2,"href":"https:\/\/www.fotografiska.ee\/fi\/wp-json\/wp\/v2\/pages\/6973\/revisions"}],"predecessor-version":[{"id":7075,"href":"https:\/\/www.fotografiska.ee\/fi\/wp-json\/wp\/v2\/pages\/6973\/revisions\/7075"}],"wp:attachment":[{"href":"https:\/\/www.fotografiska.ee\/fi\/wp-json\/wp\/v2\/media?parent=6973"}],"curies":[{"name":"wp","href":"https:\/\/api.w.org\/{rel}","templated":true}]}}