{"id":6732,"date":"2024-05-29T12:50:50","date_gmt":"2024-05-29T09:50:50","guid":{"rendered":"https:\/\/fotografiska.ee\/?page_id=6732"},"modified":"2024-05-29T12:50:51","modified_gmt":"2024-05-29T09:50:51","slug":"ori-gersht-fi","status":"publish","type":"page","link":"https:\/\/www.fotografiska.ee\/fi\/ori-gersht-fi\/","title":{"rendered":"Ori Gersht"},"content":{"rendered":"<p><strong>Ori Gersht<\/strong><\/p>\n\n\n\n<p>Kun rauhan symboleiksi mielletyt kukat joutuvat raa\u2019an terrorin uhreiksi, tuhon j\u00e4nnitteinen kauneus paljastuu. V\u00e4kivallan ja kauneuden, tuhon ja luomisen v\u00e4linen j\u00e4nnite k\u00e4rjistyy teoksissa, joissa t\u00f6rm\u00e4ytet\u00e4\u00e4n valokuvan ja videon kyky taltioida todellisuutta ja toisaalta kyseenalaistaa merkityksi\u00e4. Valokuvataide on menett\u00e4nyt asemansa objektiivisen todellisuuden kuvastajana. Samalla on syntynyt uusia, yh\u00e4 vaativampia ja monimutkaisempia keinoja tarkastella todellisuutta.<\/p>\n\n\n\n<p>Valokuvaaja Ori Gersht on syntynyt vuonna 1967 Tel-Avivissa Israelissa. Nyky\u00e4\u00e4n h\u00e4n asuu ja ty\u00f6skentelee Lontoossa.<\/p>\n\n\n\n<p><em>Niittyj\u00e4 ja n\u00e4kyj\u00e4<\/em><\/p>\n\n\n\n<p>Teoskokonaisuuden alkusys\u00e4yksen\u00e4 on ollut sveitsil\u00e4inen naturalisti Maria Sibylla Merian, joka 1600-luvulla piirsi ja maalasi paikallisia kasveja ja hy\u00f6nteisi\u00e4 Surinamessa (Alankomaiden Guyana). Maria Sibylla Merianin innoittamana Gersht pohtii teoksissaan valokuvaa todellisuuden ilment\u00e4j\u00e4n\u00e4 ja toisaalta taiteellisena tulkintana. Kaukomaille matkustamisen sijaan Gersht on luonut eksoottisen ymp\u00e4rist\u00f6n studioonsa, pakottanut sen hetkeksi el\u00e4m\u00e4\u00e4n ja ikuistanut n\u00e4m\u00e4 ainutkertaiset hetket kuviinsa. Gersht on parantanut kuvien resoluutiota teko\u00e4lyn avulla ja j\u00e4tt\u00e4nyt kuvien tyhj\u00e4t kohdat tietokoneen t\u00e4ytett\u00e4viksi. N\u00e4in on syntynyt hybriditodellisuus, jossa konkreettiset ja digitaaliset elementit yhdistyv\u00e4t.<\/p>\n\n\n\n<p><em>Alkur\u00e4j\u00e4hdys<\/em><\/p>\n\n\n\n<p>Alkur\u00e4j\u00e4hdys-teoksessa Gersht tutkii valokuvataiteen ja elokuvataiteen suhdetta teknologiaan ja pohtii filosofisia peruskysymyksi\u00e4, jotka koskevat havaitsemista, aikak\u00e4sityksi\u00e4 sek\u00e4 valokuvan ja todellisuuden v\u00e4list\u00e4 suhdetta. Videolla n\u00e4hd\u00e4\u00e4n, miten 1600-luvun hollantilaisten asetelmamaalausten tyyli\u00e4 j\u00e4ljittelev\u00e4 muhkea kukkakimppu r\u00e4j\u00e4ht\u00e4\u00e4.<\/p>\n\n\n\n<p>Gershtin teoksesta huokuu klassiselle asetelmamaalaukselle ja vanitas-maalaukselle tyypillist\u00e4 kuoleman ja rappion henke\u00e4. R\u00e4j\u00e4hdyksen yll\u00e4 lentelee jopa koiperhosia.<\/p>\n\n\n\n<p>Entisaikojen mestarit eiv\u00e4t olisi osanneet kuvitellakaan t\u00e4llaisia taiteen tekemisen menetelmi\u00e4. Gershtin teoksessa on k\u00e4ytetty nykyaikaista huipputeknologiaa, ja se on kuvattu eritt\u00e4in korkealla kuvataajuudella.<\/p>\n\n\n\n<p>Teknologian avulla Gersht luo asetelmista moderneja versioita ja tuo vanhojen asetelmamestarien kiinnostuksenkohteet nykykontekstiin.<\/p>\n\n\n\n<p><em>Niittyj\u00e4 ja n\u00e4kyj\u00e4, Nimet\u00f6n 03, 2022<\/em><\/p>\n\n\n\n<p><em>Niittyj\u00e4 ja n\u00e4kyj\u00e4, Nimet\u00f6n 08, 2022<\/em><\/p>\n\n\n\n<p><em>Alkur\u00e4j\u00e4hdys, 2007<\/em><\/p>\n\n\n\n<p>5 min 33 s<\/p>\n\n\n\n<p>Taiteilija: Ori Gersht<\/p>\n\n\n\n<p>Kuvaaja: Martin Testar<\/p>\n\n\n\n<p>Erikoistehosteet: Bob Hollow<\/p>\n\n\n\n<p>\u00c4\u00e4ni: Ross Adams<\/p>\n\n\n\n<p>Lavastus: Clair Ceprynski<\/p>\n\n\n\n<p>Tuotanto ja tiedonhallinta: Olle Woolgar<\/p>","protected":false},"excerpt":{"rendered":"<p>Ori Gersht Kun rauhan symboleiksi mielletyt kukat joutuvat raa\u2019an terrorin uhreiksi, tuhon j\u00e4nnitteinen kauneus paljastuu. V\u00e4kivallan ja kauneuden, tuhon ja luomisen v\u00e4linen j\u00e4nnite k\u00e4rjistyy teoksissa, joissa t\u00f6rm\u00e4ytet\u00e4\u00e4n valokuvan ja videon kyky taltioida todellisuutta ja toisaalta kyseenalaistaa merkityksi\u00e4. Valokuvataide on menett\u00e4nyt asemansa objektiivisen todellisuuden kuvastajana. Samalla on syntynyt uusia, yh\u00e4 vaativampia ja monimutkaisempia keinoja tarkastella todellisuutta. [&hellip;]<\/p>","protected":false},"author":1,"featured_media":0,"parent":0,"menu_order":0,"comment_status":"closed","ping_status":"closed","template":"","meta":{"inline_featured_image":false,"footnotes":""},"class_list":["post-6732","page","type-page","status-publish","hentry"],"acf":[],"_links":{"self":[{"href":"https:\/\/www.fotografiska.ee\/fi\/wp-json\/wp\/v2\/pages\/6732"}],"collection":[{"href":"https:\/\/www.fotografiska.ee\/fi\/wp-json\/wp\/v2\/pages"}],"about":[{"href":"https:\/\/www.fotografiska.ee\/fi\/wp-json\/wp\/v2\/types\/page"}],"author":[{"embeddable":true,"href":"https:\/\/www.fotografiska.ee\/fi\/wp-json\/wp\/v2\/users\/1"}],"replies":[{"embeddable":true,"href":"https:\/\/www.fotografiska.ee\/fi\/wp-json\/wp\/v2\/comments?post=6732"}],"version-history":[{"count":1,"href":"https:\/\/www.fotografiska.ee\/fi\/wp-json\/wp\/v2\/pages\/6732\/revisions"}],"predecessor-version":[{"id":6733,"href":"https:\/\/www.fotografiska.ee\/fi\/wp-json\/wp\/v2\/pages\/6732\/revisions\/6733"}],"wp:attachment":[{"href":"https:\/\/www.fotografiska.ee\/fi\/wp-json\/wp\/v2\/media?parent=6732"}],"curies":[{"name":"wp","href":"https:\/\/api.w.org\/{rel}","templated":true}]}}