{"id":995,"date":"2020-12-03T13:42:38","date_gmt":"2020-12-03T11:42:38","guid":{"rendered":"http:\/\/fotografiska.ee\/epood\/product\/import-placeholder-for-90485\/"},"modified":"2024-12-12T12:30:46","modified_gmt":"2024-12-12T10:30:46","slug":"fotografiska-kinkekaart-99e","status":"publish","type":"product","link":"https:\/\/www.fotografiska.ee\/epood\/product\/fotografiska-kinkekaart-99e\/","title":{"rendered":"FOTOGRAFISKA KINKEKAART 100\u20ac"},"content":{"rendered":"<p>Meie imerohi, mis aitab otsuseid langetada. Kinkekaart pakub v\u00f5imaluse teha meelep\u00e4rase valiku Fotografiska \u00a0muuseumis, poes, kohvikus ja restoranis v\u00f5i kinkida s\u00f5brale Fotografiska liikmelisus.<\/p>\n<p>Kinkekaardi pakime Fotografiska \u00fcmbrikusse ning sulgeme meie logoga kleepsuga - nii on kinkekaart kohe valmis kinkimiseks. Soovi korral saad kinkekaardi lasta saata s\u00f5brale, sisestades tarneinfosse s\u00f5bra aadressi ja telefoninumbri ning valides kohaletoimetamiseks talle sobiva pakiautomaadi. Kui soovid, et kirjutaksime kaardile saaja ja saatja nimed v\u00f5i m\u00f5ne muu toreda soovi, lisa see tellimuse m\u00e4rkuste lahtrisse.<\/p>\n<p><strong>Kehtib ainult Fotografiska Tallinnas kohapeal. Kinkekaarti ei saa kasutada Fotografiska veebipoes.<\/strong><\/p>\n","protected":false},"excerpt":{"rendered":"<p>Meie imerohi, mis aitab otsuseid langetada. Kinkekaart pakub v\u00f5imaluse teha meelep\u00e4rase valiku Fotografiska \u00a0muuseumis, poes, kohvikus ja restoranis v\u00f5i kinkida s\u00f5brale Fotografiska liikmelisus. Kinkekaardi pakime Fotografiska \u00fcmbrikusse ning sulgeme meie logoga kleepsuga - nii on kinkekaart kohe valmis kinkimiseks. Soovi korral saad kinkekaardi lasta saata s\u00f5brale, sisestades tarneinfosse s\u00f5bra aadressi ja telefoninumbri ning valides kohaletoimetamiseks [&hellip;]<\/p>\n","protected":false},"featured_media":254,"template":"","meta":{"_acf_changed":false,"inline_featured_image":false},"product_brand":[],"product_cat":[378,398,18],"product_tag":[],"class_list":{"0":"post-995","1":"product","2":"type-product","3":"status-publish","4":"has-post-thumbnail","6":"product_cat-kingid","7":"product_cat-kureeritud-kingiideed","8":"product_cat-kinkekaardid","10":"first","11":"instock","12":"taxable","13":"shipping-taxable","14":"purchasable","15":"product-type-simple"},"acf":[],"_links":{"self":[{"href":"https:\/\/www.fotografiska.ee\/epood\/wp-json\/wp\/v2\/product\/995","targetHints":{"allow":["GET"]}}],"collection":[{"href":"https:\/\/www.fotografiska.ee\/epood\/wp-json\/wp\/v2\/product"}],"about":[{"href":"https:\/\/www.fotografiska.ee\/epood\/wp-json\/wp\/v2\/types\/product"}],"wp:featuredmedia":[{"embeddable":true,"href":"https:\/\/www.fotografiska.ee\/epood\/wp-json\/wp\/v2\/media\/254"}],"wp:attachment":[{"href":"https:\/\/www.fotografiska.ee\/epood\/wp-json\/wp\/v2\/media?parent=995"}],"wp:term":[{"taxonomy":"product_brand","embeddable":true,"href":"https:\/\/www.fotografiska.ee\/epood\/wp-json\/wp\/v2\/product_brand?post=995"},{"taxonomy":"product_cat","embeddable":true,"href":"https:\/\/www.fotografiska.ee\/epood\/wp-json\/wp\/v2\/product_cat?post=995"},{"taxonomy":"product_tag","embeddable":true,"href":"https:\/\/www.fotografiska.ee\/epood\/wp-json\/wp\/v2\/product_tag?post=995"}],"curies":[{"name":"wp","href":"https:\/\/api.w.org\/{rel}","templated":true}]}}