{"id":824,"date":"2020-12-03T13:30:44","date_gmt":"2020-12-03T11:30:44","guid":{"rendered":"http:\/\/fotografiska.ee\/epood\/product\/import-placeholder-for-90716\/"},"modified":"2023-02-10T14:38:50","modified_gmt":"2023-02-10T12:38:50","slug":"cindy-sherman-postcards-2","status":"publish","type":"product","link":"https:\/\/www.fotografiska.ee\/epood\/product\/cindy-sherman-postcards-2\/","title":{"rendered":"Cindy Sherman Postcards"},"content":{"rendered":"<p>Raamat on v\u00e4lja antud Cindy Shermani \u00fclevaatliku n\u00e4ituse raames National Portrait Gallerys ning annab Shermani loomingust \u00fclevaate postkaartidel. Raamat sisaldab 48 postkaarti Shermani olulisemate t\u00f6\u00f6dega, alates filmikaadritest kuni moefotoni, ning on koostatud tihedas koost\u00f6\u00f6s autoriga.<\/p>\n","protected":false},"excerpt":{"rendered":"<p>Raamat on v\u00e4lja antud Cindy Shermani \u00fclevaatliku n\u00e4ituse raames National Portrait Gallerys ning annab Shermani loomingust \u00fclevaate postkaartidel. Raamat sisaldab 48 postkaarti Shermani olulisemate t\u00f6\u00f6dega, alates filmikaadritest kuni moefotoni, ning on koostatud tihedas koost\u00f6\u00f6s autoriga.<\/p>\n","protected":false},"featured_media":316,"template":"","meta":{"_acf_changed":false,"inline_featured_image":false},"product_brand":[],"product_cat":[20],"product_tag":[],"class_list":{"0":"post-824","1":"product","2":"type-product","3":"status-publish","4":"has-post-thumbnail","6":"product_cat-raamatud","8":"first","9":"instock","10":"taxable","11":"shipping-taxable","12":"purchasable","13":"product-type-simple"},"acf":[],"_links":{"self":[{"href":"https:\/\/www.fotografiska.ee\/epood\/wp-json\/wp\/v2\/product\/824","targetHints":{"allow":["GET"]}}],"collection":[{"href":"https:\/\/www.fotografiska.ee\/epood\/wp-json\/wp\/v2\/product"}],"about":[{"href":"https:\/\/www.fotografiska.ee\/epood\/wp-json\/wp\/v2\/types\/product"}],"wp:featuredmedia":[{"embeddable":true,"href":"https:\/\/www.fotografiska.ee\/epood\/wp-json\/wp\/v2\/media\/316"}],"wp:attachment":[{"href":"https:\/\/www.fotografiska.ee\/epood\/wp-json\/wp\/v2\/media?parent=824"}],"wp:term":[{"taxonomy":"product_brand","embeddable":true,"href":"https:\/\/www.fotografiska.ee\/epood\/wp-json\/wp\/v2\/product_brand?post=824"},{"taxonomy":"product_cat","embeddable":true,"href":"https:\/\/www.fotografiska.ee\/epood\/wp-json\/wp\/v2\/product_cat?post=824"},{"taxonomy":"product_tag","embeddable":true,"href":"https:\/\/www.fotografiska.ee\/epood\/wp-json\/wp\/v2\/product_tag?post=824"}],"curies":[{"name":"wp","href":"https:\/\/api.w.org\/{rel}","templated":true}]}}