{"id":8061,"date":"2022-09-21T10:55:55","date_gmt":"2022-09-21T08:55:55","guid":{"rendered":"https:\/\/www.fotografiska.ee\/epood\/?post_type=product&#038;p=8061"},"modified":"2023-03-10T13:18:31","modified_gmt":"2023-03-10T11:18:31","slug":"lisa-bukreyeva-raamitud-poster-a-view-from-a-gas-mask","status":"publish","type":"product","link":"https:\/\/www.fotografiska.ee\/epood\/product\/lisa-bukreyeva-raamitud-poster-a-view-from-a-gas-mask\/","title":{"rendered":"Poster Lisa Bukreyeva, A View From A Gas Mask"},"content":{"rendered":"<p>50x70cm poster.<\/p>\n<p>M\u00fc\u00fcme postreid digikollektsioonist \u201cSegipaisatud elu\u201d, mis koosneb 7 erineva Ukraina fotokunstniku t\u00f6\u00f6dest. Kogu fotode ja postrite m\u00fc\u00fcgist teenitud tulu l\u00e4heb kunstnike toetamiseks.<\/p>\n<p>Tutvu t\u00f6\u00f6dega, mida on v\u00f5imalik osta:\u00a0<a href=\"https:\/\/www.fotografiska.ee\/kunstnikud\/segipaisatud-elu\/\">https:\/\/www.fotografiska.ee\/kunstnikud\/segipaisatud-elu\/<\/a><\/p>\n","protected":false},"excerpt":{"rendered":"<p>50x70cm poster. M\u00fc\u00fcme postreid digikollektsioonist \u201cSegipaisatud elu\u201d, mis koosneb 7 erineva Ukraina fotokunstniku t\u00f6\u00f6dest. Kogu fotode ja postrite m\u00fc\u00fcgist teenitud tulu l\u00e4heb kunstnike toetamiseks. Tutvu t\u00f6\u00f6dega, mida on v\u00f5imalik osta:\u00a0https:\/\/www.fotografiska.ee\/kunstnikud\/segipaisatud-elu\/<\/p>\n","protected":false},"featured_media":8062,"template":"","meta":{"_acf_changed":false,"inline_featured_image":false},"product_brand":[],"product_cat":[276,16],"product_tag":[],"class_list":{"0":"post-8061","1":"product","2":"type-product","3":"status-publish","4":"has-post-thumbnail","6":"product_cat-ukraina-toetuseks","7":"product_cat-postrid","9":"first","10":"instock","11":"taxable","12":"shipping-taxable","13":"purchasable","14":"product-type-simple"},"acf":[],"_links":{"self":[{"href":"https:\/\/www.fotografiska.ee\/epood\/wp-json\/wp\/v2\/product\/8061","targetHints":{"allow":["GET"]}}],"collection":[{"href":"https:\/\/www.fotografiska.ee\/epood\/wp-json\/wp\/v2\/product"}],"about":[{"href":"https:\/\/www.fotografiska.ee\/epood\/wp-json\/wp\/v2\/types\/product"}],"wp:featuredmedia":[{"embeddable":true,"href":"https:\/\/www.fotografiska.ee\/epood\/wp-json\/wp\/v2\/media\/8062"}],"wp:attachment":[{"href":"https:\/\/www.fotografiska.ee\/epood\/wp-json\/wp\/v2\/media?parent=8061"}],"wp:term":[{"taxonomy":"product_brand","embeddable":true,"href":"https:\/\/www.fotografiska.ee\/epood\/wp-json\/wp\/v2\/product_brand?post=8061"},{"taxonomy":"product_cat","embeddable":true,"href":"https:\/\/www.fotografiska.ee\/epood\/wp-json\/wp\/v2\/product_cat?post=8061"},{"taxonomy":"product_tag","embeddable":true,"href":"https:\/\/www.fotografiska.ee\/epood\/wp-json\/wp\/v2\/product_tag?post=8061"}],"curies":[{"name":"wp","href":"https:\/\/api.w.org\/{rel}","templated":true}]}}