{"id":58,"date":"2020-12-03T07:59:39","date_gmt":"2020-12-03T05:59:39","guid":{"rendered":"http:\/\/fotografiska.ee\/epood\/product\/import-placeholder-for-89765\/"},"modified":"2023-02-10T14:37:22","modified_gmt":"2023-02-10T12:37:22","slug":"sebastiao-salgado-africa-2","status":"publish","type":"product","link":"https:\/\/fotografiska.ee\/epood\/product\/sebastiao-salgado-africa-2\/","title":{"rendered":"Sebasti\u00e3o Salgado, Africa"},"content":{"rendered":"<p>\"Africa\" toob kokku Sebasti\u00e3o Salgado mustvalged fotod Aafrikast, mis on pildistatud 30 aasta v\u00e4ltel. Need fotod r\u00e4\u00e4givad loo mandrist, mida on vaevanud raskused, kuid mis on tohutult rikas oma ajaloolt ja kultuurilt. Salgado heidab raamatus pilgu erinevatele Aafrika regioonidele, mille rahvad elavad keskkonna- ja humanitaarkriiside keskel.<\/p>\n<p>K\u00f5vakaanelises raamatus on 336 lehek\u00fclge.<\/p>\n","protected":false},"excerpt":{"rendered":"<p>\"Africa\" toob kokku Sebasti\u00e3o Salgado mustvalged fotod Aafrikast, mis on pildistatud 30 aasta v\u00e4ltel. Need fotod r\u00e4\u00e4givad loo mandrist, mida on vaevanud raskused, kuid mis on tohutult rikas oma ajaloolt ja kultuurilt. Salgado heidab raamatus pilgu erinevatele Aafrika regioonidele, mille rahvad elavad keskkonna- ja humanitaarkriiside keskel. K\u00f5vakaanelises raamatus on 336 lehek\u00fclge.<\/p>\n","protected":false},"featured_media":110,"template":"","meta":{"_acf_changed":false,"inline_featured_image":false},"product_brand":[],"product_cat":[20,339],"product_tag":[],"class_list":{"0":"post-58","1":"product","2":"type-product","3":"status-publish","4":"has-post-thumbnail","6":"product_cat-raamatud","7":"product_cat-moodunud-naitused","9":"first","10":"instock","11":"sale","12":"taxable","13":"shipping-taxable","14":"purchasable","15":"product-type-simple"},"acf":[],"_links":{"self":[{"href":"https:\/\/fotografiska.ee\/epood\/wp-json\/wp\/v2\/product\/58","targetHints":{"allow":["GET"]}}],"collection":[{"href":"https:\/\/fotografiska.ee\/epood\/wp-json\/wp\/v2\/product"}],"about":[{"href":"https:\/\/fotografiska.ee\/epood\/wp-json\/wp\/v2\/types\/product"}],"wp:featuredmedia":[{"embeddable":true,"href":"https:\/\/fotografiska.ee\/epood\/wp-json\/wp\/v2\/media\/110"}],"wp:attachment":[{"href":"https:\/\/fotografiska.ee\/epood\/wp-json\/wp\/v2\/media?parent=58"}],"wp:term":[{"taxonomy":"product_brand","embeddable":true,"href":"https:\/\/fotografiska.ee\/epood\/wp-json\/wp\/v2\/product_brand?post=58"},{"taxonomy":"product_cat","embeddable":true,"href":"https:\/\/fotografiska.ee\/epood\/wp-json\/wp\/v2\/product_cat?post=58"},{"taxonomy":"product_tag","embeddable":true,"href":"https:\/\/fotografiska.ee\/epood\/wp-json\/wp\/v2\/product_tag?post=58"}],"curies":[{"name":"wp","href":"https:\/\/api.w.org\/{rel}","templated":true}]}}