{"id":4067,"date":"2022-03-22T09:19:52","date_gmt":"2022-03-22T07:19:52","guid":{"rendered":"https:\/\/fotografiska.ee\/epood\/?post_type=product&#038;p=4067"},"modified":"2023-02-10T14:30:46","modified_gmt":"2023-02-10T12:30:46","slug":"kaupo-kikkas-sisekosmos","status":"publish","type":"product","link":"https:\/\/fotografiska.ee\/epood\/product\/kaupo-kikkas-sisekosmos\/","title":{"rendered":"Kaupo Kikkas \"Sisekosmos\""},"content":{"rendered":"<p>Inspireeritud samanimelisest n\u00e4itusest.<\/p>\n<p>&nbsp;<\/p>\n<p>K\u00f5vakaanega raamat sisaldab 148 lehek\u00fclge.<\/p>\n","protected":false},"excerpt":{"rendered":"<p>Inspireeritud samanimelisest n\u00e4itusest. &nbsp; K\u00f5vakaanega raamat sisaldab 148 lehek\u00fclge.<\/p>\n","protected":false},"featured_media":4103,"template":"","meta":{"_acf_changed":false,"inline_featured_image":false},"product_brand":[],"product_cat":[20,339],"product_tag":[],"class_list":{"0":"post-4067","1":"product","2":"type-product","3":"status-publish","4":"has-post-thumbnail","6":"product_cat-raamatud","7":"product_cat-moodunud-naitused","9":"first","10":"instock","11":"taxable","12":"shipping-taxable","13":"purchasable","14":"product-type-simple"},"acf":[],"_links":{"self":[{"href":"https:\/\/fotografiska.ee\/epood\/wp-json\/wp\/v2\/product\/4067","targetHints":{"allow":["GET"]}}],"collection":[{"href":"https:\/\/fotografiska.ee\/epood\/wp-json\/wp\/v2\/product"}],"about":[{"href":"https:\/\/fotografiska.ee\/epood\/wp-json\/wp\/v2\/types\/product"}],"wp:featuredmedia":[{"embeddable":true,"href":"https:\/\/fotografiska.ee\/epood\/wp-json\/wp\/v2\/media\/4103"}],"wp:attachment":[{"href":"https:\/\/fotografiska.ee\/epood\/wp-json\/wp\/v2\/media?parent=4067"}],"wp:term":[{"taxonomy":"product_brand","embeddable":true,"href":"https:\/\/fotografiska.ee\/epood\/wp-json\/wp\/v2\/product_brand?post=4067"},{"taxonomy":"product_cat","embeddable":true,"href":"https:\/\/fotografiska.ee\/epood\/wp-json\/wp\/v2\/product_cat?post=4067"},{"taxonomy":"product_tag","embeddable":true,"href":"https:\/\/fotografiska.ee\/epood\/wp-json\/wp\/v2\/product_tag?post=4067"}],"curies":[{"name":"wp","href":"https:\/\/api.w.org\/{rel}","templated":true}]}}