{"id":30352,"date":"2026-02-13T11:18:59","date_gmt":"2026-02-13T08:18:59","guid":{"rendered":"https:\/\/www.fotografiska.ee\/epood\/?post_type=product&#038;p=30352"},"modified":"2026-02-13T11:18:59","modified_gmt":"2026-02-13T08:18:59","slug":"waits-corbijn-77-11-en","status":"publish","type":"product","link":"https:\/\/www.fotografiska.ee\/epood\/product\/waits-corbijn-77-11-en\/","title":{"rendered":"Waits\/Corbijn '77-'11 (EN)"},"content":{"rendered":"<p data-start=\"0\" data-end=\"242\">See erakordne raamat, mis h\u00f5lmab enam kui kolme aastak\u00fcmmet, toob esile legendaarse muusiku ja tunnustatud Hollandi fotograafi kestva koost\u00f6\u00f6 \u2013 loomingulise s\u00fcmbioosi, millest on s\u00fcndinud \u00fched rock\u2019n\u2019roll\u2019i ajaloo meeldej\u00e4\u00e4vaimad kujutised.<\/p>\n<p data-start=\"244\" data-end=\"522\">Kronoloogiliselt \u00fcles ehitatud teos j\u00e4lgib Tom Waitsi arengut artistina k\u00f5rvuti Anton Corbijni kujunemisega fotograafina, kelle kargelt m\u00f5juvad ja sugestiivsed pildid j\u00e4\u00e4dvustavad Waitsi v\u00e4ga erinevates keskkondades \u2013 r\u00e4pastest linnamaastikest intiimsete stuudiosessioonideni.<\/p>\n<p data-start=\"524\" data-end=\"757\">Corbijni objektiivi kaudu avaneb Waits mitte ainult muusikuna, vaid mitmetahulise karakterina, kehastades trubaduuri, poeedi ja jutuvestja vaimu. Raamatu l\u00f5puosas on esitatud ka Waitsi enda fotod ning luuletused, lood ja kollaa\u017eid.<\/p>\n<p data-start=\"759\" data-end=\"1140\" data-is-last-node=\"\" data-is-only-node=\"\">Nagu m\u00e4rgib Jim Jarmusch sissejuhatuses: \u201ePildikogu Tom Waitsist, n\u00e4htuna Anton Corbijni silmade l\u00e4bi, on midagi erilist \u2013 justkui keeris, kurjade geeniuste telg.\u201c Tom Waitsi f\u00e4nnid, fotograafiahuvilised ning k\u00f5ik, kes otsivad sissevaadet koost\u00f6\u00f6 r\u00f5\u00f5mu ja loovasse partnerlusse, leiavad sellest kahe kunstilise vision\u00e4\u00e4ri ja s\u00f5bra inspireerivast koost\u00f6\u00f6st rohkelt avastamisv\u00e4\u00e4rset.<\/p>\n","protected":false},"excerpt":{"rendered":"<p>See erakordne raamat, mis h\u00f5lmab enam kui kolme aastak\u00fcmmet, toob esile legendaarse muusiku ja tunnustatud Hollandi fotograafi kestva koost\u00f6\u00f6 \u2013 loomingulise s\u00fcmbioosi, millest on s\u00fcndinud \u00fched rock\u2019n\u2019roll\u2019i ajaloo meeldej\u00e4\u00e4vaimad kujutised. Kronoloogiliselt \u00fcles ehitatud teos j\u00e4lgib Tom Waitsi arengut artistina k\u00f5rvuti Anton Corbijni kujunemisega fotograafina, kelle kargelt m\u00f5juvad ja sugestiivsed pildid j\u00e4\u00e4dvustavad Waitsi v\u00e4ga erinevates keskkondades [&hellip;]<\/p>\n","protected":false},"featured_media":30353,"template":"","meta":{"_acf_changed":false,"inline_featured_image":false},"product_brand":[],"product_cat":[374,20,337],"product_tag":[],"class_list":{"0":"post-30352","1":"product","2":"type-product","3":"status-publish","4":"has-post-thumbnail","6":"product_cat-hetkel-naitame","7":"product_cat-raamatud","8":"product_cat-maailma-tippfotograafia","10":"first","11":"instock","12":"taxable","13":"shipping-taxable","14":"purchasable","15":"product-type-simple"},"acf":[],"_links":{"self":[{"href":"https:\/\/www.fotografiska.ee\/epood\/wp-json\/wp\/v2\/product\/30352","targetHints":{"allow":["GET"]}}],"collection":[{"href":"https:\/\/www.fotografiska.ee\/epood\/wp-json\/wp\/v2\/product"}],"about":[{"href":"https:\/\/www.fotografiska.ee\/epood\/wp-json\/wp\/v2\/types\/product"}],"wp:featuredmedia":[{"embeddable":true,"href":"https:\/\/www.fotografiska.ee\/epood\/wp-json\/wp\/v2\/media\/30353"}],"wp:attachment":[{"href":"https:\/\/www.fotografiska.ee\/epood\/wp-json\/wp\/v2\/media?parent=30352"}],"wp:term":[{"taxonomy":"product_brand","embeddable":true,"href":"https:\/\/www.fotografiska.ee\/epood\/wp-json\/wp\/v2\/product_brand?post=30352"},{"taxonomy":"product_cat","embeddable":true,"href":"https:\/\/www.fotografiska.ee\/epood\/wp-json\/wp\/v2\/product_cat?post=30352"},{"taxonomy":"product_tag","embeddable":true,"href":"https:\/\/www.fotografiska.ee\/epood\/wp-json\/wp\/v2\/product_tag?post=30352"}],"curies":[{"name":"wp","href":"https:\/\/api.w.org\/{rel}","templated":true}]}}