{"id":30347,"date":"2026-02-13T10:51:59","date_gmt":"2026-02-13T07:51:59","guid":{"rendered":"https:\/\/www.fotografiska.ee\/epood\/?post_type=product&#038;p=30347"},"modified":"2026-02-13T10:52:33","modified_gmt":"2026-02-13T07:52:33","slug":"corbijn-anton-en","status":"publish","type":"product","link":"https:\/\/www.fotografiska.ee\/epood\/product\/corbijn-anton-en\/","title":{"rendered":"Corbijn, Anton (EN)"},"content":{"rendered":"<p data-start=\"0\" data-end=\"113\">*** Iga eksemplar sisaldab tasuta eksklusiivset POSTRIT \u2013 kahepoolselt tr\u00fckitud ja kujundatud M\/M (Paris) poolt<\/p>\n<p data-start=\"115\" data-end=\"241\">K\u00f5ikeh\u00f5lmav \u00fclevaade fotograafi ja filmilooja Anton Corbijni ikoonilisest loomingust alates 1970. aastatest kuni t\u00e4nap\u00e4evani<\/p>\n<p data-start=\"244\" data-end=\"461\">\u201eTa on olnud kaamera taga igavesti. Valguse s\u00f5ber. Kas tal on taevaga mingi leping? Kas need sosistavad talle saladusi? Valguse keelt? Ta liigub justkui samal sagedusel. Austusega allika suhtes.\u201c<br data-start=\"439\" data-end=\"442\" \/>\u2014 Samantha Morton<\/p>\n<p data-start=\"464\" data-end=\"691\">\u201eEnamik portreefotograafe tapab oma subjektid. Tema hoiab nad elus. Ta ei taha sind ajas tarduma panna. Ta on teinud portreekunsti taas seksikaks, aga mitte rumalaks. Haavatavaks, kuid mitte kunagi n\u00f5rgaks.\u201c<br data-start=\"671\" data-end=\"674\" \/>\u2014 Marlene Dumas<\/p>\n<p data-start=\"694\" data-end=\"920\">Anton Corbijn (snd 1955) on \u00fcks t\u00e4nap\u00e4eva olulisemaid fotograafe ja re\u017eiss\u00f6\u00f6re, tuntud oma ikooniliste muusikute, n\u00e4itlejate ja kunstnike portreede ning oman\u00e4olise visuaalse k\u00e4ekirja poolest muusikavideotes ja albumikaantel.<\/p>\n<p data-start=\"922\" data-end=\"1375\">See rikkalikult illustreeritud, suures formaadis raamat on austusavaldus Corbijni armastusele kunstide vastu \u2013 huvile, mis on viinud eluaegsete s\u00f5prussuheteni Bono, Nick Cave\u2019i, Tom Waitsi, Michael Stipe\u2019i, Dave Gahani ja paljude teiste ikooniliste muusikutega. Viie aastak\u00fcmne loomingule tagasi vaadates koondab raamat sadu loomingulisi ja omap\u00e4raseid pilte, mida Corbijn on saanud j\u00e4\u00e4dvustada suuresti t\u00e4nu oma l\u00e4hedastele suhetele pildistatavatega.<\/p>\n<p data-start=\"1377\" data-end=\"1528\">\u201eCorbijn, Anton\u201c toob esile ja avab uuesti ikoonilisi kujutisi, t\u00e4histades tema p\u00e4randit ja kestvat m\u00f5ju visuaalkunstile ning popkultuurile t\u00e4naseni.<\/p>\n<p data-start=\"1530\" data-end=\"1647\">Tekstidega on panustanud Adam Clayton (U2), Anton Corbijn, Marlene Dumas, Johan Faes, Samantha Morton ja Tom Waits.<\/p>\n","protected":false},"excerpt":{"rendered":"<p>*** Iga eksemplar sisaldab tasuta eksklusiivset POSTRIT \u2013 kahepoolselt tr\u00fckitud ja kujundatud M\/M (Paris) poolt K\u00f5ikeh\u00f5lmav \u00fclevaade fotograafi ja filmilooja Anton Corbijni ikoonilisest loomingust alates 1970. aastatest kuni t\u00e4nap\u00e4evani \u201eTa on olnud kaamera taga igavesti. Valguse s\u00f5ber. Kas tal on taevaga mingi leping? Kas need sosistavad talle saladusi? Valguse keelt? Ta liigub justkui samal sagedusel. [&hellip;]<\/p>\n","protected":false},"featured_media":30344,"template":"","meta":{"_acf_changed":false,"inline_featured_image":false},"product_brand":[],"product_cat":[374,20],"product_tag":[],"class_list":{"0":"post-30347","1":"product","2":"type-product","3":"status-publish","4":"has-post-thumbnail","6":"product_cat-hetkel-naitame","7":"product_cat-raamatud","9":"first","10":"instock","11":"taxable","12":"shipping-taxable","13":"purchasable","14":"product-type-simple"},"acf":[],"_links":{"self":[{"href":"https:\/\/www.fotografiska.ee\/epood\/wp-json\/wp\/v2\/product\/30347","targetHints":{"allow":["GET"]}}],"collection":[{"href":"https:\/\/www.fotografiska.ee\/epood\/wp-json\/wp\/v2\/product"}],"about":[{"href":"https:\/\/www.fotografiska.ee\/epood\/wp-json\/wp\/v2\/types\/product"}],"wp:featuredmedia":[{"embeddable":true,"href":"https:\/\/www.fotografiska.ee\/epood\/wp-json\/wp\/v2\/media\/30344"}],"wp:attachment":[{"href":"https:\/\/www.fotografiska.ee\/epood\/wp-json\/wp\/v2\/media?parent=30347"}],"wp:term":[{"taxonomy":"product_brand","embeddable":true,"href":"https:\/\/www.fotografiska.ee\/epood\/wp-json\/wp\/v2\/product_brand?post=30347"},{"taxonomy":"product_cat","embeddable":true,"href":"https:\/\/www.fotografiska.ee\/epood\/wp-json\/wp\/v2\/product_cat?post=30347"},{"taxonomy":"product_tag","embeddable":true,"href":"https:\/\/www.fotografiska.ee\/epood\/wp-json\/wp\/v2\/product_tag?post=30347"}],"curies":[{"name":"wp","href":"https:\/\/api.w.org\/{rel}","templated":true}]}}