{"id":29455,"date":"2025-01-24T09:19:58","date_gmt":"2025-01-24T07:19:58","guid":{"rendered":"https:\/\/www.fotografiska.ee\/epood\/?post_type=product&#038;p=29455"},"modified":"2025-01-24T13:44:08","modified_gmt":"2025-01-24T11:44:08","slug":"eesti-spordi-lugu","status":"publish","type":"product","link":"https:\/\/www.fotografiska.ee\/epood\/product\/eesti-spordi-lugu\/?lang=en","title":{"rendered":"Eesti Spordi Lugu"},"content":{"rendered":"<p>Eestlased on sporti ja kultuuri alati au sees hoidnud, ometi on meie kultuuriloos olnud \u00fcks seni t\u00e4itmata t\u00fchimik \u2013 puudunud on Eesti spordiajaloo tervikk\u00e4sitlus. Sellise \u00fclevaate vajalikkusest on r\u00e4\u00e4gitud aastak\u00fcmneid. N\u00fc\u00fcd ongi kauaoodatud raamat valmis.<br \/>\nSpordimuuseumi autorite t\u00f6\u00f6 tulemusena on esmakordselt kokku pandud sedav\u00f5rd l\u00e4bi t\u00f6\u00f6tatud ja m\u00f5testatud \u00fclevaade Eesti spordiloost. Selle keskmesse ei ole t\u00f5stetud mitte niiv\u00f5rd sportlaste saavutused, v\u00f5istlustulemused ja statistilised numbrid (kuigi ka need on raamatu lisades leitavad), vaid spordi laiem arengulugu Eestis l\u00e4bi sajandite, alates keskajast kuni 21. sajandi alguseni, erinevates tingimustes ja \u00fchiskondlikes muutustes. Olulise lisav\u00e4\u00e4rtusena t\u00e4iendab raamatut rikkalik ja osaliselt seniavaldamata illustratsioonide valik Eesti Spordi- ja Ol\u00fcmpiamuuseumi kogust.<br \/>\nEesti spordi lugu on meie saja-aastase Eesti lugu. Unistuste, lootuste ja tahtej\u00f5u lugu. Olgem selle \u00fcle uhked!<\/p>\n","protected":false},"excerpt":{"rendered":"<p>Eestlased on sporti ja kultuuri alati au sees hoidnud, ometi on meie kultuuriloos olnud \u00fcks seni t\u00e4itmata t\u00fchimik \u2013 puudunud on Eesti spordiajaloo tervikk\u00e4sitlus. Sellise \u00fclevaate vajalikkusest on r\u00e4\u00e4gitud aastak\u00fcmneid. N\u00fc\u00fcd ongi kauaoodatud raamat valmis. Spordimuuseumi autorite t\u00f6\u00f6 tulemusena on esmakordselt kokku pandud sedav\u00f5rd l\u00e4bi t\u00f6\u00f6tatud ja m\u00f5testatud \u00fclevaade Eesti spordiloost. Selle keskmesse ei ole [&hellip;]<\/p>\n","protected":false},"featured_media":29456,"template":"","meta":{"_acf_changed":false,"inline_featured_image":false},"product_brand":[],"product_cat":[319,98],"product_tag":[],"class_list":{"0":"post-29455","1":"product","2":"type-product","3":"status-publish","4":"has-post-thumbnail","6":"product_cat-exhibition-books","7":"product_cat-books","9":"first","10":"instock","11":"taxable","12":"shipping-taxable","13":"purchasable","14":"product-type-simple"},"acf":[],"_links":{"self":[{"href":"https:\/\/www.fotografiska.ee\/epood\/wp-json\/wp\/v2\/product\/29455","targetHints":{"allow":["GET"]}}],"collection":[{"href":"https:\/\/www.fotografiska.ee\/epood\/wp-json\/wp\/v2\/product"}],"about":[{"href":"https:\/\/www.fotografiska.ee\/epood\/wp-json\/wp\/v2\/types\/product"}],"wp:featuredmedia":[{"embeddable":true,"href":"https:\/\/www.fotografiska.ee\/epood\/wp-json\/wp\/v2\/media\/29456"}],"wp:attachment":[{"href":"https:\/\/www.fotografiska.ee\/epood\/wp-json\/wp\/v2\/media?parent=29455"}],"wp:term":[{"taxonomy":"product_brand","embeddable":true,"href":"https:\/\/www.fotografiska.ee\/epood\/wp-json\/wp\/v2\/product_brand?post=29455"},{"taxonomy":"product_cat","embeddable":true,"href":"https:\/\/www.fotografiska.ee\/epood\/wp-json\/wp\/v2\/product_cat?post=29455"},{"taxonomy":"product_tag","embeddable":true,"href":"https:\/\/www.fotografiska.ee\/epood\/wp-json\/wp\/v2\/product_tag?post=29455"}],"curies":[{"name":"wp","href":"https:\/\/api.w.org\/{rel}","templated":true}]}}