{"id":29071,"date":"2024-11-29T11:52:55","date_gmt":"2024-11-29T10:06:48","guid":{"rendered":"https:\/\/fotografiska.ee\/epood\/?post_type=product&#038;p=29071"},"modified":"2024-12-09T13:46:53","modified_gmt":"2024-12-09T11:46:53","slug":"oled-kunagi","status":"publish","type":"product","link":"https:\/\/fotografiska.ee\/epood\/product\/oled-kunagi\/","title":{"rendered":"Have you ever?"},"content":{"rendered":"<p>SUUREP\u00c4RANE KINGITUS V\u00d5I P\u00c4KAPIKU POOLT MEENE SOKI SISSE: sobib ideaalselt perekondadele, kes vajavad m\u00e4ngu\u00f5htu inspiratsiooni, \u00f5htus\u00f6\u00f6gi\u00a0 ja peok\u00fclalistele v\u00f5i telkijatele, kes otsivad l\u00f5busat vestlusm\u00e4ngu l\u00f5kke \u00e4\u00e4res.<\/p>\n<p>SEDA SAAB IGALE POOLE KAASA V\u00d5TTA: Pisikesed, kaasaskantavad purgid on ideaalse suurusega, et visata neid puhkusele k\u00e4ekotti v\u00f5i pagasisse.<\/p>\n","protected":false},"excerpt":{"rendered":"<p>SUUREP\u00c4RANE KINGITUS V\u00d5I P\u00c4KAPIKU POOLT MEENE SOKI SISSE: sobib ideaalselt perekondadele, kes vajavad m\u00e4ngu\u00f5htu inspiratsiooni, \u00f5htus\u00f6\u00f6gi\u00a0 ja peok\u00fclalistele v\u00f5i telkijatele, kes otsivad l\u00f5busat vestlusm\u00e4ngu l\u00f5kke \u00e4\u00e4res. SEDA SAAB IGALE POOLE KAASA V\u00d5TTA: Pisikesed, kaasaskantavad purgid on ideaalse suurusega, et visata neid puhkusele k\u00e4ekotti v\u00f5i pagasisse.<\/p>\n","protected":false},"featured_media":29069,"template":"","meta":{"_acf_changed":false,"inline_featured_image":false},"product_brand":[],"product_cat":[378],"product_tag":[],"class_list":{"0":"post-29071","1":"product","2":"type-product","3":"status-publish","4":"has-post-thumbnail","6":"product_cat-kingid","8":"first","9":"instock","10":"taxable","11":"shipping-taxable","12":"purchasable","13":"product-type-simple"},"acf":[],"_links":{"self":[{"href":"https:\/\/fotografiska.ee\/epood\/wp-json\/wp\/v2\/product\/29071","targetHints":{"allow":["GET"]}}],"collection":[{"href":"https:\/\/fotografiska.ee\/epood\/wp-json\/wp\/v2\/product"}],"about":[{"href":"https:\/\/fotografiska.ee\/epood\/wp-json\/wp\/v2\/types\/product"}],"wp:featuredmedia":[{"embeddable":true,"href":"https:\/\/fotografiska.ee\/epood\/wp-json\/wp\/v2\/media\/29069"}],"wp:attachment":[{"href":"https:\/\/fotografiska.ee\/epood\/wp-json\/wp\/v2\/media?parent=29071"}],"wp:term":[{"taxonomy":"product_brand","embeddable":true,"href":"https:\/\/fotografiska.ee\/epood\/wp-json\/wp\/v2\/product_brand?post=29071"},{"taxonomy":"product_cat","embeddable":true,"href":"https:\/\/fotografiska.ee\/epood\/wp-json\/wp\/v2\/product_cat?post=29071"},{"taxonomy":"product_tag","embeddable":true,"href":"https:\/\/fotografiska.ee\/epood\/wp-json\/wp\/v2\/product_tag?post=29071"}],"curies":[{"name":"wp","href":"https:\/\/api.w.org\/{rel}","templated":true}]}}