{"id":28589,"date":"2024-05-23T12:26:34","date_gmt":"2024-05-23T10:26:34","guid":{"rendered":"https:\/\/www.fotografiska.ee\/epood\/?post_type=product&#038;p=28589"},"modified":"2024-09-13T08:54:06","modified_gmt":"2024-09-13T06:54:06","slug":"raamitud-poster-kary-h-lasch-pablo-picasso-musee-de-la-ceramique-vallauris-france-1953","status":"publish","type":"product","link":"https:\/\/www.fotografiska.ee\/epood\/product\/raamitud-poster-kary-h-lasch-pablo-picasso-musee-de-la-ceramique-vallauris-france-1953\/","title":{"rendered":"Raamitud poster Kary H. Lasch, Pablo Picasso, Mus\u00e9e de la Ceramique, Vallauris, France, 1953"},"content":{"rendered":"<p>Kary H. Lasch, sotsiaalne kameeleon, kellel on ainulaadne v\u00f5ime l\u00e4heneda kuulsustele s\u00fcgavalt ja isiklikult, on j\u00e4\u00e4dvustanud Dal\u00ed ja teisi staare nii, nagu v\u00e4hesed teised seda suudavad. Fotografiska n\u00e4itusel \"Kuldsed aastad\" on Laschi silmapaistev pildikogu esmakordselt \u00fcle 30 aasta eksponeeritud. See kollektsioon sisaldab portreid mitmetest legendaarsetest isikutest, sealhulgas Brigitte Bardot'st, Pablo Picassost, Grace Kellyst, Britt Eklandist ja paljudest teistest.<\/p>\n<p>Toodet ei saa tellida pakiautomaati. Raami k\u00e4tte saamiseks palume tulla kohapeale.<\/p>\n<p>&nbsp;<\/p>\n","protected":false},"excerpt":{"rendered":"<p>Kary H. Lasch, sotsiaalne kameeleon, kellel on ainulaadne v\u00f5ime l\u00e4heneda kuulsustele s\u00fcgavalt ja isiklikult, on j\u00e4\u00e4dvustanud Dal\u00ed ja teisi staare nii, nagu v\u00e4hesed teised seda suudavad. Fotografiska n\u00e4itusel \"Kuldsed aastad\" on Laschi silmapaistev pildikogu esmakordselt \u00fcle 30 aasta eksponeeritud. See kollektsioon sisaldab portreid mitmetest legendaarsetest isikutest, sealhulgas Brigitte Bardot'st, Pablo Picassost, Grace Kellyst, Britt Eklandist [&hellip;]<\/p>\n","protected":false},"featured_media":28590,"template":"","meta":{"_acf_changed":false,"inline_featured_image":false},"product_brand":[],"product_cat":[16],"product_tag":[],"class_list":{"0":"post-28589","1":"product","2":"type-product","3":"status-publish","4":"has-post-thumbnail","6":"product_cat-postrid","8":"first","9":"instock","10":"taxable","11":"shipping-taxable","12":"purchasable","13":"product-type-simple"},"acf":[],"_links":{"self":[{"href":"https:\/\/www.fotografiska.ee\/epood\/wp-json\/wp\/v2\/product\/28589","targetHints":{"allow":["GET"]}}],"collection":[{"href":"https:\/\/www.fotografiska.ee\/epood\/wp-json\/wp\/v2\/product"}],"about":[{"href":"https:\/\/www.fotografiska.ee\/epood\/wp-json\/wp\/v2\/types\/product"}],"wp:featuredmedia":[{"embeddable":true,"href":"https:\/\/www.fotografiska.ee\/epood\/wp-json\/wp\/v2\/media\/28590"}],"wp:attachment":[{"href":"https:\/\/www.fotografiska.ee\/epood\/wp-json\/wp\/v2\/media?parent=28589"}],"wp:term":[{"taxonomy":"product_brand","embeddable":true,"href":"https:\/\/www.fotografiska.ee\/epood\/wp-json\/wp\/v2\/product_brand?post=28589"},{"taxonomy":"product_cat","embeddable":true,"href":"https:\/\/www.fotografiska.ee\/epood\/wp-json\/wp\/v2\/product_cat?post=28589"},{"taxonomy":"product_tag","embeddable":true,"href":"https:\/\/www.fotografiska.ee\/epood\/wp-json\/wp\/v2\/product_tag?post=28589"}],"curies":[{"name":"wp","href":"https:\/\/api.w.org\/{rel}","templated":true}]}}