{"id":28581,"date":"2024-05-22T12:07:16","date_gmt":"2024-05-22T10:07:16","guid":{"rendered":"https:\/\/www.fotografiska.ee\/epood\/?post_type=product&#038;p=28581"},"modified":"2025-02-04T12:25:02","modified_gmt":"2025-02-04T10:25:02","slug":"rinko-kawauchi-from-the-series-m-e-untitled-1-2021-7122","status":"publish","type":"product","link":"https:\/\/www.fotografiska.ee\/epood\/product\/rinko-kawauchi-from-the-series-m-e-untitled-1-2021-7122\/","title":{"rendered":"Rinko Kawauchi, From the series M\/E, Untitled #1 2021 #7122"},"content":{"rendered":"<p>Rinko Kawauchi, Jaapani kunstimaailma s\u00e4rav t\u00e4ht, viib teid reisile l\u00e4bi tema ainulaadse kunstilise universumi. Fotografiska esitleb kaugelt paistev t\u00e4he loomingut, mis \u00fchendab majesteetlikud loodusportreed ja vaiksed hetked igap\u00e4evaelust.<\/p>\n<p>See plakat, mis on tr\u00fckitud kvaliteetsele paberile suuruses 50x70 cm, on suurep\u00e4rane v\u00f5imalus lisada Kawauchi kunstnikun\u00f5ude ja ilumeel oma koju v\u00f5i t\u00f6\u00f6ruumi. Kogege Rinko Kawauchi fotot\u00f6\u00f6de j\u00f5udu ja peensust ning laske end inspireerida tema v\u00f5imest tabada erakordset argip\u00e4evas.<\/p>\n","protected":false},"excerpt":{"rendered":"<p>Rinko Kawauchi, Jaapani kunstimaailma s\u00e4rav t\u00e4ht, viib teid reisile l\u00e4bi tema ainulaadse kunstilise universumi. Fotografiska esitleb kaugelt paistev t\u00e4he loomingut, mis \u00fchendab majesteetlikud loodusportreed ja vaiksed hetked igap\u00e4evaelust. See plakat, mis on tr\u00fckitud kvaliteetsele paberile suuruses 50x70 cm, on suurep\u00e4rane v\u00f5imalus lisada Kawauchi kunstnikun\u00f5ude ja ilumeel oma koju v\u00f5i t\u00f6\u00f6ruumi. Kogege Rinko Kawauchi fotot\u00f6\u00f6de j\u00f5udu [&hellip;]<\/p>\n","protected":false},"featured_media":28582,"template":"","meta":{"_acf_changed":false,"inline_featured_image":false},"product_brand":[],"product_cat":[16],"product_tag":[],"class_list":{"0":"post-28581","1":"product","2":"type-product","3":"status-publish","4":"has-post-thumbnail","6":"product_cat-postrid","8":"first","9":"instock","10":"taxable","11":"shipping-taxable","12":"purchasable","13":"product-type-simple"},"acf":[],"_links":{"self":[{"href":"https:\/\/www.fotografiska.ee\/epood\/wp-json\/wp\/v2\/product\/28581","targetHints":{"allow":["GET"]}}],"collection":[{"href":"https:\/\/www.fotografiska.ee\/epood\/wp-json\/wp\/v2\/product"}],"about":[{"href":"https:\/\/www.fotografiska.ee\/epood\/wp-json\/wp\/v2\/types\/product"}],"wp:featuredmedia":[{"embeddable":true,"href":"https:\/\/www.fotografiska.ee\/epood\/wp-json\/wp\/v2\/media\/28582"}],"wp:attachment":[{"href":"https:\/\/www.fotografiska.ee\/epood\/wp-json\/wp\/v2\/media?parent=28581"}],"wp:term":[{"taxonomy":"product_brand","embeddable":true,"href":"https:\/\/www.fotografiska.ee\/epood\/wp-json\/wp\/v2\/product_brand?post=28581"},{"taxonomy":"product_cat","embeddable":true,"href":"https:\/\/www.fotografiska.ee\/epood\/wp-json\/wp\/v2\/product_cat?post=28581"},{"taxonomy":"product_tag","embeddable":true,"href":"https:\/\/www.fotografiska.ee\/epood\/wp-json\/wp\/v2\/product_tag?post=28581"}],"curies":[{"name":"wp","href":"https:\/\/api.w.org\/{rel}","templated":true}]}}