{"id":28378,"date":"2024-04-22T18:14:26","date_gmt":"2024-04-22T16:14:26","guid":{"rendered":"https:\/\/www.fotografiska.ee\/epood\/?post_type=product&#038;p=28378"},"modified":"2024-09-13T08:57:06","modified_gmt":"2024-09-13T06:57:06","slug":"kary-h-lasch-the-golden-years","status":"publish","type":"product","link":"https:\/\/www.fotografiska.ee\/epood\/product\/kary-h-lasch-the-golden-years\/","title":{"rendered":"Kary H. Lasch: The Golden Years"},"content":{"rendered":"<p>Kary H. Lasch (1914 - 1993) oli T\u0161ehhi p\u00e4ritolu fotograaf, kes kolis 1939. aastal Rootsi ja kelle rahvusvaheline modelliotsijate v\u00f5rgustik asus Stockholmis. Tema fotograafiline karj\u00e4\u00e4r kestis 1950ndatest kuni 1980ndateni ning ta osales Cannes'i filmifestivalil \u00fcle 30 aasta j\u00e4rjest. Ta reisis palju ning on tuntud oma ikooniliste piltide poolest Picassost, Dali, Fellinist, Sofia Lorenist ja Brigitte Bardot'st. See 3-k\u00f6iteline komplekt (1. k\u00f6ide: Kuulsad; 2. k\u00f6ide: Cannes; 3. k\u00f6ide: Humoorikas) koondab teoseid Kary Laschi ulatuslikust kollektsioonist.<\/p>\n","protected":false},"excerpt":{"rendered":"<p>Kary H. Lasch (1914 - 1993) oli T\u0161ehhi p\u00e4ritolu fotograaf, kes kolis 1939. aastal Rootsi ja kelle rahvusvaheline modelliotsijate v\u00f5rgustik asus Stockholmis. Tema fotograafiline karj\u00e4\u00e4r kestis 1950ndatest kuni 1980ndateni ning ta osales Cannes'i filmifestivalil \u00fcle 30 aasta j\u00e4rjest. Ta reisis palju ning on tuntud oma ikooniliste piltide poolest Picassost, Dali, Fellinist, Sofia Lorenist ja Brigitte [&hellip;]<\/p>\n","protected":false},"featured_media":28379,"template":"","meta":{"_acf_changed":false,"inline_featured_image":false},"product_brand":[],"product_cat":[20],"product_tag":[],"class_list":{"0":"post-28378","1":"product","2":"type-product","3":"status-publish","4":"has-post-thumbnail","6":"product_cat-raamatud","8":"first","9":"instock","10":"taxable","11":"shipping-taxable","12":"purchasable","13":"product-type-simple"},"acf":[],"_links":{"self":[{"href":"https:\/\/www.fotografiska.ee\/epood\/wp-json\/wp\/v2\/product\/28378","targetHints":{"allow":["GET"]}}],"collection":[{"href":"https:\/\/www.fotografiska.ee\/epood\/wp-json\/wp\/v2\/product"}],"about":[{"href":"https:\/\/www.fotografiska.ee\/epood\/wp-json\/wp\/v2\/types\/product"}],"wp:featuredmedia":[{"embeddable":true,"href":"https:\/\/www.fotografiska.ee\/epood\/wp-json\/wp\/v2\/media\/28379"}],"wp:attachment":[{"href":"https:\/\/www.fotografiska.ee\/epood\/wp-json\/wp\/v2\/media?parent=28378"}],"wp:term":[{"taxonomy":"product_brand","embeddable":true,"href":"https:\/\/www.fotografiska.ee\/epood\/wp-json\/wp\/v2\/product_brand?post=28378"},{"taxonomy":"product_cat","embeddable":true,"href":"https:\/\/www.fotografiska.ee\/epood\/wp-json\/wp\/v2\/product_cat?post=28378"},{"taxonomy":"product_tag","embeddable":true,"href":"https:\/\/www.fotografiska.ee\/epood\/wp-json\/wp\/v2\/product_tag?post=28378"}],"curies":[{"name":"wp","href":"https:\/\/api.w.org\/{rel}","templated":true}]}}