{"id":27835,"date":"2023-11-28T11:41:12","date_gmt":"2023-11-28T09:41:12","guid":{"rendered":"https:\/\/www.fotografiska.ee\/epood\/?post_type=product&#038;p=27835"},"modified":"2025-07-30T12:19:47","modified_gmt":"2025-07-30T09:19:47","slug":"elizaveta-porodina-die-frau-im-mond-6953","status":"publish","type":"product","link":"https:\/\/www.fotografiska.ee\/epood\/product\/elizaveta-porodina-die-frau-im-mond-6953\/","title":{"rendered":"Elizaveta Porodina, Die Frau im Mond #6953"},"content":{"rendered":"","protected":false},"excerpt":{"rendered":"<p>Fotograaf Elizaveta Porodina on oma unen\u00e4oliste ja m\u00f5nikord s\u00fcrreaalsete fotodega saanud moemaailma lemmikuks.<\/p>\n<p>Pilt on osa n\u00e4itusest \u043e\u043a\u043d\u0430, mis kajastab Elizaveta Porodina viimaseid aastaid ja selle aja jooksul loodud pilte. Tema kujutised on s\u00fcrreaalsed ja v\u00e4rvilised, unen\u00e4olised, kuid m\u00f5nikord ka hirmutavad. Korduvad teemad on pisarad ja vesi. Ta ammutab inspiratsiooni lapsep\u00f5lve Venemaalt, kunstiajaloost, filmist ja religioonist.<\/p>\n<p>Suurus: 50x70 cm<\/p>\n","protected":false},"featured_media":27848,"template":"","meta":{"_acf_changed":false,"inline_featured_image":false},"product_brand":[],"product_cat":[380,16],"product_tag":[],"class_list":{"0":"post-27835","1":"product","2":"type-product","3":"status-publish","4":"has-post-thumbnail","6":"product_cat-sale","7":"product_cat-postrid","9":"first","10":"instock","11":"sale","12":"taxable","13":"shipping-taxable","14":"purchasable","15":"product-type-simple"},"acf":[],"_links":{"self":[{"href":"https:\/\/www.fotografiska.ee\/epood\/wp-json\/wp\/v2\/product\/27835","targetHints":{"allow":["GET"]}}],"collection":[{"href":"https:\/\/www.fotografiska.ee\/epood\/wp-json\/wp\/v2\/product"}],"about":[{"href":"https:\/\/www.fotografiska.ee\/epood\/wp-json\/wp\/v2\/types\/product"}],"wp:featuredmedia":[{"embeddable":true,"href":"https:\/\/www.fotografiska.ee\/epood\/wp-json\/wp\/v2\/media\/27848"}],"wp:attachment":[{"href":"https:\/\/www.fotografiska.ee\/epood\/wp-json\/wp\/v2\/media?parent=27835"}],"wp:term":[{"taxonomy":"product_brand","embeddable":true,"href":"https:\/\/www.fotografiska.ee\/epood\/wp-json\/wp\/v2\/product_brand?post=27835"},{"taxonomy":"product_cat","embeddable":true,"href":"https:\/\/www.fotografiska.ee\/epood\/wp-json\/wp\/v2\/product_cat?post=27835"},{"taxonomy":"product_tag","embeddable":true,"href":"https:\/\/www.fotografiska.ee\/epood\/wp-json\/wp\/v2\/product_tag?post=27835"}],"curies":[{"name":"wp","href":"https:\/\/api.w.org\/{rel}","templated":true}]}}