{"id":27826,"date":"2023-11-28T10:42:11","date_gmt":"2023-11-28T08:42:11","guid":{"rendered":"https:\/\/www.fotografiska.ee\/epood\/?post_type=product&#038;p=27826"},"modified":"2024-04-29T14:50:31","modified_gmt":"2024-04-29T12:50:31","slug":"elizaveta-porodina-julia-banas-for-the-mystery-6952","status":"publish","type":"product","link":"https:\/\/www.fotografiska.ee\/epood\/product\/elizaveta-porodina-julia-banas-for-the-mystery-6952\/","title":{"rendered":"Elizaveta Porodina, Julia Banas for the Mystery #6952"},"content":{"rendered":"","protected":false},"excerpt":{"rendered":"<p>Pilt modellist Julia Banasist Mystery Joy Jewelry kampaanias.<\/p>\n<p>Fotograaf Elizaveta Porodina on oma unen\u00e4oliste ja kohati s\u00fcrrealistlike fotodega saanud moemaailma lemmikuks.<\/p>\n<p>Pilt on osa n\u00e4itusest \u043e\u043a\u043d\u0430 (vene keeles aken), mis kajastab Elizaveta Porodina karj\u00e4\u00e4ri viimaseid aastaid ja selle aja jooksul loodud pilte. Tema kujundid on s\u00fcrreaalsed ja v\u00e4rvilised, unen\u00e4olised, kuid m\u00f5nikord ka hirmutavad. Korduvad teemad on pisarad ja vesi. Ta ammutab inspiratsiooni lapsep\u00f5lve Venemaalt, kunstiajaloost, filmist ja religioonist.<\/p>\n<p>Suurus: 30x40 cm<\/p>\n","protected":false},"featured_media":27844,"template":"","meta":{"_acf_changed":false,"inline_featured_image":false},"product_brand":[],"product_cat":[16],"product_tag":[],"class_list":{"0":"post-27826","1":"product","2":"type-product","3":"status-publish","4":"has-post-thumbnail","6":"product_cat-postrid","8":"first","9":"instock","10":"taxable","11":"shipping-taxable","12":"purchasable","13":"product-type-simple"},"acf":[],"_links":{"self":[{"href":"https:\/\/www.fotografiska.ee\/epood\/wp-json\/wp\/v2\/product\/27826","targetHints":{"allow":["GET"]}}],"collection":[{"href":"https:\/\/www.fotografiska.ee\/epood\/wp-json\/wp\/v2\/product"}],"about":[{"href":"https:\/\/www.fotografiska.ee\/epood\/wp-json\/wp\/v2\/types\/product"}],"wp:featuredmedia":[{"embeddable":true,"href":"https:\/\/www.fotografiska.ee\/epood\/wp-json\/wp\/v2\/media\/27844"}],"wp:attachment":[{"href":"https:\/\/www.fotografiska.ee\/epood\/wp-json\/wp\/v2\/media?parent=27826"}],"wp:term":[{"taxonomy":"product_brand","embeddable":true,"href":"https:\/\/www.fotografiska.ee\/epood\/wp-json\/wp\/v2\/product_brand?post=27826"},{"taxonomy":"product_cat","embeddable":true,"href":"https:\/\/www.fotografiska.ee\/epood\/wp-json\/wp\/v2\/product_cat?post=27826"},{"taxonomy":"product_tag","embeddable":true,"href":"https:\/\/www.fotografiska.ee\/epood\/wp-json\/wp\/v2\/product_tag?post=27826"}],"curies":[{"name":"wp","href":"https:\/\/api.w.org\/{rel}","templated":true}]}}