{"id":27727,"date":"2023-10-21T14:08:50","date_gmt":"2023-10-21T12:08:50","guid":{"rendered":"https:\/\/www.fotografiska.ee\/epood\/?post_type=product&#038;p=27727"},"modified":"2024-02-07T19:42:53","modified_gmt":"2024-02-07T17:42:53","slug":"boyhood-by-roger-ballen","status":"publish","type":"product","link":"https:\/\/www.fotografiska.ee\/epood\/product\/boyhood-by-roger-ballen\/","title":{"rendered":"Boyhood by Roger Ballen"},"content":{"rendered":"","protected":false},"excerpt":{"rendered":"<p>Roger Ballen viib meid fotode ja lugude abil \u00fcle Euroopa, Aasia ja P\u00f5hja-Ameerika kontinendi, et otsida poisip\u00f5lve: poisip\u00f5lve, nagu seda elatakse Nepali Himaalajas, Indoneesia saartel, Hiina provintsides ja Ameerika t\u00e4navatel. Iga vapustav foto (mis on valitud 15 000 poissfoto hulgast, mis Balleni nelja-aastase otsingu ajal oma teemat uurides tegi) kujutab poiste maagiat, mis ilmneb nende m\u00e4ngudes, seiklustes, unistustes ja pahandustes. Me hakkame n\u00e4gema, et poisid k\u00f5ikjal, \u00fcksk\u00f5ik kui erinevad nende kultuurid ka ei oleks, jagavad vennaskonda.<\/p>\n","protected":false},"featured_media":27728,"template":"","meta":{"_acf_changed":false,"inline_featured_image":false},"product_brand":[],"product_cat":[20,339],"product_tag":[],"class_list":{"0":"post-27727","1":"product","2":"type-product","3":"status-publish","4":"has-post-thumbnail","6":"product_cat-raamatud","7":"product_cat-moodunud-naitused","9":"first","10":"instock","11":"taxable","12":"shipping-taxable","13":"purchasable","14":"product-type-simple"},"acf":[],"_links":{"self":[{"href":"https:\/\/www.fotografiska.ee\/epood\/wp-json\/wp\/v2\/product\/27727","targetHints":{"allow":["GET"]}}],"collection":[{"href":"https:\/\/www.fotografiska.ee\/epood\/wp-json\/wp\/v2\/product"}],"about":[{"href":"https:\/\/www.fotografiska.ee\/epood\/wp-json\/wp\/v2\/types\/product"}],"wp:featuredmedia":[{"embeddable":true,"href":"https:\/\/www.fotografiska.ee\/epood\/wp-json\/wp\/v2\/media\/27728"}],"wp:attachment":[{"href":"https:\/\/www.fotografiska.ee\/epood\/wp-json\/wp\/v2\/media?parent=27727"}],"wp:term":[{"taxonomy":"product_brand","embeddable":true,"href":"https:\/\/www.fotografiska.ee\/epood\/wp-json\/wp\/v2\/product_brand?post=27727"},{"taxonomy":"product_cat","embeddable":true,"href":"https:\/\/www.fotografiska.ee\/epood\/wp-json\/wp\/v2\/product_cat?post=27727"},{"taxonomy":"product_tag","embeddable":true,"href":"https:\/\/www.fotografiska.ee\/epood\/wp-json\/wp\/v2\/product_tag?post=27727"}],"curies":[{"name":"wp","href":"https:\/\/api.w.org\/{rel}","templated":true}]}}