{"id":27606,"date":"2023-10-10T08:33:12","date_gmt":"2023-10-10T06:33:12","guid":{"rendered":"https:\/\/www.fotografiska.ee\/epood\/?post_type=product&#038;p=27606"},"modified":"2024-04-29T16:32:12","modified_gmt":"2024-04-29T14:32:12","slug":"toomas-volkmanni-maika","status":"publish","type":"product","link":"https:\/\/www.fotografiska.ee\/epood\/product\/toomas-volkmanni-maika\/","title":{"rendered":"Toomas Volkmann maika"},"content":{"rendered":"","protected":false},"excerpt":{"rendered":"<p>Volkmann x Fotografiska koost\u00f6\u00f6 on inspireeritud kunstniku loomingust l\u00e4bi 30 aasta - midagi 90ndate v\u00e4rvikast skeenest, midagi moefotograafile omaselt, m\u00f5eldes juba j\u00e4rgmisele hooajale; midagi ajatut ja midagi ajastust- igas esemes on Volkmanni.<\/p>\n","protected":false},"featured_media":27610,"template":"","meta":{"_acf_changed":false,"inline_featured_image":false},"product_brand":[],"product_cat":[380,309,321],"product_tag":[],"class_list":{"0":"post-27606","1":"product","2":"type-product","3":"status-publish","4":"has-post-thumbnail","6":"product_cat-sale","7":"product_cat-fotografiska-sinu-kodus","8":"product_cat-roivad-aksessuaarid","10":"first","11":"instock","12":"taxable","13":"shipping-taxable","14":"purchasable","15":"product-type-variable"},"acf":[],"_links":{"self":[{"href":"https:\/\/www.fotografiska.ee\/epood\/wp-json\/wp\/v2\/product\/27606","targetHints":{"allow":["GET"]}}],"collection":[{"href":"https:\/\/www.fotografiska.ee\/epood\/wp-json\/wp\/v2\/product"}],"about":[{"href":"https:\/\/www.fotografiska.ee\/epood\/wp-json\/wp\/v2\/types\/product"}],"wp:featuredmedia":[{"embeddable":true,"href":"https:\/\/www.fotografiska.ee\/epood\/wp-json\/wp\/v2\/media\/27610"}],"wp:attachment":[{"href":"https:\/\/www.fotografiska.ee\/epood\/wp-json\/wp\/v2\/media?parent=27606"}],"wp:term":[{"taxonomy":"product_brand","embeddable":true,"href":"https:\/\/www.fotografiska.ee\/epood\/wp-json\/wp\/v2\/product_brand?post=27606"},{"taxonomy":"product_cat","embeddable":true,"href":"https:\/\/www.fotografiska.ee\/epood\/wp-json\/wp\/v2\/product_cat?post=27606"},{"taxonomy":"product_tag","embeddable":true,"href":"https:\/\/www.fotografiska.ee\/epood\/wp-json\/wp\/v2\/product_tag?post=27606"}],"curies":[{"name":"wp","href":"https:\/\/api.w.org\/{rel}","templated":true}]}}