{"id":25926,"date":"2023-08-11T09:06:27","date_gmt":"2023-08-11T07:06:27","guid":{"rendered":"https:\/\/www.fotografiska.ee\/epood\/?post_type=product&#038;p=25926"},"modified":"2023-11-28T11:43:52","modified_gmt":"2023-11-28T09:43:52","slug":"omar-victor-diop","status":"publish","type":"product","link":"https:\/\/fotografiska.ee\/epood\/product\/omar-victor-diop\/","title":{"rendered":"Omar Victor Diop"},"content":{"rendered":"","protected":false},"excerpt":{"rendered":"<p>Alates 2012. aastast on Dakaris s\u00fcndinud Omar Victor Diop olnud kunstimaailmas tuntud oma uimastavate, v\u00e4rvik\u00fcllastunud stuudiofotode poolest. Tema kontseptuaalsed projektid on lavastatud peamiselt kaunilt kost\u00fcmeeritud portreede ja autoportreede vormis ning keskenduvad mustanahaliste ajaloo ja Aafrika diaspora t\u00e4htsatele ajaloolistele tegelastele ja s\u00fcndmustele. K\u00e4esolevas raamatus esitatud kolmes projektis, \"Diaspora\" (2014), \"Liberty\" (2017) ja \"Allegory\" (2021), vaatleb ta taas mustanahaliste Aafrika ajalugu tabavate fotode abil, mis p\u00f5imivad kokku mineviku ja oleviku. Tekst inglise ja prantsuse keeles.<\/p>\n","protected":false},"featured_media":25927,"template":"","meta":{"_acf_changed":false,"inline_featured_image":false},"product_brand":[],"product_cat":[20],"product_tag":[],"class_list":{"0":"post-25926","1":"product","2":"type-product","3":"status-publish","4":"has-post-thumbnail","6":"product_cat-raamatud","8":"first","9":"instock","10":"taxable","11":"shipping-taxable","12":"purchasable","13":"product-type-simple"},"acf":[],"_links":{"self":[{"href":"https:\/\/fotografiska.ee\/epood\/wp-json\/wp\/v2\/product\/25926","targetHints":{"allow":["GET"]}}],"collection":[{"href":"https:\/\/fotografiska.ee\/epood\/wp-json\/wp\/v2\/product"}],"about":[{"href":"https:\/\/fotografiska.ee\/epood\/wp-json\/wp\/v2\/types\/product"}],"wp:featuredmedia":[{"embeddable":true,"href":"https:\/\/fotografiska.ee\/epood\/wp-json\/wp\/v2\/media\/25927"}],"wp:attachment":[{"href":"https:\/\/fotografiska.ee\/epood\/wp-json\/wp\/v2\/media?parent=25926"}],"wp:term":[{"taxonomy":"product_brand","embeddable":true,"href":"https:\/\/fotografiska.ee\/epood\/wp-json\/wp\/v2\/product_brand?post=25926"},{"taxonomy":"product_cat","embeddable":true,"href":"https:\/\/fotografiska.ee\/epood\/wp-json\/wp\/v2\/product_cat?post=25926"},{"taxonomy":"product_tag","embeddable":true,"href":"https:\/\/fotografiska.ee\/epood\/wp-json\/wp\/v2\/product_tag?post=25926"}],"curies":[{"name":"wp","href":"https:\/\/api.w.org\/{rel}","templated":true}]}}