{"id":22086,"date":"2023-05-08T15:34:12","date_gmt":"2023-05-08T13:34:51","guid":{"rendered":"https:\/\/www.fotografiska.ee\/epood\/?post_type=product&#038;p=22086"},"modified":"2023-05-08T15:34:51","modified_gmt":"2023-05-08T13:34:51","slug":"laszlo-moholy-nagy-self-portrait-6896","status":"publish","type":"product","link":"https:\/\/www.fotografiska.ee\/epood\/product\/laszlo-moholy-nagy-self-portrait-6896\/?lang=en","title":{"rendered":"L\u00e1szl\u00f3 Moholy-Nagy, Self Portrait #6896"},"content":{"rendered":"","protected":false},"excerpt":{"rendered":"<p>L\u00e1szl\u00f3 Moholy-Nagy (1895-1946) was a ground-breaking artist and pioneer, one of the teachers of the Bauhaus school and still world-renowned for his experimental works ranging from painting, sculpture, design and photography. The exhibition Light Play at Fotografiska, spring 2023, offers a new insight into his life and work.<\/p>\n<p>This poster reproduction of Laszlo Moholy-Nagy's The Law of the Series (1925) shows the artist in a characteristically innovative mode. Here he experiments with early darkroom technology in the replication of a single photographed image to create a dynamic, graphic design. The person portrayed is a young colleague, Marcel Breuer, who would become a famous architect and designer.<\/p>\n<p>Size: 50x70 cm<\/p>\n","protected":false},"featured_media":22083,"template":"","meta":{"_acf_changed":false,"inline_featured_image":false},"product_brand":[],"product_cat":[97],"product_tag":[],"class_list":{"0":"post-22086","1":"product","2":"type-product","3":"status-publish","4":"has-post-thumbnail","6":"product_cat-posters","8":"first","9":"instock","10":"taxable","11":"shipping-taxable","12":"purchasable","13":"product-type-simple"},"acf":[],"_links":{"self":[{"href":"https:\/\/www.fotografiska.ee\/epood\/wp-json\/wp\/v2\/product\/22086","targetHints":{"allow":["GET"]}}],"collection":[{"href":"https:\/\/www.fotografiska.ee\/epood\/wp-json\/wp\/v2\/product"}],"about":[{"href":"https:\/\/www.fotografiska.ee\/epood\/wp-json\/wp\/v2\/types\/product"}],"wp:featuredmedia":[{"embeddable":true,"href":"https:\/\/www.fotografiska.ee\/epood\/wp-json\/wp\/v2\/media\/22083"}],"wp:attachment":[{"href":"https:\/\/www.fotografiska.ee\/epood\/wp-json\/wp\/v2\/media?parent=22086"}],"wp:term":[{"taxonomy":"product_brand","embeddable":true,"href":"https:\/\/www.fotografiska.ee\/epood\/wp-json\/wp\/v2\/product_brand?post=22086"},{"taxonomy":"product_cat","embeddable":true,"href":"https:\/\/www.fotografiska.ee\/epood\/wp-json\/wp\/v2\/product_cat?post=22086"},{"taxonomy":"product_tag","embeddable":true,"href":"https:\/\/www.fotografiska.ee\/epood\/wp-json\/wp\/v2\/product_tag?post=22086"}],"curies":[{"name":"wp","href":"https:\/\/api.w.org\/{rel}","templated":true}]}}