{"id":22051,"date":"2023-05-08T14:18:48","date_gmt":"2023-05-08T12:18:48","guid":{"rendered":"https:\/\/www.fotografiska.ee\/epood\/?post_type=product&#038;p=22051"},"modified":"2023-08-23T14:29:45","modified_gmt":"2023-08-23T12:29:45","slug":"laszlo-moholy-nagy-die-transformierung","status":"publish","type":"product","link":"https:\/\/www.fotografiska.ee\/epood\/product\/laszlo-moholy-nagy-die-transformierung\/","title":{"rendered":"L\u00e1szl\u00f3 Moholy-Nagy, Die Transformierung #6897"},"content":{"rendered":"","protected":false},"excerpt":{"rendered":"<p>L\u00e1szl\u00f3 Moholy-Nagy (1895-1946) oli teedrajav kunstnik ja pioneer, \u00fcks Bauhausi koolkonna \u00f5petajatest, kes on t\u00e4naseni maailmakuulus oma eksperimentaalsete teoste poolest, mis h\u00f5lmavad nii maali, skulptuuri, disaini kui ka fotograafiat. Fotografiska n\u00e4itusel \"Light Play\", mis toimub kevadel 2023, antakse uus \u00fclevaade tema elust ja loomingust.<\/p>\n<p>See Laszlo Moholy-Nagyi plakatreproduktsioon \"Seeria seadus\" (1925) n\u00e4itab kunstnikku iseloomulikult uuenduslikus v\u00f5tmes. Siin eksperimenteerib ta varase pimekambritehnoloogiaga \u00fche pildi reprodutseerimisel, et luua d\u00fcnaamiline graafiline kujundus. Portreteeritav isik on noor kolleeg Marcel Breuer, kellest sai kuulus arhitekt ja disainer.<\/p>\n<p>Suurus: 30x40 cm<\/p>\n","protected":false},"featured_media":22057,"template":"","meta":{"_acf_changed":false,"inline_featured_image":false},"product_brand":[],"product_cat":[16],"product_tag":[],"class_list":{"0":"post-22051","1":"product","2":"type-product","3":"status-publish","4":"has-post-thumbnail","6":"product_cat-postrid","8":"first","9":"instock","10":"taxable","11":"shipping-taxable","12":"purchasable","13":"product-type-simple"},"acf":[],"_links":{"self":[{"href":"https:\/\/www.fotografiska.ee\/epood\/wp-json\/wp\/v2\/product\/22051","targetHints":{"allow":["GET"]}}],"collection":[{"href":"https:\/\/www.fotografiska.ee\/epood\/wp-json\/wp\/v2\/product"}],"about":[{"href":"https:\/\/www.fotografiska.ee\/epood\/wp-json\/wp\/v2\/types\/product"}],"wp:featuredmedia":[{"embeddable":true,"href":"https:\/\/www.fotografiska.ee\/epood\/wp-json\/wp\/v2\/media\/22057"}],"wp:attachment":[{"href":"https:\/\/www.fotografiska.ee\/epood\/wp-json\/wp\/v2\/media?parent=22051"}],"wp:term":[{"taxonomy":"product_brand","embeddable":true,"href":"https:\/\/www.fotografiska.ee\/epood\/wp-json\/wp\/v2\/product_brand?post=22051"},{"taxonomy":"product_cat","embeddable":true,"href":"https:\/\/www.fotografiska.ee\/epood\/wp-json\/wp\/v2\/product_cat?post=22051"},{"taxonomy":"product_tag","embeddable":true,"href":"https:\/\/www.fotografiska.ee\/epood\/wp-json\/wp\/v2\/product_tag?post=22051"}],"curies":[{"name":"wp","href":"https:\/\/api.w.org\/{rel}","templated":true}]}}