{"id":21486,"date":"2023-04-21T12:47:38","date_gmt":"2023-04-21T10:47:38","guid":{"rendered":"https:\/\/www.fotografiska.ee\/epood\/?post_type=product&#038;p=21486"},"modified":"2023-10-10T10:39:19","modified_gmt":"2023-10-10T08:39:19","slug":"please-return-polaroid-miles-aldridge-signeeritud","status":"publish","type":"product","link":"https:\/\/www.fotografiska.ee\/epood\/product\/please-return-polaroid-miles-aldridge-signeeritud\/","title":{"rendered":"Please Return Polaroid, Miles Aldridge, signeeritud"},"content":{"rendered":"","protected":false},"excerpt":{"rendered":"<p>Selles k\u00f6ites vaatab Miles Aldridge uuesti l\u00e4bi oma 20 aastat kestnud ja v\u00e4ga viljakat ajakirja\u00fclesandeid sisaldava Polaroidi arhiivi. Paljud neist vanadest polaroididest on erinevate lugude kallal t\u00f6\u00f6tades tahtlikult v\u00f5i kogemata kahjustatud - neid on k\u00e4rbitud, korrigeeritud, m\u00e4rgistatud, l\u00f5igatud, kleebitud, konkreetseid detaile visandatud, et neid saaks t\u00e4iustada, muuta, uuesti kokku panna v\u00f5i k\u00f5rvale heita. Oma algsest kontekstist vabanedes saavad pildid oma elu ja omandavad peaaegu unen\u00e4olise ja v\u00e4ga efektse iseloomu. Osaliselt suurendades ja paigutades polaroidid ootamatutel viisidel, k\u00e4sitleb Aldridge neid kui unikaalseid pilte, mis n\u00f5uavad individuaalset austust. Siin saame harvaesineva \u00fclevaate fotograafi storyboardist ja t\u00f6\u00f6protsessist, \u00f5ppides samal ajal hindama vigade ja ebat\u00e4iuslikkuse t\u00e4htsust, aga ka m\u00e4ngulisust, mis toimub teel valmis fotoni.<\/p>\n<p>190 lehek\u00fclge<\/p>\n","protected":false},"featured_media":21487,"template":"","meta":{"_acf_changed":false,"inline_featured_image":false},"product_brand":[],"product_cat":[20,339],"product_tag":[],"class_list":{"0":"post-21486","1":"product","2":"type-product","3":"status-publish","4":"has-post-thumbnail","6":"product_cat-raamatud","7":"product_cat-moodunud-naitused","9":"first","10":"instock","11":"taxable","12":"shipping-taxable","13":"purchasable","14":"product-type-simple"},"acf":[],"_links":{"self":[{"href":"https:\/\/www.fotografiska.ee\/epood\/wp-json\/wp\/v2\/product\/21486","targetHints":{"allow":["GET"]}}],"collection":[{"href":"https:\/\/www.fotografiska.ee\/epood\/wp-json\/wp\/v2\/product"}],"about":[{"href":"https:\/\/www.fotografiska.ee\/epood\/wp-json\/wp\/v2\/types\/product"}],"wp:featuredmedia":[{"embeddable":true,"href":"https:\/\/www.fotografiska.ee\/epood\/wp-json\/wp\/v2\/media\/21487"}],"wp:attachment":[{"href":"https:\/\/www.fotografiska.ee\/epood\/wp-json\/wp\/v2\/media?parent=21486"}],"wp:term":[{"taxonomy":"product_brand","embeddable":true,"href":"https:\/\/www.fotografiska.ee\/epood\/wp-json\/wp\/v2\/product_brand?post=21486"},{"taxonomy":"product_cat","embeddable":true,"href":"https:\/\/www.fotografiska.ee\/epood\/wp-json\/wp\/v2\/product_cat?post=21486"},{"taxonomy":"product_tag","embeddable":true,"href":"https:\/\/www.fotografiska.ee\/epood\/wp-json\/wp\/v2\/product_tag?post=21486"}],"curies":[{"name":"wp","href":"https:\/\/api.w.org\/{rel}","templated":true}]}}