{"id":21110,"date":"2023-04-13T12:37:58","date_gmt":"2023-04-13T10:37:58","guid":{"rendered":"https:\/\/www.fotografiska.ee\/epood\/?post_type=product&#038;p=21110"},"modified":"2023-04-13T12:37:59","modified_gmt":"2023-04-13T10:37:59","slug":"terry-oneill-david-bowie-6962","status":"publish","type":"product","link":"https:\/\/www.fotografiska.ee\/epood\/product\/terry-oneill-david-bowie-6962\/","title":{"rendered":"Terry O\u00b4Neill, David Bowie #6962"},"content":{"rendered":"","protected":false},"excerpt":{"rendered":"<p>Muusik ja laulja David Bowie, punaseks v\u00e4rvitud juuste ja Freddie Burretti disainitud sinepikollase \u00fclikonnaga, pildistatud Los Angeleses \u00fche ajalehe jaoks, umbes 1974. aastal.<\/p>\n<p>Keegi ei p\u00e4\u00e4senud staaridele nii l\u00e4hedale kui Terry O'Neill. Briti fotograaf on \u00fcks maailma kuulsamaid ning 1960. aastatest kuni oma surmani 2019. aastal portreteeris ta lugematul hulgal filmistaare, Hollywoodi kuulsusi, kuninglikke isikuid ja sportlasi. Fotografiska Stars on k\u00f5igi aegade suurim Terry O'Neilli n\u00e4itus ja retrospektiiv tunnustatud fotograafi unikaalsest loomingust sadade ikooniliste piltidega. Mitmeid neist n\u00e4idatakse esmakordselt.<\/p>\n<p>Suurus: 30x40 cm<\/p>\n","protected":false},"featured_media":21111,"template":"","meta":{"_acf_changed":false,"inline_featured_image":false},"product_brand":[],"product_cat":[16],"product_tag":[],"class_list":{"0":"post-21110","1":"product","2":"type-product","3":"status-publish","4":"has-post-thumbnail","6":"product_cat-postrid","8":"first","9":"instock","10":"taxable","11":"shipping-taxable","12":"purchasable","13":"product-type-simple"},"acf":[],"_links":{"self":[{"href":"https:\/\/www.fotografiska.ee\/epood\/wp-json\/wp\/v2\/product\/21110","targetHints":{"allow":["GET"]}}],"collection":[{"href":"https:\/\/www.fotografiska.ee\/epood\/wp-json\/wp\/v2\/product"}],"about":[{"href":"https:\/\/www.fotografiska.ee\/epood\/wp-json\/wp\/v2\/types\/product"}],"wp:featuredmedia":[{"embeddable":true,"href":"https:\/\/www.fotografiska.ee\/epood\/wp-json\/wp\/v2\/media\/21111"}],"wp:attachment":[{"href":"https:\/\/www.fotografiska.ee\/epood\/wp-json\/wp\/v2\/media?parent=21110"}],"wp:term":[{"taxonomy":"product_brand","embeddable":true,"href":"https:\/\/www.fotografiska.ee\/epood\/wp-json\/wp\/v2\/product_brand?post=21110"},{"taxonomy":"product_cat","embeddable":true,"href":"https:\/\/www.fotografiska.ee\/epood\/wp-json\/wp\/v2\/product_cat?post=21110"},{"taxonomy":"product_tag","embeddable":true,"href":"https:\/\/www.fotografiska.ee\/epood\/wp-json\/wp\/v2\/product_tag?post=21110"}],"curies":[{"name":"wp","href":"https:\/\/api.w.org\/{rel}","templated":true}]}}