{"id":21103,"date":"2023-04-13T12:33:25","date_gmt":"2023-04-13T10:33:25","guid":{"rendered":"https:\/\/www.fotografiska.ee\/epood\/?post_type=product&#038;p=21103"},"modified":"2025-02-13T13:31:54","modified_gmt":"2025-02-13T11:31:54","slug":"miles-aldridge-immaculee-6668","status":"publish","type":"product","link":"https:\/\/www.fotografiska.ee\/epood\/product\/miles-aldridge-immaculee-6668\/","title":{"rendered":"Miles Aldridge, Immaculee #6668"},"content":{"rendered":"","protected":false},"excerpt":{"rendered":"<p>Briti kunstnik Miles Aldridge paneb meid popkunsti, erksate v\u00e4rvide ja tumeda huumori abil \u00f5\u00f5tsuma. Tema teosed meenutavad filmiv\u00f5tteid, mis on osa suuremast loost. Pildid, mida iseloomustavad peaaegu erksad v\u00e4rvid nutikalt stiliseeritud stseenides, millel on ps\u00fchholoogiliselt h\u00e4iriv alatoon, mis seab kahtluse alla valitseva korra. Aldridge on kirglik kunstnik, kellel on ainulaadne anne inspireerida vaatajaid esitama endale k\u00fcsimusi.<\/p>\n<p>Suurus: 50x70 cm<\/p>\n","protected":false},"featured_media":21104,"template":"","meta":{"_acf_changed":false,"inline_featured_image":false},"product_brand":[],"product_cat":[16],"product_tag":[],"class_list":{"0":"post-21103","1":"product","2":"type-product","3":"status-publish","4":"has-post-thumbnail","6":"product_cat-postrid","8":"first","9":"instock","10":"taxable","11":"shipping-taxable","12":"purchasable","13":"product-type-simple"},"acf":[],"_links":{"self":[{"href":"https:\/\/www.fotografiska.ee\/epood\/wp-json\/wp\/v2\/product\/21103","targetHints":{"allow":["GET"]}}],"collection":[{"href":"https:\/\/www.fotografiska.ee\/epood\/wp-json\/wp\/v2\/product"}],"about":[{"href":"https:\/\/www.fotografiska.ee\/epood\/wp-json\/wp\/v2\/types\/product"}],"wp:featuredmedia":[{"embeddable":true,"href":"https:\/\/www.fotografiska.ee\/epood\/wp-json\/wp\/v2\/media\/21104"}],"wp:attachment":[{"href":"https:\/\/www.fotografiska.ee\/epood\/wp-json\/wp\/v2\/media?parent=21103"}],"wp:term":[{"taxonomy":"product_brand","embeddable":true,"href":"https:\/\/www.fotografiska.ee\/epood\/wp-json\/wp\/v2\/product_brand?post=21103"},{"taxonomy":"product_cat","embeddable":true,"href":"https:\/\/www.fotografiska.ee\/epood\/wp-json\/wp\/v2\/product_cat?post=21103"},{"taxonomy":"product_tag","embeddable":true,"href":"https:\/\/www.fotografiska.ee\/epood\/wp-json\/wp\/v2\/product_tag?post=21103"}],"curies":[{"name":"wp","href":"https:\/\/api.w.org\/{rel}","templated":true}]}}