{"id":19965,"date":"2023-03-22T14:12:19","date_gmt":"2023-03-22T12:12:19","guid":{"rendered":"https:\/\/www.fotografiska.ee\/epood\/?post_type=product&#038;p=19965"},"modified":"2023-04-13T14:07:51","modified_gmt":"2023-04-13T12:07:51","slug":"diana-fedoriaka-5","status":"publish","type":"product","link":"https:\/\/www.fotografiska.ee\/epood\/product\/diana-fedoriaka-5\/","title":{"rendered":"Diana Fedoriaka"},"content":{"rendered":"<p>Fotograafia olemus on p\u00fc\u00fcda valgust. See teeb fotograafiast kunsti vormi, mis on eriti oluline praegustel pimedatel aegadel. Meie mission Fotografiskas on toetada kunstnike ja tagada, et nende h\u00e4\u00e4l oleks kuulda ning samuti n\u00e4idata maailma eripalgelist v\u00e4rvipaletti. Ajal mil s\u00f5da m\u00f6llab Ukraina territooriumil, vaid m\u00f5nesaja kilomeetri kaugusel Eestist, on aeg p\u00f6\u00f6rata oma pilgud Ukraina fotograafide suunas. N\u00e4itame 7 kunstniku t\u00f6id, kes on erinevas eas, kogemuste ning tasutaga mehed ja naised, samal ajal kui nende elud on t\u00e4is v\u00e4givalda. L\u00e4bi pildi ning s\u00f5na r\u00e4\u00e4givad nad meile enda suhtest selle s\u00f5jaga, enda igap\u00e4evaelust, hirmudest, leinast aga ka tuleviku lootustest. T\u00e4name s\u00fcdamest fotograafe, kes nendes v\u00e4ga keerulistes tingimustes leidsid aja, et see projekt koos meiega teoks teha. Projekt valmis koost\u00f6\u00f6s Eric Schlosser\u2019ga, Tbilisi Kuntimessi kunstilise juhiga. Eric on \u00fcle 15 aasta kureerinud ning organiseerinud hulgaliselt rahvusvahelisi foto- ning kunstiprojekte.<\/p>\n","protected":false},"excerpt":{"rendered":"<p><strong>80\u00d7120 cm<\/strong><\/p>\n<p><strong>Toodet ei ole v\u00f5imalik tellida pakiautomaati.<\/strong><\/p>\n<p><strong>Foto on alumiiniumplaadil ega vaja raami.<\/strong><\/p>\n<p>,,2021. aasta suve l\u00f5pus sain t\u00f6\u00f6pakkumise Katarisse ja kolin ajutiselt sinna t\u00f6\u00f6le. Mul oli kogu aeg koduigatsus ja ma lugesin p\u00e4evi. Aprillis pidin tagasi olema. Tegin suuri plaane, raamat oma projektidega, dokumentaalfilm, m\u00f5ned n\u00e4itused Harkivis, kohtumised s\u00f5prade ja kolleegidega, projekt T\u0161ernob\u00f5lis ja see on ainult l\u00fchike nimekiri.\u201d<\/p>\n<p>M\u00f5ned tunnid enne s\u00f5ja algust r\u00e4\u00e4kisin oma kihlatuga, tegin plaane, et minna Harkivi, Karpaatidesse ja Lvivisse, renoveerida meie maja ja hakata aias ise toitu kasvatama. Kogu selle \u00f6\u00f6 jooksul m\u00e4letan, et \u00e4rkasin pidevalt \u00e4rkvel s\u00f5numite t\u00f5ttu, mis pidevalt tulid, nii et ma l\u00fclitasin oma telefoni v\u00e4lja. Kui ma \u00e4rkasin, olin \u0161okis, s\u00f5da oli alanud. Terve n\u00e4dal ei olnud mul \u00fchtegi pisarat. K\u00f5ige hirmsam oli m\u00f5ista, et k\u00f5ik, keda ma armastan, on pidevas ohus. M\u00f5ni n\u00e4dal p\u00e4rast seda k\u00fcsisin meie perekondlikus vestluses midagi oma isa kohta ja sain aru, et ema hoidis minult saladuses, et ta l\u00e4ks mulle teadmata p\u00f5hjusel armeesse. Aga ma olen tema \u00fcle uhke ja ta on minu kangelane. Ma tean, et mu pere ei lahkuks kunagi oma kodust, isegi kui nad on ohus, \u00fcksk\u00f5ik kui tugevalt ma neid ka ei paluks.<\/p>\n<p>Enne seda, kui Venemaa alustas s\u00f5da minu riigis, t\u00f6\u00f6tasin oma uue projekti kallal, mis k\u00e4sitleb ilu tajumist, kuid n\u00fc\u00fcd on k\u00f5ik mu m\u00f5tted ja t\u00e4helepanu Ukraina inimestel. Ma tahan oma kunsti kaudu r\u00e4\u00e4kida Venemaa sissetungi \u00f5udustest ja p\u00fc\u00fcan n\u00fc\u00fcd v\u00e4lja m\u00f5elda, kuidas seda teha. Ma tean, et v\u00f5it on v\u00e4ltimatu, me teame, mis on vabadus, ja me oleme \u00fchtsed ja kartmatud! L\u00e4hitulevikus kavatsen minna koju, aidata \u00fcles ehitada ja muuta oma riik veelgi tugevamaks, kui ta oli varem. Au Ukrainale!\u201d<\/p>\n","protected":false},"featured_media":19802,"template":"","meta":{"_acf_changed":false,"inline_featured_image":false},"product_brand":[],"product_cat":[276],"product_tag":[],"class_list":{"0":"post-19965","1":"product","2":"type-product","3":"status-publish","4":"has-post-thumbnail","6":"product_cat-ukraina-toetuseks","8":"first","9":"instock","10":"taxable","11":"shipping-taxable","12":"purchasable","13":"product-type-simple"},"acf":[],"_links":{"self":[{"href":"https:\/\/www.fotografiska.ee\/epood\/wp-json\/wp\/v2\/product\/19965","targetHints":{"allow":["GET"]}}],"collection":[{"href":"https:\/\/www.fotografiska.ee\/epood\/wp-json\/wp\/v2\/product"}],"about":[{"href":"https:\/\/www.fotografiska.ee\/epood\/wp-json\/wp\/v2\/types\/product"}],"wp:featuredmedia":[{"embeddable":true,"href":"https:\/\/www.fotografiska.ee\/epood\/wp-json\/wp\/v2\/media\/19802"}],"wp:attachment":[{"href":"https:\/\/www.fotografiska.ee\/epood\/wp-json\/wp\/v2\/media?parent=19965"}],"wp:term":[{"taxonomy":"product_brand","embeddable":true,"href":"https:\/\/www.fotografiska.ee\/epood\/wp-json\/wp\/v2\/product_brand?post=19965"},{"taxonomy":"product_cat","embeddable":true,"href":"https:\/\/www.fotografiska.ee\/epood\/wp-json\/wp\/v2\/product_cat?post=19965"},{"taxonomy":"product_tag","embeddable":true,"href":"https:\/\/www.fotografiska.ee\/epood\/wp-json\/wp\/v2\/product_tag?post=19965"}],"curies":[{"name":"wp","href":"https:\/\/api.w.org\/{rel}","templated":true}]}}