{"id":19957,"date":"2023-03-22T14:05:58","date_gmt":"2023-03-22T12:05:58","guid":{"rendered":"https:\/\/www.fotografiska.ee\/epood\/?post_type=product&#038;p=19957"},"modified":"2023-04-13T14:07:04","modified_gmt":"2023-04-13T12:07:04","slug":"arthur-bondar","status":"publish","type":"product","link":"https:\/\/www.fotografiska.ee\/epood\/product\/arthur-bondar\/","title":{"rendered":"Arthur Bondar"},"content":{"rendered":"<p>Fotograafia olemus on p\u00fc\u00fcda valgust. See teeb fotograafiast kunsti vormi, mis on eriti oluline praegustel pimedatel aegadel. Meie mission Fotografiskas on toetada kunstnike ja tagada, et nende h\u00e4\u00e4l oleks kuulda ning samuti n\u00e4idata maailma eripalgelist v\u00e4rvipaletti. Ajal mil s\u00f5da m\u00f6llab Ukraina territooriumil, vaid m\u00f5nesaja kilomeetri kaugusel Eestist, on aeg p\u00f6\u00f6rata oma pilgud Ukraina fotograafide suunas. N\u00e4itame 7 kunstniku t\u00f6id, kes on erinevas eas, kogemuste ning tasutaga mehed ja naised, samal ajal kui nende elud on t\u00e4is v\u00e4givalda. L\u00e4bi pildi ning s\u00f5na r\u00e4\u00e4givad nad meile enda suhtest selle s\u00f5jaga, enda igap\u00e4evaelust, hirmudest, leinast aga ka tuleviku lootustest. T\u00e4name s\u00fcdamest fotograafe, kes nendes v\u00e4ga keerulistes tingimustes leidsid aja, et see projekt koos meiega teoks teha. Projekt valmis koost\u00f6\u00f6s Eric Schlosser\u2019ga, Tbilisi Kuntimessi kunstilise juhiga. Eric on \u00fcle 15 aasta kureerinud ning organiseerinud hulgaliselt rahvusvahelisi foto- ning kunstiprojekte.<\/p>\n<p>Meil on r\u00f5\u00f5m tutvustada j\u00e4rgmiste fotograafide t\u00f6id - Dimitri Bogachuk, Arthur Bondar, Vita Buivid, Lisa Bukreyeva, Diana Fedoriaka, Alena Grom ja\u00a0 Xenia Petrovska. Kannustame teid k\u00fclastama ka kunstnike isiklike lehek\u00fclgi, et tutvuda teiste t\u00f6\u00f6dega. Piltide m\u00fc\u00fcgitulu l\u00e4heb fotograafide toetuseks.<\/p>\n","protected":false},"excerpt":{"rendered":"<p><strong>80\u00d7120 cm<\/strong><\/p>\n<p><strong>Toodet ei ole v\u00f5imalik tellida pakiautomaati.<\/strong><\/p>\n<p><strong>Foto on alumiiniumplaadil ega vaja raami.<\/strong><\/p>\n<p>,,Ma kolisin 2012. aastal Moskvasse oma naise t\u00f5ttu. Olen alati edasi-tagasi reisinud, et kajastada erinevaid lugusid ja s\u00fcndmusi nii Ukrainas kui ka Venemaal, sealhulgas Maidan, Krimm ja Donbass. T\u00e4na on meil Venemaa ja Ukraina vahel t\u00e4iemahuline s\u00f5da. N\u00e4dal enne s\u00f5ja algust kajastasin olukorda piiril ja tol ajal ei uskunud keegi, et v\u00f5ib toimuda t\u00f5eline s\u00f5da. Varahommikul 24. veebruaril 2022 olime me k\u00f5ik \u0161okis ja oleme seda ikka veel. Kui mu naine mulle sel varahommikul helistas, olin ma rongis, mis suundus tagasi Moskvasse. Meie vanemad ikka veel Ukrainas, granaatide all. Tundsime end abituna ja laastatuna, kuid saime aru, et peame oma vanematele ravimeid ja toitu andma. Nii me tegime seda ja teeme seda j\u00e4tkuvalt vabatahtlike, s\u00f5prade ja lahkete inimeste abiga. Iga p\u00e4ev algab ja l\u00f5peb meie vanematele helistamisega, et n\u00e4ha, kas nad on korras. Paljud meie s\u00f5brad p\u00f5genesid Venemaalt, et mitte olla sunnitud v\u00f5i kardavad siinset ebakindlat tulevikku. Paljud rahvusvahelised meediakanalid lahkusid riigist, kuna kriminaal\u00f5igus puudutab v\u00f5ltsitud ja diskrediteerivaid uudiseid Venemaa armee kohta. Ma j\u00e4tkan t\u00f6\u00f6d, kuid fotoajakirjaniku t\u00f6\u00f6 on muutunud ohtlikuks ja peaaegu v\u00f5imatuks.''<\/p>\n","protected":false},"featured_media":19958,"template":"","meta":{"_acf_changed":false,"inline_featured_image":false},"product_brand":[],"product_cat":[276],"product_tag":[],"class_list":{"0":"post-19957","1":"product","2":"type-product","3":"status-publish","4":"has-post-thumbnail","6":"product_cat-ukraina-toetuseks","8":"first","9":"instock","10":"taxable","11":"shipping-taxable","12":"purchasable","13":"product-type-simple"},"acf":[],"_links":{"self":[{"href":"https:\/\/www.fotografiska.ee\/epood\/wp-json\/wp\/v2\/product\/19957","targetHints":{"allow":["GET"]}}],"collection":[{"href":"https:\/\/www.fotografiska.ee\/epood\/wp-json\/wp\/v2\/product"}],"about":[{"href":"https:\/\/www.fotografiska.ee\/epood\/wp-json\/wp\/v2\/types\/product"}],"wp:featuredmedia":[{"embeddable":true,"href":"https:\/\/www.fotografiska.ee\/epood\/wp-json\/wp\/v2\/media\/19958"}],"wp:attachment":[{"href":"https:\/\/www.fotografiska.ee\/epood\/wp-json\/wp\/v2\/media?parent=19957"}],"wp:term":[{"taxonomy":"product_brand","embeddable":true,"href":"https:\/\/www.fotografiska.ee\/epood\/wp-json\/wp\/v2\/product_brand?post=19957"},{"taxonomy":"product_cat","embeddable":true,"href":"https:\/\/www.fotografiska.ee\/epood\/wp-json\/wp\/v2\/product_cat?post=19957"},{"taxonomy":"product_tag","embeddable":true,"href":"https:\/\/www.fotografiska.ee\/epood\/wp-json\/wp\/v2\/product_tag?post=19957"}],"curies":[{"name":"wp","href":"https:\/\/api.w.org\/{rel}","templated":true}]}}