{"id":19834,"date":"2023-03-22T11:40:33","date_gmt":"2023-03-22T09:40:33","guid":{"rendered":"https:\/\/www.fotografiska.ee\/epood\/?post_type=product&#038;p=19834"},"modified":"2023-03-22T12:08:44","modified_gmt":"2023-03-22T10:08:44","slug":"lisa-bukreyeva-3","status":"publish","type":"product","link":"https:\/\/www.fotografiska.ee\/epood\/product\/lisa-bukreyeva-3\/","title":{"rendered":"Lisa Bukreyeva"},"content":{"rendered":"<p>Fotograafia olemus on p\u00fc\u00fcda valgust. See teeb fotograafiast kunsti vormi, mis on eriti oluline praegustel pimedatel aegadel. Meie mission Fotografiskas on toetada kunstnike ja tagada, et nende h\u00e4\u00e4l oleks kuulda ning samuti n\u00e4idata maailma eripalgelist v\u00e4rvipaletti. Ajal mil s\u00f5da m\u00f6llab Ukraina territooriumil, vaid m\u00f5nesaja kilomeetri kaugusel Eestist, on aeg p\u00f6\u00f6rata oma pilgud Ukraina fotograafide suunas. N\u00e4itame 7 kunstniku t\u00f6id, kes on erinevas eas, kogemuste ning tasutaga mehed ja naised, samal ajal kui nende elud on t\u00e4is v\u00e4givalda. L\u00e4bi pildi ning s\u00f5na r\u00e4\u00e4givad nad meile enda suhtest selle s\u00f5jaga, enda igap\u00e4evaelust, hirmudest, leinast aga ka tuleviku lootustest. T\u00e4name s\u00fcdamest fotograafe, kes nendes v\u00e4ga keerulistes tingimustes leidsid aja, et see projekt koos meiega teoks teha. Projekt valmis koost\u00f6\u00f6s Eric Schlosser\u2019ga, Tbilisi Kuntimessi kunstilise juhiga. Eric on \u00fcle 15 aasta kureerinud ning organiseerinud hulgaliselt rahvusvahelisi foto- ning kunstiprojekte.<\/p>\n<p>Meil on r\u00f5\u00f5m tutvustada j\u00e4rgmiste fotograafide t\u00f6id \u2013 Dimitri Bogachuk, Arthur Bondar, Vita Buivid, Lisa Bukreyeva, Diana Fedoriaka, Alena Grom ja Xenia Petrovska. Kannustame teid k\u00fclastama ka kunstnike isiklike lehek\u00fclgi, et tutvuda teiste t\u00f6\u00f6dega. Piltide m\u00fc\u00fcgitulu l\u00e4heb fotograafide toetuseks.<\/p>\n","protected":false},"excerpt":{"rendered":"<p><strong>33\u00d743 cm must raam.<\/strong><\/p>\n<p><strong>Toodet ei ole v\u00f5imalik tellida pakiautomaati.<\/strong><\/p>\n<p>,,Kui ma olin laps, unistasin \u00fchest superv\u00f5imest: tahtsin pilte teha, kui ma silmi pilgutasin. Nii oleks k\u00f5ik, mida ma sel hetkel n\u00e4en, pildil. Mul ei olnud kunagi seda superv\u00f5imet, seega ostsin kaamera.<\/p>\n<p>Teen peamiselt t\u00e4nava- ja dokumentaalfotot. Minu jaoks on oluline luua seos inimeste ja keskkonna vahel, kus me oleme. Kui l\u00f5puks peegeldab foto seda aega, milles autor elab, on see minu jaoks eriti v\u00e4\u00e4rtuslik.\u201d<\/p>\n","protected":false},"featured_media":19835,"template":"","meta":{"_acf_changed":false,"inline_featured_image":false},"product_brand":[],"product_cat":[276],"product_tag":[],"class_list":{"0":"post-19834","1":"product","2":"type-product","3":"status-publish","4":"has-post-thumbnail","6":"product_cat-ukraina-toetuseks","8":"first","9":"instock","10":"taxable","11":"shipping-taxable","12":"purchasable","13":"product-type-simple"},"acf":[],"_links":{"self":[{"href":"https:\/\/www.fotografiska.ee\/epood\/wp-json\/wp\/v2\/product\/19834","targetHints":{"allow":["GET"]}}],"collection":[{"href":"https:\/\/www.fotografiska.ee\/epood\/wp-json\/wp\/v2\/product"}],"about":[{"href":"https:\/\/www.fotografiska.ee\/epood\/wp-json\/wp\/v2\/types\/product"}],"wp:featuredmedia":[{"embeddable":true,"href":"https:\/\/www.fotografiska.ee\/epood\/wp-json\/wp\/v2\/media\/19835"}],"wp:attachment":[{"href":"https:\/\/www.fotografiska.ee\/epood\/wp-json\/wp\/v2\/media?parent=19834"}],"wp:term":[{"taxonomy":"product_brand","embeddable":true,"href":"https:\/\/www.fotografiska.ee\/epood\/wp-json\/wp\/v2\/product_brand?post=19834"},{"taxonomy":"product_cat","embeddable":true,"href":"https:\/\/www.fotografiska.ee\/epood\/wp-json\/wp\/v2\/product_cat?post=19834"},{"taxonomy":"product_tag","embeddable":true,"href":"https:\/\/www.fotografiska.ee\/epood\/wp-json\/wp\/v2\/product_tag?post=19834"}],"curies":[{"name":"wp","href":"https:\/\/api.w.org\/{rel}","templated":true}]}}