{"id":19367,"date":"2023-03-15T11:38:03","date_gmt":"2023-03-15T09:38:03","guid":{"rendered":"https:\/\/www.fotografiska.ee\/epood\/?post_type=product&#038;p=19367"},"modified":"2023-10-10T11:41:05","modified_gmt":"2023-10-10T09:41:05","slug":"rinnaratik-endless-ocean","status":"publish","type":"product","link":"https:\/\/www.fotografiska.ee\/epood\/product\/rinnaratik-endless-ocean\/","title":{"rendered":"Rinnar\u00e4tik Endless Ocean"},"content":{"rendered":"<ul>\n<li>Illustratsioonid MA+KE lab kollektsioonist Endless Ocean.<\/li>\n<li>100% siid, digitr\u00fckitud kerge sat\u00e4\u00e4n.<\/li>\n<li>M\u00f5\u00f5dud 34x34 cm.<\/li>\n<li>K\u00e4sitsi viimistletud.<\/li>\n<li>Iga ese v\u00f5ib isikup\u00e4raselt erineda, olenevalt mustri paigutusest.<\/li>\n<\/ul>\n","protected":false},"excerpt":{"rendered":"<p>Kollektsioon ENDLESS OCEAN on inspireeritud Fotografiska x Kaubamaja \u00fchisprojektist \u2013 selles saavad\u00a0kokku loodus ja selles elavad uskumatud organismid.\u00a0Ernst Haeckeli t\u00f6\u00f6st ja tema veendumustest on\u00a0saanud inspiratsiooni 20 ainulaadset mustrit, milles kunst ja loodus on omavahel seotud. Mustrid jutustavad loo ohustatud koralliliikidest, nagu Carchesium polypinum ja Campanella umbellaria, mis\u00a0v\u00f5luvad oma keerukate ja v\u00e4rvik\u00fcllaste vormidega.<\/p>\n","protected":false},"featured_media":19439,"template":"","meta":{"_acf_changed":false,"inline_featured_image":false},"product_brand":[],"product_cat":[357],"product_tag":[],"class_list":{"0":"post-19367","1":"product","2":"type-product","3":"status-publish","4":"has-post-thumbnail","6":"product_cat-tehisintellektitooted","8":"first","9":"instock","10":"taxable","11":"shipping-taxable","12":"purchasable","13":"product-type-simple"},"acf":[],"_links":{"self":[{"href":"https:\/\/www.fotografiska.ee\/epood\/wp-json\/wp\/v2\/product\/19367","targetHints":{"allow":["GET"]}}],"collection":[{"href":"https:\/\/www.fotografiska.ee\/epood\/wp-json\/wp\/v2\/product"}],"about":[{"href":"https:\/\/www.fotografiska.ee\/epood\/wp-json\/wp\/v2\/types\/product"}],"wp:featuredmedia":[{"embeddable":true,"href":"https:\/\/www.fotografiska.ee\/epood\/wp-json\/wp\/v2\/media\/19439"}],"wp:attachment":[{"href":"https:\/\/www.fotografiska.ee\/epood\/wp-json\/wp\/v2\/media?parent=19367"}],"wp:term":[{"taxonomy":"product_brand","embeddable":true,"href":"https:\/\/www.fotografiska.ee\/epood\/wp-json\/wp\/v2\/product_brand?post=19367"},{"taxonomy":"product_cat","embeddable":true,"href":"https:\/\/www.fotografiska.ee\/epood\/wp-json\/wp\/v2\/product_cat?post=19367"},{"taxonomy":"product_tag","embeddable":true,"href":"https:\/\/www.fotografiska.ee\/epood\/wp-json\/wp\/v2\/product_tag?post=19367"}],"curies":[{"name":"wp","href":"https:\/\/api.w.org\/{rel}","templated":true}]}}