{"id":18429,"date":"2023-02-24T10:19:46","date_gmt":"2023-02-24T08:19:46","guid":{"rendered":"https:\/\/www.fotografiska.ee\/epood\/?post_type=product&#038;p=18429"},"modified":"2023-08-11T07:53:27","modified_gmt":"2023-08-11T05:53:27","slug":"must-pastakas-humanium-metal-pen","status":"publish","type":"product","link":"https:\/\/www.fotografiska.ee\/epood\/product\/must-pastakas-humanium-metal-pen\/","title":{"rendered":"Must pastakas ''Humanium Metal Pen''"},"content":{"rendered":"<p>\"Humanium Metal Pen\" on t\u00f5estus sellest, et pliiats on v\u00e4gevam kui m\u00f5\u00f5k. See esmaklassiline pliiats on valmistatud ebaseaduslikest sulatatud relvadest. Iga ostuga toetatakse Rootsi heategevusorganisatsiooni IM.<\/p>\n<p>Pliiatsit on piiratud 500 eksemplari ja igal pliiatsil on unikaalne seerianumber. Pakendatud taaskasutatud korgist ja alumiiniumist. Tint on p\u00e4rit sojast.<\/p>\n","protected":false},"excerpt":{"rendered":"<p>\"Humanium Metal Pen\" on t\u00f5estus sellest, et pliiats on v\u00e4gevam kui m\u00f5\u00f5k. See esmaklassiline pliiats on valmistatud ebaseaduslikest sulatatud relvadest. Iga ostuga toetatakse Rootsi heategevusorganisatsiooni IM. Pliiatsit on piiratud 500 eksemplari ja igal pliiatsil on unikaalne seerianumber. Pakendatud taaskasutatud korgist ja alumiiniumist. Tint on p\u00e4rit sojast.<\/p>\n","protected":false},"featured_media":18437,"template":"","meta":{"_acf_changed":false,"inline_featured_image":false},"product_brand":[],"product_cat":[376,309,317],"product_tag":[],"class_list":{"0":"post-18429","1":"product","2":"type-product","3":"status-publish","4":"has-post-thumbnail","6":"product_cat-fotografiska-kollektsioon","7":"product_cat-fotografiska-sinu-kodus","8":"product_cat-markmikud","10":"first","11":"instock","12":"taxable","13":"shipping-taxable","14":"purchasable","15":"product-type-simple"},"acf":[],"_links":{"self":[{"href":"https:\/\/www.fotografiska.ee\/epood\/wp-json\/wp\/v2\/product\/18429","targetHints":{"allow":["GET"]}}],"collection":[{"href":"https:\/\/www.fotografiska.ee\/epood\/wp-json\/wp\/v2\/product"}],"about":[{"href":"https:\/\/www.fotografiska.ee\/epood\/wp-json\/wp\/v2\/types\/product"}],"wp:featuredmedia":[{"embeddable":true,"href":"https:\/\/www.fotografiska.ee\/epood\/wp-json\/wp\/v2\/media\/18437"}],"wp:attachment":[{"href":"https:\/\/www.fotografiska.ee\/epood\/wp-json\/wp\/v2\/media?parent=18429"}],"wp:term":[{"taxonomy":"product_brand","embeddable":true,"href":"https:\/\/www.fotografiska.ee\/epood\/wp-json\/wp\/v2\/product_brand?post=18429"},{"taxonomy":"product_cat","embeddable":true,"href":"https:\/\/www.fotografiska.ee\/epood\/wp-json\/wp\/v2\/product_cat?post=18429"},{"taxonomy":"product_tag","embeddable":true,"href":"https:\/\/www.fotografiska.ee\/epood\/wp-json\/wp\/v2\/product_tag?post=18429"}],"curies":[{"name":"wp","href":"https:\/\/api.w.org\/{rel}","templated":true}]}}