{"id":17817,"date":"2023-02-16T15:51:57","date_gmt":"2023-02-16T13:51:57","guid":{"rendered":"https:\/\/www.fotografiska.ee\/epood\/?post_type=product&#038;p=17817"},"modified":"2025-12-17T12:11:20","modified_gmt":"2025-12-17T09:11:20","slug":"laste-sinine-nokats","status":"publish","type":"product","link":"https:\/\/www.fotografiska.ee\/epood\/product\/laste-sinine-nokats\/","title":{"rendered":"Laste sinine nokats"},"content":{"rendered":"<p>Meie Fotografiska logoga m\u00fcts lastele on 100% puuvillane ja on sinist v\u00e4rvi. See on klassikaline pesapallistiili m\u00fcts, mis on valmistatud kuue paneeliga kroonist, millel on vooderdatud sise\u00f5mblused, tugevdatud \u00f5huaugud ja j\u00e4ik pistega vooderdatud visiiri\u00e4\u00e4r. Esik\u00fcljel on meie logodisain ja taga on meie nimega \u00f5mblused ning reguleeritav rihm, millel on lukustusnupu riiv ja tasku. Sobivus ulatub 54 cm-ni.<\/p>\n<p>Nutikas, kuid mitte liiga edev \u2013 see sobib just lastele, kes on nutikad ja n\u00e4itavad oma taiplikkust.<\/p>\n","protected":false},"excerpt":{"rendered":"<p>Meie Fotografiska logoga m\u00fcts lastele on 100% puuvillane ja on sinist v\u00e4rvi. See on klassikaline pesapallistiili m\u00fcts, mis on valmistatud kuue paneeliga kroonist, millel on vooderdatud sise\u00f5mblused, tugevdatud \u00f5huaugud ja j\u00e4ik pistega vooderdatud visiiri\u00e4\u00e4r. Esik\u00fcljel on meie logodisain ja taga on meie nimega \u00f5mblused ning reguleeritav rihm, millel on lukustusnupu riiv ja tasku. Sobivus ulatub [&hellip;]<\/p>\n","protected":false},"featured_media":17818,"template":"","meta":{"_acf_changed":false,"inline_featured_image":false},"product_brand":[],"product_cat":[376,309],"product_tag":[],"class_list":{"0":"post-17817","1":"product","2":"type-product","3":"status-publish","4":"has-post-thumbnail","6":"product_cat-fotografiska-kollektsioon","7":"product_cat-fotografiska-sinu-kodus","9":"first","10":"outofstock","11":"taxable","12":"shipping-taxable","13":"purchasable","14":"product-type-simple"},"acf":[],"_links":{"self":[{"href":"https:\/\/www.fotografiska.ee\/epood\/wp-json\/wp\/v2\/product\/17817","targetHints":{"allow":["GET"]}}],"collection":[{"href":"https:\/\/www.fotografiska.ee\/epood\/wp-json\/wp\/v2\/product"}],"about":[{"href":"https:\/\/www.fotografiska.ee\/epood\/wp-json\/wp\/v2\/types\/product"}],"wp:featuredmedia":[{"embeddable":true,"href":"https:\/\/www.fotografiska.ee\/epood\/wp-json\/wp\/v2\/media\/17818"}],"wp:attachment":[{"href":"https:\/\/www.fotografiska.ee\/epood\/wp-json\/wp\/v2\/media?parent=17817"}],"wp:term":[{"taxonomy":"product_brand","embeddable":true,"href":"https:\/\/www.fotografiska.ee\/epood\/wp-json\/wp\/v2\/product_brand?post=17817"},{"taxonomy":"product_cat","embeddable":true,"href":"https:\/\/www.fotografiska.ee\/epood\/wp-json\/wp\/v2\/product_cat?post=17817"},{"taxonomy":"product_tag","embeddable":true,"href":"https:\/\/www.fotografiska.ee\/epood\/wp-json\/wp\/v2\/product_tag?post=17817"}],"curies":[{"name":"wp","href":"https:\/\/api.w.org\/{rel}","templated":true}]}}