{"id":7393,"date":"2025-03-12T15:12:41","date_gmt":"2025-03-12T13:12:41","guid":{"rendered":"https:\/\/www.fotografiska.ee\/?page_id=7393"},"modified":"2025-03-12T15:12:43","modified_gmt":"2025-03-12T13:12:43","slug":"elliot-abstrahointia-fi","status":"publish","type":"page","link":"https:\/\/www.fotografiska.ee\/en\/elliot-abstrahointia-fi\/","title":{"rendered":"elliot-Abstrahointia-fi"},"content":{"rendered":"<p>\u201dKompositioita on kaksi. On kameran etsimen rajaama kompositio sek\u00e4 valokuvan kompositio ja sen dynamiikka. J\u00e4lkimm\u00e4inen voi olla olemassa, vaikka ensimm\u00e4inen olisikin huonosti aseteltu. En siis vastusta kuvan rajaamista, jos se on tarpeen. Joillakuilla on rajaamiseen liittyv\u00e4 fetissi, mutta minusta rajaaminen ei ole ep\u00e4eettist\u00e4. On toki parempi, jos sit\u00e4 ei joudu tekem\u00e4\u00e4n, vaan saa kuvan dynaamisen komposition ja etsimen komposition vastaamaan toisiaan.\u201d<\/p>\n\n\n\n<p>Teksti on lainaus Elliott Erwittin kirjan Personal Exposures (1988) johdantoluvusta Dedication.<\/p>","protected":false},"excerpt":{"rendered":"<p>\u201dKompositioita on kaksi. On kameran etsimen rajaama kompositio sek\u00e4 valokuvan kompositio ja sen dynamiikka. J\u00e4lkimm\u00e4inen voi olla olemassa, vaikka ensimm\u00e4inen olisikin huonosti aseteltu. En siis vastusta kuvan rajaamista, jos se on tarpeen. Joillakuilla on rajaamiseen liittyv\u00e4 fetissi, mutta minusta rajaaminen ei ole ep\u00e4eettist\u00e4. On toki parempi, jos sit\u00e4 ei joudu tekem\u00e4\u00e4n, vaan saa kuvan dynaamisen [&hellip;]<\/p>","protected":false},"author":1,"featured_media":0,"parent":0,"menu_order":0,"comment_status":"closed","ping_status":"closed","template":"","meta":{"inline_featured_image":false,"footnotes":""},"class_list":["post-7393","page","type-page","status-publish","hentry"],"acf":[],"_links":{"self":[{"href":"https:\/\/www.fotografiska.ee\/en\/wp-json\/wp\/v2\/pages\/7393"}],"collection":[{"href":"https:\/\/www.fotografiska.ee\/en\/wp-json\/wp\/v2\/pages"}],"about":[{"href":"https:\/\/www.fotografiska.ee\/en\/wp-json\/wp\/v2\/types\/page"}],"author":[{"embeddable":true,"href":"https:\/\/www.fotografiska.ee\/en\/wp-json\/wp\/v2\/users\/1"}],"replies":[{"embeddable":true,"href":"https:\/\/www.fotografiska.ee\/en\/wp-json\/wp\/v2\/comments?post=7393"}],"version-history":[{"count":1,"href":"https:\/\/www.fotografiska.ee\/en\/wp-json\/wp\/v2\/pages\/7393\/revisions"}],"predecessor-version":[{"id":7394,"href":"https:\/\/www.fotografiska.ee\/en\/wp-json\/wp\/v2\/pages\/7393\/revisions\/7394"}],"wp:attachment":[{"href":"https:\/\/www.fotografiska.ee\/en\/wp-json\/wp\/v2\/media?parent=7393"}],"curies":[{"name":"wp","href":"https:\/\/api.w.org\/{rel}","templated":true}]}}