{"id":7385,"date":"2025-03-12T15:08:50","date_gmt":"2025-03-12T13:08:50","guid":{"rendered":"https:\/\/www.fotografiska.ee\/?page_id=7385"},"modified":"2025-03-12T15:08:51","modified_gmt":"2025-03-12T13:08:51","slug":"elliot-rannalla-fi","status":"publish","type":"page","link":"https:\/\/www.fotografiska.ee\/en\/elliot-rannalla-fi\/","title":{"rendered":"elliot-Rannalla-fi"},"content":{"rendered":"<p>Osion sitaatti<\/p>\n\n\n\n<p>\u201dAuringonlaskua kuvatessa t\u00e4ytyy aina k\u00e4ytt\u00e4\u00e4 teleobjektiivia.\u201d<\/p>","protected":false},"excerpt":{"rendered":"<p>Osion sitaatti \u201dAuringonlaskua kuvatessa t\u00e4ytyy aina k\u00e4ytt\u00e4\u00e4 teleobjektiivia.\u201d<\/p>","protected":false},"author":1,"featured_media":0,"parent":0,"menu_order":0,"comment_status":"closed","ping_status":"closed","template":"","meta":{"inline_featured_image":false,"footnotes":""},"class_list":["post-7385","page","type-page","status-publish","hentry"],"acf":[],"_links":{"self":[{"href":"https:\/\/www.fotografiska.ee\/en\/wp-json\/wp\/v2\/pages\/7385"}],"collection":[{"href":"https:\/\/www.fotografiska.ee\/en\/wp-json\/wp\/v2\/pages"}],"about":[{"href":"https:\/\/www.fotografiska.ee\/en\/wp-json\/wp\/v2\/types\/page"}],"author":[{"embeddable":true,"href":"https:\/\/www.fotografiska.ee\/en\/wp-json\/wp\/v2\/users\/1"}],"replies":[{"embeddable":true,"href":"https:\/\/www.fotografiska.ee\/en\/wp-json\/wp\/v2\/comments?post=7385"}],"version-history":[{"count":1,"href":"https:\/\/www.fotografiska.ee\/en\/wp-json\/wp\/v2\/pages\/7385\/revisions"}],"predecessor-version":[{"id":7386,"href":"https:\/\/www.fotografiska.ee\/en\/wp-json\/wp\/v2\/pages\/7385\/revisions\/7386"}],"wp:attachment":[{"href":"https:\/\/www.fotografiska.ee\/en\/wp-json\/wp\/v2\/media?parent=7385"}],"curies":[{"name":"wp","href":"https:\/\/api.w.org\/{rel}","templated":true}]}}