{"id":7380,"date":"2025-03-12T15:05:59","date_gmt":"2025-03-12T13:05:59","guid":{"rendered":"https:\/\/fotografiska.ee\/?page_id=7380"},"modified":"2025-03-12T15:06:28","modified_gmt":"2025-03-12T13:06:28","slug":"elliot-sukupuolten-valisia-suhteita-fi","status":"publish","type":"page","link":"https:\/\/www.fotografiska.ee\/en\/elliot-sukupuolten-valisia-suhteita-fi\/","title":{"rendered":"Elliot Sukupuolten v\u00e4lisi\u00e4 suhteita Fi"},"content":{"rendered":"<p>Osion sitaatti<\/p>\n\n\n\n<p>\u201dV\u00e4rikuvaus on ty\u00f6ntekoa varten. El\u00e4m\u00e4ni on jo tarpeeksi monimutkaista, joten pit\u00e4ydyn mustavalkokuvissa. Se riitt\u00e4\u00e4.\u201d<strong><\/strong><\/p>\n\n\n\n<p><strong>Mit\u00e4 naisiin tulee<\/strong><strong> <\/strong><strong><\/strong><\/p>","protected":false},"excerpt":{"rendered":"<p>Osion sitaatti \u201dV\u00e4rikuvaus on ty\u00f6ntekoa varten. El\u00e4m\u00e4ni on jo tarpeeksi monimutkaista, joten pit\u00e4ydyn mustavalkokuvissa. Se riitt\u00e4\u00e4.\u201d Mit\u00e4 naisiin tulee<\/p>","protected":false},"author":1,"featured_media":0,"parent":0,"menu_order":0,"comment_status":"closed","ping_status":"closed","template":"","meta":{"inline_featured_image":false,"footnotes":""},"class_list":["post-7380","page","type-page","status-publish","hentry"],"acf":[],"_links":{"self":[{"href":"https:\/\/www.fotografiska.ee\/en\/wp-json\/wp\/v2\/pages\/7380"}],"collection":[{"href":"https:\/\/www.fotografiska.ee\/en\/wp-json\/wp\/v2\/pages"}],"about":[{"href":"https:\/\/www.fotografiska.ee\/en\/wp-json\/wp\/v2\/types\/page"}],"author":[{"embeddable":true,"href":"https:\/\/www.fotografiska.ee\/en\/wp-json\/wp\/v2\/users\/1"}],"replies":[{"embeddable":true,"href":"https:\/\/www.fotografiska.ee\/en\/wp-json\/wp\/v2\/comments?post=7380"}],"version-history":[{"count":2,"href":"https:\/\/www.fotografiska.ee\/en\/wp-json\/wp\/v2\/pages\/7380\/revisions"}],"predecessor-version":[{"id":7382,"href":"https:\/\/www.fotografiska.ee\/en\/wp-json\/wp\/v2\/pages\/7380\/revisions\/7382"}],"wp:attachment":[{"href":"https:\/\/www.fotografiska.ee\/en\/wp-json\/wp\/v2\/media?parent=7380"}],"curies":[{"name":"wp","href":"https:\/\/api.w.org\/{rel}","templated":true}]}}