{"id":7299,"date":"2025-01-22T08:43:25","date_gmt":"2025-01-22T06:43:25","guid":{"rendered":"https:\/\/fotografiska.ee\/?page_id=7299"},"modified":"2025-01-23T20:14:23","modified_gmt":"2025-01-23T18:14:23","slug":"lembti-peegel-poks-fi","status":"publish","type":"page","link":"https:\/\/www.fotografiska.ee\/en\/lembti-peegel-poks-fi\/","title":{"rendered":"Lembti Peegel Poks Fi"},"content":{"rendered":"<p>Nyrkkeily toi Lembit Peegelin el\u00e4m\u00e4\u00e4n sek\u00e4 urheilun ett\u00e4 valokuvauksen.&nbsp;<\/p>\n\n\n\n<p>Amat\u00f6\u00f6rinyrkkeily oli Virossa suosituimmillaan 1950-luvulla, jolloin nyrkkeily oli nuorten miesten yleinen harrastus ja tapa toteuttaa itse\u00e4\u00e4n. Noiden aikojen nyrkkeilij\u00f6ist\u00e4 ei noussut olympiatoivoja, mutta monet tunnetut virolaiset harrastivat nyrkkeily\u00e4. Paikallistason kisoihin osallistuvat esimerkiksi kapellimestarit Eri Klas ja Peeter Saul. Kumpikin heist\u00e4 on seurannut nyrkkeily\u00e4 my\u00f6s my\u00f6hemmiss\u00e4 el\u00e4m\u00e4nvaiheissaan. Laulaja Uno Loopista puolestaan tuli nuorten sarjassa kaksinkertainen Viron mestari. 1970-luvulla nyrkkeily muuttui l\u00e4hinn\u00e4 kieliv\u00e4hemmist\u00f6jen harrastukseksi, ja Viron uudelleen itsen\u00e4istymiseen menness\u00e4 sit\u00e4 harrastivat l\u00e4hinn\u00e4 ven\u00e4j\u00e4nkieliset. Vuosisadan vaihteessa nyrkkeily\u00e4 alettiin markkinoida taas vironkielisille virolaisille. Mielikuvaan nyrkkeilyst\u00e4 vaikutti kulttuuriv\u00e4en aiempi toiminta lajin parissa.&nbsp;<\/p>\n\n\n\n<p>My\u00f6s t\u00e4m\u00e4n n\u00e4yttelyn p\u00e4\u00e4henkil\u00f6 Lembit Peegel sai 1950-luvulla nyrkkeilyn Viron mestaruuskisoissa kaksi mitalia, hopeaa ja pronssia. H\u00e4n on my\u00f6s Neuvostoliiton yleisliittolaisen urheiluseuran Spartakin moninkertainen mestari. Peegel on kertonut, ett\u00e4 h\u00e4n p\u00e4\u00e4tyi harrastamaan nyrkkeily\u00e4 \u201dkuten monet muutkin pojat\u201d oppiakseen puolustautumaan (isompia poikia vastaan). Peegelin nyrkkeilij\u00e4n uraa vaikeutti se, ett\u00e4 valmentaja halusi h\u00e4nen ottelevan omaa painoluokkaansa k\u00e4\u00e4pi\u00f6sarjaa alemmassa painoluokassa k\u00e4rp\u00e4ssarjassa. Peegel uskoo, ett\u00e4 olisi saanut huomattavasti parempia tuloksia, jos olisi otellut k\u00e4\u00e4pi\u00f6sarjassa. K\u00e4rp\u00e4ssarjassa otteleminen edellytti my\u00f6s laihduttamista. My\u00f6nteist\u00e4 kilpanyrkkeilyss\u00e4 oli kuitenkin se, ett\u00e4 sen kautta Lembit Peegel p\u00e4\u00e4tyi urheilukuvaajaksi.&nbsp;<\/p>\n\n\n\n<p>Lembit Peegel on kuvannut nyrkkeily\u00e4 jo vuodesta 1963. Peegelin mukaan nyrkkeilyn kuvaaminen vaikeutui sen j\u00e4lkeen, kun s\u00e4\u00e4nn\u00f6t muuttuivat niin, ett\u00e4 kyp\u00e4r\u00e4n k\u00e4yt\u00f6st\u00e4 tuli pakollista. Varusteet tekiv\u00e4t nyrkkeilyst\u00e4 kyll\u00e4 turvallisempaa, mutta valokuvaajan n\u00e4k\u00f6kulmasta ne my\u00f6s himmensiv\u00e4t kuvien tehoa ja tunnelatausta.&nbsp;&nbsp;<\/p>","protected":false},"excerpt":{"rendered":"<p>Nyrkkeily toi Lembit Peegelin el\u00e4m\u00e4\u00e4n sek\u00e4 urheilun ett\u00e4 valokuvauksen.&nbsp; Amat\u00f6\u00f6rinyrkkeily oli Virossa suosituimmillaan 1950-luvulla, jolloin nyrkkeily oli nuorten miesten yleinen harrastus ja tapa toteuttaa itse\u00e4\u00e4n. Noiden aikojen nyrkkeilij\u00f6ist\u00e4 ei noussut olympiatoivoja, mutta monet tunnetut virolaiset harrastivat nyrkkeily\u00e4. Paikallistason kisoihin osallistuvat esimerkiksi kapellimestarit Eri Klas ja Peeter Saul. Kumpikin heist\u00e4 on seurannut nyrkkeily\u00e4 my\u00f6s my\u00f6hemmiss\u00e4 el\u00e4m\u00e4nvaiheissaan. [&hellip;]<\/p>","protected":false},"author":1,"featured_media":0,"parent":0,"menu_order":0,"comment_status":"closed","ping_status":"closed","template":"","meta":{"inline_featured_image":false,"footnotes":""},"class_list":["post-7299","page","type-page","status-publish","hentry"],"acf":[],"_links":{"self":[{"href":"https:\/\/www.fotografiska.ee\/en\/wp-json\/wp\/v2\/pages\/7299"}],"collection":[{"href":"https:\/\/www.fotografiska.ee\/en\/wp-json\/wp\/v2\/pages"}],"about":[{"href":"https:\/\/www.fotografiska.ee\/en\/wp-json\/wp\/v2\/types\/page"}],"author":[{"embeddable":true,"href":"https:\/\/www.fotografiska.ee\/en\/wp-json\/wp\/v2\/users\/1"}],"replies":[{"embeddable":true,"href":"https:\/\/www.fotografiska.ee\/en\/wp-json\/wp\/v2\/comments?post=7299"}],"version-history":[{"count":2,"href":"https:\/\/www.fotografiska.ee\/en\/wp-json\/wp\/v2\/pages\/7299\/revisions"}],"predecessor-version":[{"id":7310,"href":"https:\/\/www.fotografiska.ee\/en\/wp-json\/wp\/v2\/pages\/7299\/revisions\/7310"}],"wp:attachment":[{"href":"https:\/\/www.fotografiska.ee\/en\/wp-json\/wp\/v2\/media?parent=7299"}],"curies":[{"name":"wp","href":"https:\/\/api.w.org\/{rel}","templated":true}]}}