{"id":7008,"date":"2024-08-31T11:18:39","date_gmt":"2024-08-31T08:18:39","guid":{"rendered":"https:\/\/fotografiska.ee\/?page_id=7008"},"modified":"2024-09-12T22:44:06","modified_gmt":"2024-09-12T19:44:06","slug":"jenevieve-aken-fi","status":"publish","type":"page","link":"https:\/\/www.fotografiska.ee\/en\/jenevieve-aken-fi\/","title":{"rendered":"Jenevieve Aken-FI"},"content":{"rendered":"<p><strong>Jenevieve Aken<\/strong><\/p>\n\n\n\n<p>synt. 1989, Nigeria<br>&nbsp;&nbsp;&nbsp;&nbsp;&nbsp;&nbsp;&nbsp;&nbsp;&nbsp;&nbsp;&nbsp;&nbsp;&nbsp;&nbsp;&nbsp;&nbsp;&nbsp;&nbsp;&nbsp;&nbsp;&nbsp;&nbsp;&nbsp;<\/p>\n\n\n\n<p><em>Sanctuary<\/em> on nigerialaisen taiteilijan, Jenevieve Akenin, omakuviin perustuva performanssi, joka sai inspiraationsa Elvira Orlandinin traagisesta tarinasta. \u201cLa bella Elvira\u201d raiskattiin ja murhattiin raa\u2019asti italialaisessa Palaian kyl\u00e4ss\u00e4 vuonna 1947. H\u00e4nen ruumiinsa l\u00f6ydettiin mets\u00e4st\u00e4 t\u00e4ynn\u00e4 puukotusj\u00e4lki\u00e4, kurkku auki viillettyn\u00e4. Elvira ei koskaan saanut oikeutta, eik\u00e4 tapaus ole koskaan ratkennut.<\/p>\n\n\n\n<p>Aken k\u00e4ytt\u00e4\u00e4 omaa kehoaan ja mielikuvitustaan, ja kuvaa niiden avulla Elviran henkiruumista, joka kulkee yh\u00e4 mets\u00e4ss\u00e4 ja kyl\u00e4ss\u00e4, eik\u00e4 ilman oikeutta kykene koskaan lep\u00e4\u00e4m\u00e4\u00e4n rauhassa. H\u00e4n heijastelee my\u00f6s joka p\u00e4iv\u00e4 v\u00e4\u00e4ryyksi\u00e4 kokevien naisten kokemuksia sek\u00e4 naisia, jotka joutuvat yh\u00e4 taistelemaan tullakseen kuulluiksi ja n\u00e4hdyiksi. Aken haluaa meid\u00e4n reflektoivan naisten kokemaa v\u00e4kivaltaa ja haastaa n\u00e4kemyksen heist\u00e4 pelkkin\u00e4 uhreina. Sarja k\u00e4sittelee paljasta, k\u00e4sittelem\u00e4t\u00f6nt\u00e4, hirve\u00e4\u00e4 ja halveksuttavaa totuutta, joka n\u00e4ytt\u00e4ytyy katsojille alastomana ja paljaana.<br><br>Nimett\u00f6mi\u00e4 teoksia sarjasta<em> SANCTUARY<\/em>, 2017<\/p>","protected":false},"excerpt":{"rendered":"<p>Jenevieve Aken synt. 1989, Nigeria&nbsp;&nbsp;&nbsp;&nbsp;&nbsp;&nbsp;&nbsp;&nbsp;&nbsp;&nbsp;&nbsp;&nbsp;&nbsp;&nbsp;&nbsp;&nbsp;&nbsp;&nbsp;&nbsp;&nbsp;&nbsp;&nbsp;&nbsp; Sanctuary on nigerialaisen taiteilijan, Jenevieve Akenin, omakuviin perustuva performanssi, joka sai inspiraationsa Elvira Orlandinin traagisesta tarinasta. \u201cLa bella Elvira\u201d raiskattiin ja murhattiin raa\u2019asti italialaisessa Palaian kyl\u00e4ss\u00e4 vuonna 1947. H\u00e4nen ruumiinsa l\u00f6ydettiin mets\u00e4st\u00e4 t\u00e4ynn\u00e4 puukotusj\u00e4lki\u00e4, kurkku auki viillettyn\u00e4. Elvira ei koskaan saanut oikeutta, eik\u00e4 tapaus ole koskaan ratkennut. Aken k\u00e4ytt\u00e4\u00e4 omaa [&hellip;]<\/p>","protected":false},"author":1,"featured_media":0,"parent":0,"menu_order":0,"comment_status":"closed","ping_status":"closed","template":"","meta":{"inline_featured_image":false,"footnotes":""},"class_list":["post-7008","page","type-page","status-publish","hentry"],"acf":[],"_links":{"self":[{"href":"https:\/\/www.fotografiska.ee\/en\/wp-json\/wp\/v2\/pages\/7008"}],"collection":[{"href":"https:\/\/www.fotografiska.ee\/en\/wp-json\/wp\/v2\/pages"}],"about":[{"href":"https:\/\/www.fotografiska.ee\/en\/wp-json\/wp\/v2\/types\/page"}],"author":[{"embeddable":true,"href":"https:\/\/www.fotografiska.ee\/en\/wp-json\/wp\/v2\/users\/1"}],"replies":[{"embeddable":true,"href":"https:\/\/www.fotografiska.ee\/en\/wp-json\/wp\/v2\/comments?post=7008"}],"version-history":[{"count":2,"href":"https:\/\/www.fotografiska.ee\/en\/wp-json\/wp\/v2\/pages\/7008\/revisions"}],"predecessor-version":[{"id":7055,"href":"https:\/\/www.fotografiska.ee\/en\/wp-json\/wp\/v2\/pages\/7008\/revisions\/7055"}],"wp:attachment":[{"href":"https:\/\/www.fotografiska.ee\/en\/wp-json\/wp\/v2\/media?parent=7008"}],"curies":[{"name":"wp","href":"https:\/\/api.w.org\/{rel}","templated":true}]}}