{"id":6978,"date":"2024-08-31T11:08:53","date_gmt":"2024-08-31T08:08:53","guid":{"rendered":"https:\/\/fotografiska.ee\/?page_id=6978"},"modified":"2024-09-13T14:03:45","modified_gmt":"2024-09-13T11:03:45","slug":"yushi-li-fi","status":"publish","type":"page","link":"https:\/\/www.fotografiska.ee\/en\/yushi-li-fi\/","title":{"rendered":"Yushi Li-FI"},"content":{"rendered":"<p><strong>Yushi Li<\/strong><\/p>\n\n\n\n<p>synt. 1991, Kiina<br><br><\/p>\n\n\n\n<p>Kiinalaisen Yushi Lin tuotanto pohtii katsetta suhteessa sukupuoleen, haluun ja seksuaalisuuteen, ja kulminoituu eroottiseksi aiheeksi asetetun miehen kuvausta koskevaksi tutkielmaksi. Kuvissaan h\u00e4n esitt\u00e4\u00e4 halun ja eroottisuuden naisen n\u00e4k\u00f6kulmasta, ja kyseenalaistaa sukupuolittuneen katseen sis\u00e4iset voimasuhteet. Li tutkii n\u00e4it\u00e4 aiheita luomalla uudelleen vanhoja maalauksia ja ty\u00f6skentelem\u00e4ll\u00e4 eri verkkoalustojen kautta.<\/p>\n\n\n\n<p>\u201d<em>My Tinder Boys<\/em> -sarjassa kuvasin Tinder-deittisovelluksessa tapaamiani miehi\u00e4. Katson heit\u00e4, \u2018pid\u00e4n\u2019 heist\u00e4 ja muutan heid\u00e4t kuvikseni. Prosessin toistuvuus muuttaa n\u00e4m\u00e4 miehet kasvottomaksi massaksi ja helposti korvattavissa oleviksi halun kohteiksi. Ep\u00e4tavallisten treffien aikana olen tunkeutuja, joka ty\u00f6ntyy heid\u00e4n henkil\u00f6kohtaiseen tilaansa, sek\u00e4 haluava objekti, joka osallistuu heid\u00e4n haavoittuvuuteensa.\u201d<\/p>\n\n\n\n<p>\u201dSarjassa <em>Paintings, Dreams and Love<\/em> projisoin omat fantasiani miesvartaloon. Katsoessani klassisia maalauksia yrit\u00e4n heijastaa eroottisen haluni areenaa ja luoda oman kuvauksen kehosta, johon haluni kohdistuu. Omaksun ty\u00f6ss\u00e4ni aktiivisen roolin, enk\u00e4 vain k\u00e4\u00e4nn\u00e4 sukupuolirooleja. Puutun eroottisen halun olemassa oleviin kuvauksiin kyseenalaistaakseni ja haastaakseni syv\u00e4lle taidehistoriaan juurtuneen tavan kuvata aktiivisia miehi\u00e4 ja passiivisia naisia.\u201d<br><br><\/p>\n\n\n\n<p>The Feast Inside, sarjasta Paintings, Dreams and Love, 2020<br>The Feast Outside, sarjasta Paintings, Dreams and Love, 2020<br>Edrik 24. 13 km away, sarjasta My Tinder Boys, 2017<br>Ben 25. 45 km away, sarjasta My Tinder Boys, 2017<br>Lucas 21. 27 km away, sarjasta My Tinder Boys, 2017<br>Tom 20. 5 km away, sarjasta My Tinder Boys, 2017<br>Paul 26. 9 km away, sarjasta My Tinder Boys, 2017<br>Alfio 24. 48 km away, sarjasta My Tinder Boys, 2017<\/p>","protected":false},"excerpt":{"rendered":"<p>Yushi Li synt. 1991, Kiina Kiinalaisen Yushi Lin tuotanto pohtii katsetta suhteessa sukupuoleen, haluun ja seksuaalisuuteen, ja kulminoituu eroottiseksi aiheeksi asetetun miehen kuvausta koskevaksi tutkielmaksi. Kuvissaan h\u00e4n esitt\u00e4\u00e4 halun ja eroottisuuden naisen n\u00e4k\u00f6kulmasta, ja kyseenalaistaa sukupuolittuneen katseen sis\u00e4iset voimasuhteet. Li tutkii n\u00e4it\u00e4 aiheita luomalla uudelleen vanhoja maalauksia ja ty\u00f6skentelem\u00e4ll\u00e4 eri verkkoalustojen kautta. \u201dMy Tinder Boys [&hellip;]<\/p>","protected":false},"author":1,"featured_media":0,"parent":0,"menu_order":0,"comment_status":"closed","ping_status":"closed","template":"","meta":{"inline_featured_image":false,"footnotes":""},"class_list":["post-6978","page","type-page","status-publish","hentry"],"acf":[],"_links":{"self":[{"href":"https:\/\/www.fotografiska.ee\/en\/wp-json\/wp\/v2\/pages\/6978"}],"collection":[{"href":"https:\/\/www.fotografiska.ee\/en\/wp-json\/wp\/v2\/pages"}],"about":[{"href":"https:\/\/www.fotografiska.ee\/en\/wp-json\/wp\/v2\/types\/page"}],"author":[{"embeddable":true,"href":"https:\/\/www.fotografiska.ee\/en\/wp-json\/wp\/v2\/users\/1"}],"replies":[{"embeddable":true,"href":"https:\/\/www.fotografiska.ee\/en\/wp-json\/wp\/v2\/comments?post=6978"}],"version-history":[{"count":3,"href":"https:\/\/www.fotografiska.ee\/en\/wp-json\/wp\/v2\/pages\/6978\/revisions"}],"predecessor-version":[{"id":7097,"href":"https:\/\/www.fotografiska.ee\/en\/wp-json\/wp\/v2\/pages\/6978\/revisions\/7097"}],"wp:attachment":[{"href":"https:\/\/www.fotografiska.ee\/en\/wp-json\/wp\/v2\/media?parent=6978"}],"curies":[{"name":"wp","href":"https:\/\/api.w.org\/{rel}","templated":true}]}}